{"id":122,"date":"2012-08-29T13:10:54","date_gmt":"2012-08-29T19:10:54","guid":{"rendered":"https:\/\/elktonky.com\/wordpress\/?page_id=122"},"modified":"2025-08-07T11:23:04","modified_gmt":"2025-08-07T16:23:04","slug":"about","status":"publish","type":"page","link":"https:\/\/elktonky.com\/es\/about\/","title":{"rendered":"Acerca de"},"content":{"rendered":"<p>&nbsp;<\/p>\n<p><span style=\"color: #000000; font-family: georgia,palatino;\">\u00a1Le espera una c\u00e1lida bienvenida en Elkton y el condado de Todd, Kentucky! Elkton, la sede del condado, es el \u201ccoraz\u00f3n del condado de Todd\u201d, ya que se encuentra en el centro del condado a lo largo de la autopista 68\/80 y la autopista 181.<\/span><\/p>\n<p><span style=\"color: #000000; font-family: georgia,palatino;\">El Palacio de Justicia Hist\u00f3rico del Condado de Todd, construido en 1835 y uno de los palacios de justicia m\u00e1s antiguos del estado, est\u00e1 ubicado en el centro de Elkton y alberga el Centro de Bienvenida del Condado de Todd del Palacio de Justicia Hist\u00f3rico. Aseg\u00farese de hacer una parada para tomar una taza de caf\u00e9 reci\u00e9n hecho, mapas gratuitos y folletos sobre la zona. (El Centro de Bienvenida est\u00e1 cerrado durante los meses de enero y febrero).<\/span><\/p>\n<p><span style=\"color: #000000; font-family: georgia,palatino;\">El distrito hist\u00f3rico de Elkton en Public Square cuenta con 20 edificios en el Registro Nacional de Lugares Hist\u00f3ricos, que albergan varias empresas locales, incluidas tiendas de regalos, tiendas de antig\u00fcedades, cafeter\u00edas y restaurantes.  Visita el <strong><a href=\"https:\/\/elktonky.com\/es\/elkton-businesses\/\" target=\"_blank\" rel=\"noopener noreferrer\">P\u00e1gina de listado de empresas de Elkton<\/a> <\/strong>de lugares \u00fanicos para comprar y comer.<\/span><\/p>\n<p><span style=\"color: #000000; font-family: georgia,palatino;\">Otras comunidades cercanas en el condado de Todd tambi\u00e9n tienen una rica historia. El <span style=\"color: #0000ff;\"><strong><a href=\"http:\/\/parks.ky.gov\/findparks\/histparks\/jd\/\"><span style=\"color: #0000ff;\">Sitio hist\u00f3rico estatal del monumento a Jefferson Davis<\/span><\/a><\/strong><\/span> Est\u00e1 ubicado en Fairview. Adem\u00e1s, el hogar del primer poeta laureado de Estados Unidos, <span style=\"color: #0000ff;\"><strong><a href=\"http:\/\/www.robertpennwarren.com\/birthpla.htm\"><span style=\"color: #0000ff;\">Museo Casa Natal de Robert Penn Warren<\/span><\/a><\/strong><\/span>, se encuentra justo al sur de Elkton en Guthrie, Kentucky. \u00a1Y todo el mundo conoce Helen&#039;s Place en Kirkmansville, donde todo el mundo va a cenar bagre y escuchar m\u00fasica los viernes por la noche!<\/span><\/p>\n<h3><span style=\"color: #000000; font-family: georgia,palatino;\"><em><strong>Historia <\/strong><\/em><\/span><\/h3>\n<div><span style=\"color: #000000; font-family: georgia,palatino;\">En 1819, el operador de diligencias, el mayor John Gray, don\u00f3 un terreno para la ciudad de Elkton. En 1820, se estableci\u00f3 Elkton y, debido a que estaba ubicado en el centro del condado de Todd, el Mayor Gray cre\u00eda que deber\u00eda ser la sede del condado. El plan de Gray requer\u00eda que la ciudad irradiara desde un cuadrado de dos acres. En 1835 se construy\u00f3 un palacio de justicia en el centro de esta plaza. El \u201cOld Courthouse\u201d es el segundo palacio de justicia m\u00e1s antiguo del estado. Este monumento, que sigue siendo la pieza central de la ciudad, se alza con orgullo para dar la bienvenida a todos los que ingresan a nuestra c\u00e1lida y amigable comunidad. Hoy, Elkton es una peque\u00f1a comunidad de aproximadamente 2,062 ciudadanos. Elkton es una ciudad de ritmo lento con todas las ventajas de estar cerca de ciudades m\u00e1s grandes. Puede estar en el centro de Nashville, Tennessee o Bowling Green, Kentucky en poco menos de una hora, mientras que Clarksville, Tennessee y Hopkinsville, Kentucky est\u00e1n a unos 20 minutos.<\/span><\/div>\n<h3><span style=\"color: #000000; font-family: georgia,palatino;\"><em><strong>Recreaci\u00f3n<\/strong><\/em><\/span><\/h3>\n<div>\n<figure id=\"attachment_127\" aria-describedby=\"caption-attachment-127\" style=\"width: 300px\" class=\"wp-caption alignright\"><img loading=\"lazy\" decoding=\"async\" class=\"wp-image-127\" title=\"129587702273354517\" src=\"https:\/\/elktonky.com\/wordpress\/wp-content\/uploads\/2012\/08\/129587702273354517-300x224.jpg\" alt=\"\" width=\"300\" height=\"224\" \/><figcaption id=\"caption-attachment-127\" class=\"wp-caption-text\"><span style=\"color: #000000; font-family: georgia,palatino;\">Parque estatal Lake Barkley<\/span><\/figcaption><\/figure>\n<p><span style=\"color: #000000; font-family: georgia,palatino;\">Elkton tambi\u00e9n est\u00e1 muy bendecido con muchas instalaciones recreativas cercanas. A veinte millas de Elkton se encuentra <span style=\"color: #0000ff;\"><strong><a href=\"http:\/\/parks.ky.gov\/stateparks\/lm\/index.htm\"><span style=\"color: #0000ff;\">Parque Estatal del Lago Malone<\/span><\/a><\/strong><\/span> con Shady Cliff Resort y Marina. Elkton tambi\u00e9n se encuentra a setenta millas de <span style=\"color: #0000ff;\"><strong><a href=\"http:\/\/parks.ky.gov\/resortparks\/kl\/\"><span style=\"color: #0000ff;\">Parque estatal Kenlake Resort<\/span><\/a><\/strong>, <strong><a href=\"http:\/\/parks.ky.gov\/resortparks\/lb\/index.htm\"><span style=\"color: #0000ff;\">Parque estatal Lake Barkley<\/span><\/a><\/strong> <\/span>(en la foto a la derecha) y la Tierra entre los Lagos. Muchos de estos parques estatales cercanos tienen campos de golf recientemente renovados que se encuentran entre los mejores del estado. Las ciudades de Bowling Green, Kentucky (60 millas), Clarksville, Tennessee (20 millas) y Nashville, Tennessee (73 millas) ofrecen numerosas atracciones culturales.<\/span><\/p>\n<\/div>\n<h3><span style=\"color: #000000; font-family: georgia,palatino;\">\u00a0<em><strong>Clima<\/strong><\/em><\/span><\/h3>\n<p><span style=\"font-family: georgia,palatino;\"><span style=\"color: #000000;\">Temperatura promedio diaria: 59.10\u00b0F<\/span><\/span><br \/>\n<span style=\"color: #000000; font-family: georgia,palatino;\"> Precipitaci\u00f3n promedio anual: 47.30 pulgadas<\/span><br \/>\n<span style=\"color: #000000; font-family: georgia,palatino;\"> Nevadas anuales promedio: 10,10 pulgadas<\/span><br \/>\n<span style=\"color: #000000; font-family: georgia,palatino;\"> Mes r\u00e9cord m\u00e1s alto: julio de 1952, temperatura promedio: 107,00 \u00b0F<\/span><br \/>\n<span style=\"color: #000000; font-family: georgia,palatino;\"> Mes r\u00e9cord m\u00e1s bajo: enero de 1985, temperatura promedio: -17.00 \u00b0F<\/span><\/p>\n<div>\n<h3><span style=\"font-family: georgia,palatino;\"><span style=\"color: #000000;\">\u00a0<\/span><span style=\"color: #000000;\"><em><strong>Instalaciones del aeropuerto<\/strong><\/em><\/span><\/span><\/h3>\n<p><span style=\"color: #000000; font-family: georgia,palatino;\">Standard Field est\u00e1 ubicado aproximadamente a media milla al suroeste de Elkton. La pista de c\u00e9sped tiene 3500 pies y el \u00fanico control de tr\u00e1fico es una manga de viento. No hay iluminaci\u00f3n en Standard Field. Standard Field est\u00e1 clasificado como un \u201caeropuerto de servicios b\u00e1sicos\u201d, lo que se refiere a aeropuertos dise\u00f1ados para manejar aviones monomotor y bimotores ligeros propulsados por h\u00e9lice. El aeropuerto ser\u00e1 dise\u00f1ado y mejorado para recibir 16 aviones con base.<\/span><\/p>\n<\/div>\n<p>&nbsp;<\/p>","protected":false},"excerpt":{"rendered":"<p>&nbsp; \u00a1Le espera una c\u00e1lida bienvenida en Elkton y el condado de Todd, Kentucky! \u2026<br \/><a class=\"moretag\" href=\"https:\/\/elktonky.com\/es\/about\/\">Leer m\u00e1s &quot;<\/a><\/p>","protected":false},"author":1,"featured_media":0,"parent":0,"menu_order":0,"comment_status":"open","ping_status":"open","template":"","meta":{"_price":"","_stock":"","_tribe_ticket_header":"","_tribe_default_ticket_provider":"TEC\\Tickets\\Commerce\\Module","_tribe_ticket_capacity":"0","_ticket_start_date":"","_ticket_end_date":"","_tribe_ticket_show_description":"","_tribe_ticket_show_not_going":false,"_tribe_ticket_use_global_stock":"","_tribe_ticket_global_stock_level":"","_global_stock_mode":"","_global_stock_cap":"","_tribe_rsvp_for_event":"","_tribe_ticket_going_count":"","_tribe_ticket_not_going_count":"","_tribe_tickets_list":"[]","_tribe_ticket_has_attendee_info_fields":false,"footnotes":"","_tec_slr_enabled":"","_tec_slr_layout":""},"class_list":["post-122","page","type-page","status-publish","hentry"],"ams_acf":[],"ticketed":false,"_links":{"self":[{"href":"https:\/\/elktonky.com\/es\/wp-json\/wp\/v2\/pages\/122","targetHints":{"allow":["GET"]}}],"collection":[{"href":"https:\/\/elktonky.com\/es\/wp-json\/wp\/v2\/pages"}],"about":[{"href":"https:\/\/elktonky.com\/es\/wp-json\/wp\/v2\/types\/page"}],"author":[{"embeddable":true,"href":"https:\/\/elktonky.com\/es\/wp-json\/wp\/v2\/users\/1"}],"replies":[{"embeddable":true,"href":"https:\/\/elktonky.com\/es\/wp-json\/wp\/v2\/comments?post=122"}],"version-history":[{"count":2,"href":"https:\/\/elktonky.com\/es\/wp-json\/wp\/v2\/pages\/122\/revisions"}],"predecessor-version":[{"id":11530,"href":"https:\/\/elktonky.com\/es\/wp-json\/wp\/v2\/pages\/122\/revisions\/11530"}],"wp:attachment":[{"href":"https:\/\/elktonky.com\/es\/wp-json\/wp\/v2\/media?parent=122"}],"curies":[{"name":"wp","href":"https:\/\/api.w.org\/{rel}","templated":true}]}}