{"id":131,"date":"2012-08-31T12:41:03","date_gmt":"2012-08-31T18:41:03","guid":{"rendered":"https:\/\/elktonky.com\/wordpress\/?page_id=131"},"modified":"2023-01-17T15:33:24","modified_gmt":"2023-01-17T21:33:24","slug":"mayor","status":"publish","type":"page","link":"https:\/\/elktonky.com\/es\/mayor\/","title":{"rendered":"Alcalde"},"content":{"rendered":"<p>&nbsp;<\/p>\n<p style=\"text-align: left;\"><span style=\"font-family: georgia, palatino, serif; font-size: 12pt; color: #000000;\"><strong><a href=\"https:\/\/elktonky.com\/wp-content\/uploads\/2019\/02\/Arthur-Green-aIMG_8403.jpg\"><img loading=\"lazy\" decoding=\"async\" class=\"size-medium wp-image-4763 alignleft\" src=\"https:\/\/elktonky.com\/wp-content\/uploads\/2019\/02\/Arthur-Green-aIMG_8403-221x300.jpg\" alt=\"\" width=\"221\" height=\"300\" srcset=\"https:\/\/elktonky.com\/wp-content\/uploads\/2019\/02\/Arthur-Green-aIMG_8403-221x300.jpg 221w, https:\/\/elktonky.com\/wp-content\/uploads\/2019\/02\/Arthur-Green-aIMG_8403-756x1024.jpg 756w, https:\/\/elktonky.com\/wp-content\/uploads\/2019\/02\/Arthur-Green-aIMG_8403-768x1040.jpg 768w, https:\/\/elktonky.com\/wp-content\/uploads\/2019\/02\/Arthur-Green-aIMG_8403-1134x1536.jpg 1134w, https:\/\/elktonky.com\/wp-content\/uploads\/2019\/02\/Arthur-Green-aIMG_8403-1512x2048.jpg 1512w, https:\/\/elktonky.com\/wp-content\/uploads\/2019\/02\/Arthur-Green-aIMG_8403.jpg 1568w\" sizes=\"auto, (max-width: 221px) 100vw, 221px\" \/><\/a>Arturo Verde<\/strong> comenz\u00f3 a desempe\u00f1ar su primer mandato como alcalde de Elkton el 1 de enero de 2019 y actualmente cumple un segundo mandato de cuatro a\u00f1os que expira el 31 de diciembre de 2026. Asisti\u00f3 a la Universidad Estatal de Murray y obtuvo una licenciatura y una maestr\u00eda en Ciencias Agr\u00edcolas con \u00e9nfasis en educaci\u00f3n. Comenz\u00f3 a ense\u00f1ar en Todd Central High School en 1973, ense\u00f1\u00f3 educaci\u00f3n agr\u00edcola y se desempe\u00f1\u00f3 como asesor de la FFA hasta 2006. Mientras estuvo en Todd Central, promovi\u00f3 la necesidad de que los estudiantes establecieran metas y obtuvieran habilidades para su futuro, ya sea a trav\u00e9s de una universidad, una escuela t\u00e9cnica o o capacitaci\u00f3n laboral para obtener el \u00e9xito. Contin\u00faa apoyando los esfuerzos de las escuelas del condado de Todd para preparar a nuestros estudiantes para el \u00e9xito.<\/span><\/p>\n<p><span style=\"font-family: georgia, palatino, serif; font-size: 12pt; color: #000000;\">Desde 2006, ha seguido sirviendo a los ciudadanos del condado de Todd, cumpliendo un mandato como juez ejecutivo del condado, sirviendo en la Junta de Salud del condado de Todd y apoyando al Centro para personas mayores. Participa activamente en la Iglesia Bautista Elkton, sirviendo como maestro de escuela dominical, di\u00e1cono y moderador. Contin\u00faa sirviendo a la FFA en Kentucky como miembro de la Junta de la Fundaci\u00f3n y presidente de la Asociaci\u00f3n de Antiguos Alumnos de la FFA de Kentucky. Arthur cree que el servicio es una obligaci\u00f3n de todos los ciudadanos para hacer de Elkton y el condado de Todd un excelente lugar para vivir y trabajar.<\/span><\/p>\n<p><span style=\"font-family: georgia, palatino, serif; font-size: 12pt; color: #000000;\">Como alcalde, quiere que todos los ciudadanos participen activamente en la mejora de las vidas de nuestros ciudadanos.<\/span><\/p>\n<p><span style=\"font-size: 12pt;\"><span style=\"font-family: georgia, palatino, serif; color: #000000;\">Puede comunicarse con \u00e9l en City Hall, 71 Public Square, al 270.265.9877 o por correo electr\u00f3nico a <\/span><span style=\"color: #000000;\"><span style=\"font-family: georgia,palatino;\"><span style=\"color: #0000ff;\"><a href=\"mailto:agreen@elktonky.com\"><span style=\"color: #0000ff;\">agreen@elktonky.com<\/span><\/a><\/span>.<\/span><\/span><\/span><\/p>\n<p>&nbsp;<\/p>\n<p><strong><span style=\"color: #0000ff;\"><a style=\"color: #0000ff;\" href=\"https:\/\/elktonky.com\/es\/mayor\/mayors-newsletter\/\">P\u00e1gina del bolet\u00edn informativo de la ventana superior del alcalde<\/a><\/span><\/strong><\/p>","protected":false},"excerpt":{"rendered":"<p>&nbsp; Arthur Green comenz\u00f3 a cumplir su primer mandato como alcalde de Elkton...<br \/><a class=\"moretag\" href=\"https:\/\/elktonky.com\/es\/mayor\/\">Leer m\u00e1s &quot;<\/a><\/p>","protected":false},"author":1,"featured_media":236,"parent":0,"menu_order":0,"comment_status":"open","ping_status":"open","template":"","meta":{"_price":"","_stock":"","_tribe_ticket_header":"","_tribe_default_ticket_provider":"","_tribe_ticket_capacity":"0","_ticket_start_date":"","_ticket_end_date":"","_tribe_ticket_show_description":"","_tribe_ticket_show_not_going":false,"_tribe_ticket_use_global_stock":"","_tribe_ticket_global_stock_level":"","_global_stock_mode":"","_global_stock_cap":"","_tribe_rsvp_for_event":"","_tribe_ticket_going_count":"","_tribe_ticket_not_going_count":"","_tribe_tickets_list":"[]","_tribe_ticket_has_attendee_info_fields":false,"footnotes":"","_tec_slr_enabled":"","_tec_slr_layout":""},"class_list":["post-131","page","type-page","status-publish","has-post-thumbnail","hentry"],"ams_acf":[],"ticketed":false,"_links":{"self":[{"href":"https:\/\/elktonky.com\/es\/wp-json\/wp\/v2\/pages\/131","targetHints":{"allow":["GET"]}}],"collection":[{"href":"https:\/\/elktonky.com\/es\/wp-json\/wp\/v2\/pages"}],"about":[{"href":"https:\/\/elktonky.com\/es\/wp-json\/wp\/v2\/types\/page"}],"author":[{"embeddable":true,"href":"https:\/\/elktonky.com\/es\/wp-json\/wp\/v2\/users\/1"}],"replies":[{"embeddable":true,"href":"https:\/\/elktonky.com\/es\/wp-json\/wp\/v2\/comments?post=131"}],"version-history":[{"count":2,"href":"https:\/\/elktonky.com\/es\/wp-json\/wp\/v2\/pages\/131\/revisions"}],"predecessor-version":[{"id":9918,"href":"https:\/\/elktonky.com\/es\/wp-json\/wp\/v2\/pages\/131\/revisions\/9918"}],"wp:featuredmedia":[{"embeddable":true,"href":"https:\/\/elktonky.com\/es\/wp-json\/wp\/v2\/media\/236"}],"wp:attachment":[{"href":"https:\/\/elktonky.com\/es\/wp-json\/wp\/v2\/media?parent=131"}],"curies":[{"name":"wp","href":"https:\/\/api.w.org\/{rel}","templated":true}]}}