{"id":1336,"date":"2014-06-10T15:09:52","date_gmt":"2014-06-10T21:09:52","guid":{"rendered":"https:\/\/elktonky.com\/?page_id=1336"},"modified":"2025-04-17T13:51:40","modified_gmt":"2025-04-17T18:51:40","slug":"finance","status":"publish","type":"page","link":"https:\/\/elktonky.com\/es\/departments-2\/finance\/","title":{"rendered":"Finanzas"},"content":{"rendered":"<p>&nbsp;<\/p>\n<h3><span style=\"color: #000000;\">Presupuestos anuales<\/span><\/h3>\n<p>&nbsp;<\/p>\n<p><strong>FYE 30 de junio de 2025<\/strong><\/p>\n<ul>\n<li><span style=\"color: #0000ff;\"><a style=\"color: #0000ff;\" href=\"https:\/\/elktonky.com\/wp-content\/uploads\/2024\/05\/FYE-June-30-2025-Budget-Message-FINAL.pdf\" target=\"_blank\" rel=\"noopener\">Mensaje presupuestario del 30 de junio de 2025 para el a\u00f1o fiscal fiscal 2025<\/a><\/span><\/li>\n<li><a href=\"https:\/\/elktonky.com\/wp-content\/uploads\/2025\/04\/FYE-Budget-2025-Budget-Breakdown.pdf\" target=\"_blank\" rel=\"noopener\">FYE Budget 2025 Budget Breakdown<\/a><\/li>\n<\/ul>\n<p>&nbsp;<\/p>\n<p><strong>A\u00f1o fiscal 30 de junio de 2024<\/strong><\/p>\n<ul>\n<li><span style=\"color: #0000ff;\"><a style=\"color: #0000ff;\" href=\"https:\/\/elktonky.com\/wp-content\/uploads\/2023\/08\/2023-08-FY2024-Budget-Ordinance-Scan.pdf\" target=\"_blank\" rel=\"noopener\">Ordenanza de adopci\u00f3n del presupuesto para el a\u00f1o fiscal 2024<\/a><\/span><\/li>\n<li><span style=\"color: #0000ff;\"><a style=\"color: #0000ff;\" href=\"https:\/\/elktonky.com\/wp-content\/uploads\/2023\/08\/FYE-Budget-2024-Budget-Breakdown.pdf\" target=\"_blank\" rel=\"noopener\">Desglose del presupuesto para el a\u00f1o fiscal 2024<\/a><\/span><\/li>\n<li><span style=\"color: #0000ff;\"><a style=\"color: #0000ff;\" href=\"https:\/\/elktonky.com\/wp-content\/uploads\/2023\/08\/Budget-Message-2023-Signed.pdf\" target=\"_blank\" rel=\"noopener\">Mensaje Presupuestario 2023<\/a><\/span><\/li>\n<\/ul>\n<p>&nbsp;<\/p>\n<p><strong>FYE 30 de junio de 2023<\/strong><\/p>\n<ul>\n<li><span style=\"color: #0000ff;\"><a style=\"color: #0000ff;\" href=\"https:\/\/elktonky.com\/wp-content\/uploads\/2023\/08\/2023-09-Budget-Amendment-Final-FY2023-Scan.pdf\" target=\"_blank\" rel=\"noopener\">Ordenanza de enmienda del presupuesto para el a\u00f1o fiscal 2023 (presupuesto final)<\/a><\/span><\/li>\n<li><span style=\"color: #0000ff;\"><a style=\"color: #0000ff;\" href=\"https:\/\/elktonky.com\/wp-content\/uploads\/2023\/08\/FYE-Budget-2023-Amend-2-Final.pdf\" target=\"_blank\" rel=\"noopener\">Desglose de la enmienda presupuestaria del a\u00f1o fiscal 2023 (presupuesto final)<\/a><\/span><\/li>\n<li><span style=\"color: #0000ff;\"><a style=\"color: #0000ff;\" href=\"https:\/\/elktonky.com\/wp-content\/uploads\/2022\/08\/2022-08-FY2023-Budget-Ordinance.pdf\" target=\"_blank\" rel=\"noopener\">Ordenanza de adopci\u00f3n del presupuesto para el a\u00f1o fiscal 2023<\/a><\/span><\/li>\n<li><span style=\"color: #0000ff;\"><a style=\"color: #0000ff;\" href=\"https:\/\/elktonky.com\/wp-content\/uploads\/2022\/08\/FYE-Budget-2023-Breakdown.pdf\" target=\"_blank\" rel=\"noopener\">Desglose del presupuesto para el a\u00f1o fiscal 2023<\/a><\/span><\/li>\n<li><span style=\"color: #0000ff;\"><a style=\"color: #0000ff;\" href=\"https:\/\/elktonky.com\/wp-content\/uploads\/2022\/08\/Budget-Message-2023.pdf\" target=\"_blank\" rel=\"noopener\">Mensaje Presupuestario 2023<\/a><\/span><\/li>\n<\/ul>\n<p>&nbsp;<\/p>\n<p><strong>A\u00f1o fiscal 30 de junio de 2022<\/strong><\/p>\n<ul>\n<li><span style=\"color: #0000ff;\"><a style=\"color: #0000ff;\" href=\"https:\/\/elktonky.com\/wp-content\/uploads\/2022\/08\/2022-09-Budget-Amendment-FY2022.pdf\" target=\"_blank\" rel=\"noopener\">Ordenanza de enmienda del presupuesto para el a\u00f1o fiscal 2022 (presupuesto final)<\/a><\/span><\/li>\n<li><span style=\"color: #0000ff;\"><a style=\"color: #0000ff;\" href=\"https:\/\/elktonky.com\/wp-content\/uploads\/2022\/08\/FYE-Budget-2022-Amendment-FINAL.pdf\" target=\"_blank\" rel=\"noopener\">Desglose de las modificaciones presupuestarias del a\u00f1o fiscal 2022 (presupuesto final)<\/a><\/span><\/li>\n<li><span style=\"color: #0000ff;\"><a style=\"color: #0000ff;\" href=\"https:\/\/elktonky.com\/wp-content\/uploads\/2022\/02\/2021-06-FY2022-Budget-Ordinance.pdf\" target=\"_blank\" rel=\"noopener\">Ordenanza de adopci\u00f3n del presupuesto para el a\u00f1o fiscal 2022<\/a><\/span><\/li>\n<li><span style=\"color: #0000ff;\"><a style=\"color: #0000ff;\" href=\"https:\/\/elktonky.com\/wp-content\/uploads\/2022\/02\/FYE-Budget-2022.pdf\" target=\"_blank\" rel=\"noopener\">Desglose del presupuesto para el a\u00f1o fiscal 2022<\/a><\/span><\/li>\n<li><span style=\"color: #0000ff;\"><a style=\"color: #0000ff;\" href=\"https:\/\/elktonky.com\/wp-content\/uploads\/2021\/05\/Budget-Message-2022.pdf\" target=\"_blank\" rel=\"noopener\">Mensaje Presupuestario 2022<\/a><\/span><\/li>\n<\/ul>\n<p>&nbsp;<\/p>\n<p><strong>A\u00f1o fiscal 30 de junio de 2021<\/strong><\/p>\n<ul>\n<li><span style=\"color: #0000ff;\"><a style=\"color: #0000ff;\" href=\"https:\/\/elktonky.com\/wp-content\/uploads\/2022\/02\/2021-05-Budget-Amendment-FY2021.pdf\" target=\"_blank\" rel=\"noopener\">Ordenanza de enmienda del presupuesto para el a\u00f1o fiscal 2021 (presupuesto final)<\/a><\/span><\/li>\n<li><span style=\"color: #0000ff;\"><a style=\"color: #0000ff;\" href=\"https:\/\/elktonky.com\/wp-content\/uploads\/2022\/02\/FYE-Budget-2021-Amendment-2-FINAL.pdf\" target=\"_blank\" rel=\"noopener\">Desglose de la enmienda presupuestaria del a\u00f1o fiscal 2021 (presupuesto final)<\/a><\/span><\/li>\n<li><span style=\"color: #0000ff;\"><a style=\"color: #0000ff;\" href=\"https:\/\/elktonky.com\/wp-content\/uploads\/2021\/05\/FYE-Budget-2021-Amendment-Breakdown.pdf\" target=\"_blank\" rel=\"noopener\">Desglose de la enmienda presupuestaria del a\u00f1o fiscal 2021<\/a><\/span><\/li>\n<li><span style=\"color: #0000ff;\"><a style=\"color: #0000ff;\" href=\"https:\/\/elktonky.com\/wp-content\/uploads\/2020\/07\/2020-05-FY2021-Budget-Ordinance-Full.pdf\" target=\"_blank\" rel=\"noopener noreferrer\">Ordenanza de adopci\u00f3n del presupuesto para el a\u00f1o fiscal 2021<\/a><\/span><\/li>\n<li><span style=\"color: #0000ff;\"><a style=\"color: #0000ff;\" href=\"https:\/\/elktonky.com\/wp-content\/uploads\/2020\/07\/FYE-Budget-2021.pdf\" target=\"_blank\" rel=\"noopener noreferrer\">Desglose del presupuesto para el a\u00f1o fiscal 2021<\/a><\/span><\/li>\n<li><span style=\"color: #0000ff;\"><a style=\"color: #0000ff;\" href=\"https:\/\/elktonky.com\/wp-content\/uploads\/2020\/07\/Budget-Message-2021.pdf\" target=\"_blank\" rel=\"noopener noreferrer\">Mensaje Presupuestario 2021<\/a><\/span><\/li>\n<\/ul>\n<p>&nbsp;<\/p>\n<p><strong>FYE 30 de junio de 2020<\/strong><\/p>\n<ul>\n<li><span style=\"color: #0000ff;\"><a style=\"color: #0000ff;\" href=\"https:\/\/elktonky.com\/wp-content\/uploads\/2020\/07\/2020-04-Budget-Amendment-FY2020-Ordinance-Full.pdf\" target=\"_blank\" rel=\"noopener noreferrer\">Ordenanza de enmienda del presupuesto para el a\u00f1o fiscal 2020 (presupuesto final)<\/a><\/span><\/li>\n<li><span style=\"color: #0000ff;\"><a style=\"color: #0000ff;\" href=\"https:\/\/elktonky.com\/wp-content\/uploads\/2020\/07\/FYE-Budget-2020-Amendment.pdf\" target=\"_blank\" rel=\"noopener noreferrer\">Desglose de las enmiendas al presupuesto del a\u00f1o fiscal 2020 (presupuesto final)<\/a><\/span><\/li>\n<li><span style=\"color: #0000ff;\"><a style=\"color: #0000ff;\" href=\"https:\/\/elktonky.com\/wp-content\/uploads\/2019\/12\/2019-07-Budget-Ordinance-FY2020.pdf\" target=\"_blank\" rel=\"noopener noreferrer\">Ordenanza de adopci\u00f3n del presupuesto para el a\u00f1o fiscal 2020<\/a><\/span><\/li>\n<li><span style=\"color: #0000ff;\"><a style=\"color: #0000ff;\" href=\"https:\/\/elktonky.com\/wp-content\/uploads\/2019\/12\/FYE-Budget-2020.pdf\">Desglose del presupuesto para el a\u00f1o fiscal 2020<\/a><\/span><\/li>\n<li><span style=\"color: #0000ff;\"><a style=\"color: #0000ff;\" href=\"https:\/\/elktonky.com\/wp-content\/uploads\/2019\/12\/Budget-Message-2020.pdf\">Mensaje Presupuesto 2020<\/a><\/span><\/li>\n<\/ul>\n<p>&nbsp;<\/p>\n<p><strong>FYE 30 de junio de 2019<\/strong><\/p>\n<ul>\n<li><span style=\"color: #0000ff;\"><a style=\"color: #0000ff;\" href=\"https:\/\/elktonky.com\/wp-content\/uploads\/2019\/12\/2019-08-Budget-Amendment-FY2019.pdf\" target=\"_blank\" rel=\"noopener noreferrer\">Ordenanza de enmienda del presupuesto para el a\u00f1o fiscal 2019 (presupuesto final)<\/a><\/span><\/li>\n<li><span style=\"color: #0000ff;\"><a style=\"color: #0000ff;\" href=\"https:\/\/elktonky.com\/wp-content\/uploads\/2019\/12\/FYE-Budget-2019-Amendment.pdf\" target=\"_blank\" rel=\"noopener noreferrer\">Desglose de las enmiendas al presupuesto del a\u00f1o fiscal 2019 (presupuesto final)<\/a><\/span><\/li>\n<li><span style=\"color: #0000ff;\"><a style=\"color: #0000ff;\" href=\"https:\/\/elktonky.com\/wp-content\/uploads\/2018\/08\/2018-06-FY2019-Budget-Ordinance.pdf\" target=\"_blank\" rel=\"noopener noreferrer\">Ordenanza de adopci\u00f3n del presupuesto para el a\u00f1o fiscal 2019<\/a><\/span><\/li>\n<li><span style=\"color: #0000ff;\"><a style=\"color: #0000ff;\" href=\"https:\/\/elktonky.com\/wp-content\/uploads\/2018\/08\/FYE-Budget-2019-Breakdown.pdf\" target=\"_blank\" rel=\"noopener noreferrer\">Desglose del presupuesto para el a\u00f1o fiscal 2019<\/a><\/span><\/li>\n<li><span style=\"color: #0000ff;\"><a style=\"color: #0000ff;\" href=\"https:\/\/elktonky.com\/wp-content\/uploads\/2018\/08\/Budget-Message-2019.pdf\" target=\"_blank\" rel=\"noopener noreferrer\">Mensaje Presupuesto 2019<\/a><\/span><\/li>\n<\/ul>\n<p>&nbsp;<\/p>\n<p><strong>FYE 30 de junio de 2018<\/strong><\/p>\n<ul>\n<li><span style=\"color: #0000ff;\"><a style=\"color: #0000ff;\" href=\"https:\/\/elktonky.com\/wp-content\/uploads\/2018\/08\/2018-05-Budget-Amendment-FY2018.pdf\" target=\"_blank\" rel=\"noopener noreferrer\">Ordenanza de enmienda del presupuesto para el a\u00f1o fiscal 2018 (presupuesto final)<\/a><\/span><\/li>\n<li><span style=\"color: #0000ff;\"><a style=\"color: #0000ff;\" href=\"https:\/\/elktonky.com\/wp-content\/uploads\/2018\/08\/FYE-Budget-2018-Amendment-Breakdown.pdf\" target=\"_blank\" rel=\"noopener noreferrer\">Desglose de las enmiendas al presupuesto del a\u00f1o fiscal 2018 (presupuesto final)<\/a><\/span><\/li>\n<li><span style=\"color: #0000ff;\"><a style=\"color: #0000ff;\" href=\"https:\/\/elktonky.com\/wordpress\/wp-content\/uploads\/2014\/06\/2017-07-FY2018-Budget-Ordinance.pdf\" target=\"_blank\" rel=\"noopener noreferrer\">Ordenanza de adopci\u00f3n del presupuesto para el a\u00f1o fiscal 2018<\/a><\/span><\/li>\n<li><span style=\"color: #0000ff;\"><a style=\"color: #0000ff;\" href=\"https:\/\/elktonky.com\/wordpress\/wp-content\/uploads\/2014\/06\/FYE-Budget-2018-Breakdown.pdf\" target=\"_blank\" rel=\"noopener noreferrer\">Desglose del presupuesto del a\u00f1o fiscal 2018<\/a><\/span><\/li>\n<li><span style=\"color: #0000ff;\"><a style=\"color: #0000ff;\" href=\"https:\/\/elktonky.com\/wordpress\/wp-content\/uploads\/2014\/06\/Budget-Message-2018.pdf\" target=\"_blank\" rel=\"noopener noreferrer\">Mensaje Presupuestario 2018<\/a><\/span><\/li>\n<\/ul>\n<p>&nbsp;<\/p>\n<p><strong>FYE 30 de junio de 2017<\/strong><\/p>\n<ul>\n<li><span style=\"color: #3366ff;\"><a style=\"color: #3366ff;\" href=\"https:\/\/elktonky.com\/wordpress\/wp-content\/uploads\/2017\/11\/2017-06-FY-2017-Budget-Amendment.pdf\" target=\"_blank\" rel=\"noopener noreferrer\">Ordenanza de enmienda del presupuesto para el a\u00f1o fiscal 2017 (presupuesto final)<\/a><\/span><\/li>\n<li><span style=\"color: #3366ff;\"><a style=\"color: #3366ff;\" href=\"https:\/\/elktonky.com\/wordpress\/wp-content\/uploads\/2017\/11\/FYE-Budget-2017-Amendment-Breakdown.pdf\" target=\"_blank\" rel=\"noopener noreferrer\">Desglose de las enmiendas al presupuesto del a\u00f1o fiscal 2017 (presupuesto final)<\/a><\/span><\/li>\n<li><span style=\"color: #0000ff;\"><a style=\"color: #0000ff;\" href=\"https:\/\/elktonky.com\/wordpress\/wp-content\/uploads\/2014\/06\/2016-09-FY2017-Budget-Ordinance.pdf\" target=\"_blank\" rel=\"noopener noreferrer\">Ordenanza de adopci\u00f3n del presupuesto para el a\u00f1o fiscal 2017<\/a><\/span><\/li>\n<li><span style=\"color: #0000ff;\"><a style=\"color: #0000ff;\" href=\"https:\/\/elktonky.com\/wordpress\/wp-content\/uploads\/2014\/06\/FYE-Budget-2017-Breakdown.pdf\" target=\"_blank\" rel=\"noopener noreferrer\">Desglose del presupuesto del a\u00f1o fiscal 2017<\/a><\/span><\/li>\n<li><span style=\"color: #0000ff;\"><a style=\"color: #0000ff;\" href=\"https:\/\/elktonky.com\/wordpress\/wp-content\/uploads\/2014\/06\/Budget-Message-2017.pdf\" target=\"_blank\" rel=\"noopener noreferrer\">Mensaje Presupuestario 2017<\/a><\/span><\/li>\n<\/ul>\n<p>&nbsp;<\/p>\n<p><span style=\"color: #000000;\"><strong>FYE 30 de junio de 2016<\/strong><\/span><\/p>\n<ul>\n<li><span style=\"color: #0000ff;\"><a style=\"color: #0000ff;\" href=\"https:\/\/elktonky.com\/wordpress\/wp-content\/uploads\/2014\/06\/2016-05-FY-2016-Budget-Amendment.pdf\" target=\"_blank\" rel=\"noopener noreferrer\">Ordenanza de enmienda del presupuesto para el a\u00f1o fiscal 2016 (presupuesto final)<\/a><\/span><\/li>\n<li><span style=\"color: #0000ff;\"><a style=\"color: #0000ff;\" href=\"https:\/\/elktonky.com\/wordpress\/wp-content\/uploads\/2014\/06\/FYE-Budget-2016-Amendment-Breakdown.pdf\" target=\"_blank\" rel=\"noopener noreferrer\">Desglose de las enmiendas al presupuesto del a\u00f1o fiscal 2016 (presupuesto final)<\/a><\/span><\/li>\n<li><span style=\"color: #0000ff;\"><a style=\"color: #0000ff;\" href=\"https:\/\/elktonky.com\/wordpress\/wp-content\/uploads\/2014\/06\/FY2016-Budget-Adoption-Ordinance.pdf\" target=\"_blank\" rel=\"noopener noreferrer\">Ordenanza de adopci\u00f3n del presupuesto para el a\u00f1o fiscal 2016<\/a><\/span><\/li>\n<li><span style=\"color: #0000ff;\"><a style=\"color: #0000ff;\" href=\"https:\/\/elktonky.com\/wordpress\/wp-content\/uploads\/2014\/06\/FYE-Budget-2016.pdf\" target=\"_blank\" rel=\"noopener noreferrer\">Desglose del presupuesto del a\u00f1o fiscal 2016<\/a><\/span><\/li>\n<li><span style=\"color: #0000ff;\"><a style=\"color: #0000ff;\" href=\"https:\/\/elktonky.com\/wordpress\/wp-content\/uploads\/2014\/06\/Budget-Message-2016.pdf\" target=\"_blank\" rel=\"noopener noreferrer\">Mensaje Presupuestario 2016<\/a><\/span><\/li>\n<\/ul>\n<p>&nbsp;<\/p>\n<p><span style=\"color: #000000;\"><strong>FYE 30 de junio de 2015<\/strong><\/span><\/p>\n<ul>\n<li><span style=\"color: #0000ff;\"><a style=\"color: #0000ff;\" href=\"https:\/\/elktonky.com\/wordpress\/wp-content\/uploads\/2014\/06\/FY2015-Budget-Amendment-Ordinance.pdf\" target=\"_blank\" rel=\"noopener noreferrer\">Ordenanza de enmienda del presupuesto para el a\u00f1o fiscal 2015 (presupuesto final)<\/a><\/span><\/li>\n<li><span style=\"color: #0000ff;\"><a style=\"color: #0000ff;\" href=\"https:\/\/elktonky.com\/wordpress\/wp-content\/uploads\/2014\/06\/FYE-Budget-2015-Amendment.pdf\" target=\"_blank\" rel=\"noopener noreferrer\">Desglose de las enmiendas al presupuesto del a\u00f1o fiscal 2015 (presupuesto final)<\/a><\/span><\/li>\n<li><span style=\"color: #0000ff;\"><a style=\"color: #0000ff;\" href=\"https:\/\/elktonky.com\/wordpress\/wp-content\/uploads\/2014\/06\/FY2015-Budget-Adoption-Ordinance.pdf\" target=\"_blank\" rel=\"noopener noreferrer\">Ordenanza de adopci\u00f3n del presupuesto para el a\u00f1o fiscal 2015<\/a><\/span><\/li>\n<li><span style=\"color: #0000ff;\"><a style=\"color: #0000ff;\" href=\"https:\/\/elktonky.com\/wordpress\/wp-content\/uploads\/2014\/06\/FYE-Budget-2015.pdf\" target=\"_blank\" rel=\"noopener noreferrer\">Desglose del presupuesto del a\u00f1o fiscal 2015<\/a><\/span><\/li>\n<li><span style=\"color: #0000ff;\"><a style=\"color: #0000ff;\" href=\"https:\/\/elktonky.com\/wordpress\/wp-content\/uploads\/2014\/06\/Budget-Message-2015.pdf\" target=\"_blank\" rel=\"noopener noreferrer\">Mensaje Presupuestario 2015<\/a><\/span><\/li>\n<\/ul>\n<p>&nbsp;<\/p>\n<p><span style=\"color: #000000;\"><strong>FYE 30 de junio de 2014<\/strong><\/span><\/p>\n<ul>\n<li><span style=\"color: #0000ff;\"><a style=\"color: #0000ff;\" href=\"https:\/\/elktonky.com\/wordpress\/wp-content\/uploads\/2014\/06\/FY2014-Budget-Amendment-Ordinance.pdf\" target=\"_blank\" rel=\"noopener noreferrer\">Ordenanza de enmienda del presupuesto para el a\u00f1o fiscal 2014 (presupuesto final)<\/a><\/span><\/li>\n<li><span style=\"color: #0000ff;\"><a style=\"color: #0000ff;\" href=\"https:\/\/elktonky.com\/wordpress\/wp-content\/uploads\/2014\/06\/FYE-Budget-2014-Amendment.pdf\" target=\"_blank\" rel=\"noopener noreferrer\">Desglose de las enmiendas al presupuesto del a\u00f1o fiscal 2014 (presupuesto final)<\/a><\/span><\/li>\n<li><span style=\"color: #0000ff;\"><a style=\"color: #0000ff;\" href=\"https:\/\/elktonky.com\/wordpress\/wp-content\/uploads\/2014\/06\/FY2014-Budget-Adoption-Ordinance.pdf\" target=\"_blank\" rel=\"noopener noreferrer\">Ordenanza de adopci\u00f3n del presupuesto para el a\u00f1o fiscal 2014<\/a><\/span><\/li>\n<li><span style=\"color: #0000ff;\"><a style=\"color: #0000ff;\" href=\"https:\/\/elktonky.com\/wordpress\/wp-content\/uploads\/2014\/06\/FYE-Budget-2014.pdf\" target=\"_blank\" rel=\"noopener noreferrer\">Desglose del presupuesto del a\u00f1o fiscal 2014<\/a><\/span><\/li>\n<li><span style=\"color: #0000ff;\"><a style=\"color: #0000ff;\" href=\"https:\/\/elktonky.com\/wordpress\/wp-content\/uploads\/2014\/06\/Budget-Message-2014.pdf\" target=\"_blank\" rel=\"noopener noreferrer\">Mensaje Presupuestario 2014<\/a><\/span><\/li>\n<\/ul>\n<p>&nbsp;<\/p>\n<p><strong>FYE 30 de junio de 2013<\/strong><\/p>\n<ul>\n<li><span style=\"color: #0000ff;\"><a style=\"color: #0000ff;\" href=\"https:\/\/elktonky.com\/wordpress\/wp-content\/uploads\/2014\/06\/FY2013-Budget-Amendment-Ordinance.pdf\" target=\"_blank\" rel=\"noopener noreferrer\">Ordenanza de enmienda del presupuesto para el a\u00f1o fiscal 2013 (presupuesto final)<\/a><\/span><\/li>\n<li><span style=\"color: #0000ff;\"><a style=\"color: #0000ff;\" href=\"https:\/\/elktonky.com\/wordpress\/wp-content\/uploads\/2014\/06\/FYE-Budget-2013-Amendment.pdf\" target=\"_blank\" rel=\"noopener noreferrer\">Desglose de las enmiendas al presupuesto del a\u00f1o fiscal 2013 (presupuesto final)<\/a><\/span><\/li>\n<li><span style=\"color: #0000ff;\"><a style=\"color: #0000ff;\" href=\"https:\/\/elktonky.com\/wordpress\/wp-content\/uploads\/2014\/06\/FY2013-Budget-Adoption-Ordinance.pdf\" target=\"_blank\" rel=\"noopener noreferrer\">Ordenanza de adopci\u00f3n del presupuesto para el a\u00f1o fiscal 2013<\/a><\/span><\/li>\n<li><span style=\"color: #0000ff;\"><a style=\"color: #0000ff;\" href=\"https:\/\/elktonky.com\/wordpress\/wp-content\/uploads\/2014\/06\/FYE-Budget-2013.pdf\" target=\"_blank\" rel=\"noopener noreferrer\">Desglose del presupuesto del a\u00f1o fiscal 2013<\/a><\/span><\/li>\n<li><span style=\"color: #0000ff;\"><a style=\"color: #0000ff;\" href=\"https:\/\/elktonky.com\/wordpress\/wp-content\/uploads\/2014\/06\/Budget-Message-2013.pdf\" target=\"_blank\" rel=\"noopener noreferrer\">Mensaje Presupuestario 2013<\/a><\/span><\/li>\n<\/ul>\n<p>&nbsp;<\/p>\n<p>&nbsp;<\/p>\n<h3><span style=\"color: #000000;\">Auditor\u00edas Anuales<\/span><\/h3>\n<ul>\n<li><span style=\"font-size: 14pt;\"><strong><span style=\"color: #0000ff;\"><a style=\"color: #0000ff;\" href=\"https:\/\/elktonky.com\/wp-content\/uploads\/2024\/06\/City-of-Elkton-FY-2023-Final-Audit-Report.pdf\" target=\"_blank\" rel=\"noopener\">A\u00f1o fiscal 30 de junio de 2023 Estado financiero auditado<\/a><\/span><\/strong><\/span><\/li>\n<li><span style=\"font-size: 12pt;\"><a href=\"https:\/\/elktonky.com\/wp-content\/uploads\/2023\/02\/COE-063022-Final.pdf\" target=\"_blank\" rel=\"noopener\">A\u00f1o fiscal 30 de junio de 2022 Estado financiero auditado<\/a><\/span><\/li>\n<li><span style=\"font-size: 12pt;\"><span style=\"color: #0000ff;\"><a style=\"color: #0000ff;\" href=\"https:\/\/elktonky.com\/wp-content\/uploads\/2022\/02\/COE-063021-Final.pdf\" target=\"_blank\" rel=\"noopener\">A\u00f1o fiscal 30 de junio de 2021 Estado financiero auditado<\/a><\/span><\/span><\/li>\n<li><span style=\"color: #0000ff;\"><a style=\"color: #0000ff;\" href=\"https:\/\/elktonky.com\/wp-content\/uploads\/2021\/03\/City-of-Elkton-Final.pdf\" target=\"_blank\" rel=\"noopener\">A\u00f1o fiscal 30 de junio de 2020 Estado financiero auditado<\/a><\/span><\/li>\n<li><span style=\"color: #0000ff;\"><a style=\"color: #0000ff;\" href=\"https:\/\/elktonky.com\/wp-content\/uploads\/2020\/07\/CoElkton-Final-063019-Report.pdf\" target=\"_blank\" rel=\"noopener noreferrer\">A\u00f1o fiscal 30 de junio de 2019 Estado financiero auditado<\/a><\/span><\/li>\n<li><span style=\"color: #0000ff;\"><a style=\"color: #0000ff;\" href=\"https:\/\/elktonky.com\/wp-content\/uploads\/2019\/02\/CoE-Final-Audit-Report-2018.pdf\" target=\"_blank\" rel=\"noopener noreferrer\">A\u00f1o fiscal 30 de junio de 2018 Estado financiero auditado<\/a><\/span><\/li>\n<li><a href=\"https:\/\/elktonky.com\/wordpress\/wp-content\/uploads\/2018\/02\/COE-Full-Audit-Report-2017-Final.pdf\" target=\"_blank\" rel=\"noopener noreferrer\"><span style=\"color: #0000ff;\">A\u00f1o fiscal 30 de junio de 2017 Estado financiero auditado<\/span><\/a><\/li>\n<li><span style=\"color: #0000ff;\"><a style=\"color: #0000ff;\" href=\"https:\/\/elktonky.com\/wordpress\/wp-content\/uploads\/2014\/06\/AUDIT-REPORT-063016.pdf\">A\u00f1o fiscal 30 de junio de 2016 Estado financiero auditado<\/a>\u00a0<\/span><\/li>\n<li><span style=\"color: #0000ff;\"><a style=\"color: #0000ff;\" href=\"https:\/\/elktonky.com\/wordpress\/wp-content\/uploads\/2014\/06\/CoElkton-Full-Audit-Report-2015.pdf\" target=\"_blank\" rel=\"noopener noreferrer\">A\u00f1o fiscal 30 de junio de 2015 Estado financiero auditado<\/a><\/span><\/li>\n<li><span style=\"color: #0000ff;\"><a style=\"color: #0000ff;\" href=\"https:\/\/elktonky.com\/wordpress\/wp-content\/uploads\/2014\/06\/COElkton-Complete-Audit-2014.pdf\" target=\"_blank\" rel=\"noopener noreferrer\">A\u00f1o fiscal 30 de junio de 2014 Estado financiero auditado <\/a><\/span><\/li>\n<li><span style=\"color: #0000ff;\"><a style=\"color: #0000ff;\" href=\"https:\/\/elktonky.com\/wordpress\/wp-content\/uploads\/2014\/06\/FY-2013-Audit-City-of-Elkton.pdf\" target=\"_blank\" rel=\"noopener noreferrer\">A\u00f1o fiscal 30 de junio de 2013 Estado financiero auditado<\/a><\/span><\/li>\n<li><span style=\"color: #0000ff;\"><a style=\"color: #0000ff;\" href=\"https:\/\/elktonky.com\/wordpress\/wp-content\/uploads\/2014\/06\/FY2012-Audit-Report.pdf\" target=\"_blank\" rel=\"noopener noreferrer\">A\u00f1o fiscal 30 de junio de 2012 Estado financiero auditado<\/a><\/span><\/li>\n<li><span style=\"color: #0000ff;\"><a style=\"color: #0000ff;\" href=\"https:\/\/elktonky.com\/wordpress\/wp-content\/uploads\/2014\/06\/City-of-Elkton-2011-Audit-Report.pdf\" target=\"_blank\" rel=\"noopener noreferrer\">A\u00f1o fiscal 30 de junio de 2011 Estado financiero auditado<\/a><\/span><\/li>\n<li><span style=\"color: #0000ff;\"><a style=\"color: #0000ff;\" href=\"https:\/\/elktonky.com\/wordpress\/wp-content\/uploads\/2014\/06\/2010-Audit-Report.pdf\" target=\"_blank\" rel=\"noopener noreferrer\">A\u00f1o fiscal 30 de junio de 2010 Estado financiero auditado<\/a><\/span><\/li>\n<\/ul>\n<p>&nbsp;<\/p>\n<p>&nbsp;<\/p>\n<p>&nbsp;<\/p>\n<p><span style=\"color: #000000;\">Si tiene preguntas o m\u00e1s informaci\u00f3n, comun\u00edquese con Laura M. Brock, secretaria\/tesorera de la ciudad de Elkton en el Ayuntamiento al 270-265-9877 o env\u00ede un correo electr\u00f3nico.<\/span> <a href=\"mailto:city_clerk@elktonky.com\">city_clerk@elktonky.com<\/a><\/p>","protected":false},"excerpt":{"rendered":"<p>&nbsp; Presupuestos anuales FYE 30 de junio de 2025 FYE 30 de junio de 2025\u2026<br \/><a class=\"moretag\" href=\"https:\/\/elktonky.com\/es\/departments-2\/finance\/\">Leer m\u00e1s &quot;<\/a><\/p>","protected":false},"author":1,"featured_media":0,"parent":455,"menu_order":0,"comment_status":"open","ping_status":"open","template":"","meta":{"_price":"","_stock":"","_tribe_ticket_header":"","_tribe_default_ticket_provider":"TEC\\Tickets\\Commerce\\Module","_tribe_ticket_capacity":"0","_ticket_start_date":"","_ticket_end_date":"","_tribe_ticket_show_description":"","_tribe_ticket_show_not_going":false,"_tribe_ticket_use_global_stock":"","_tribe_ticket_global_stock_level":"","_global_stock_mode":"","_global_stock_cap":"","_tribe_rsvp_for_event":"","_tribe_ticket_going_count":"","_tribe_ticket_not_going_count":"","_tribe_tickets_list":"[]","_tribe_ticket_has_attendee_info_fields":false,"footnotes":"","_tec_slr_enabled":"","_tec_slr_layout":""},"class_list":["post-1336","page","type-page","status-publish","hentry"],"ams_acf":[],"ticketed":false,"_links":{"self":[{"href":"https:\/\/elktonky.com\/es\/wp-json\/wp\/v2\/pages\/1336","targetHints":{"allow":["GET"]}}],"collection":[{"href":"https:\/\/elktonky.com\/es\/wp-json\/wp\/v2\/pages"}],"about":[{"href":"https:\/\/elktonky.com\/es\/wp-json\/wp\/v2\/types\/page"}],"author":[{"embeddable":true,"href":"https:\/\/elktonky.com\/es\/wp-json\/wp\/v2\/users\/1"}],"replies":[{"embeddable":true,"href":"https:\/\/elktonky.com\/es\/wp-json\/wp\/v2\/comments?post=1336"}],"version-history":[{"count":20,"href":"https:\/\/elktonky.com\/es\/wp-json\/wp\/v2\/pages\/1336\/revisions"}],"predecessor-version":[{"id":11549,"href":"https:\/\/elktonky.com\/es\/wp-json\/wp\/v2\/pages\/1336\/revisions\/11549"}],"up":[{"embeddable":true,"href":"https:\/\/elktonky.com\/es\/wp-json\/wp\/v2\/pages\/455"}],"wp:attachment":[{"href":"https:\/\/elktonky.com\/es\/wp-json\/wp\/v2\/media?parent=1336"}],"curies":[{"name":"wp","href":"https:\/\/api.w.org\/{rel}","templated":true}]}}