{"id":134,"date":"2012-08-31T12:41:33","date_gmt":"2012-08-31T18:41:33","guid":{"rendered":"https:\/\/elktonky.com\/wordpress\/?page_id=134"},"modified":"2025-10-10T16:03:36","modified_gmt":"2025-10-10T21:03:36","slug":"city-council","status":"publish","type":"page","link":"https:\/\/elktonky.com\/es\/city-council\/","title":{"rendered":"Ayuntamiento"},"content":{"rendered":"<p><span style=\"font-size: 10pt;\">\u00a0<\/span><\/p>\n<p class=\"\" data-start=\"106\" data-end=\"336\">The City of Elkton operates under the <strong data-start=\"144\" data-end=\"166\">Mayor-Council Plan<\/strong> of government. This structure features an <strong data-start=\"209\" data-end=\"226\">elected Mayor<\/strong>, who serves as the executive leader, and an <strong data-start=\"271\" data-end=\"295\">elected City Council<\/strong>, which serves as the legislative body.<\/p>\n<p class=\"\" data-start=\"338\" data-end=\"497\">The City Council is made up of <strong data-start=\"369\" data-end=\"384\">six members<\/strong>, all dedicated to representing the interests of Elkton\u2019s citizens and guiding the city&#8217;s growth and development.<\/p>\n<div><strong>Emily Carroll<\/strong><\/div>\n<div><\/div>\n<div><span style=\"font-family: georgia, palatino, serif; font-size: 12pt;\"> <span data-olk-copy-source=\"MessageBody\">Emily Carroll moved to Todd County during her time serving in the United States Army. Emily and her husband Josh have two children. She is the Preschool Ministry Director at Grace Community Church. She is also a substitute teacher for the Todd County School District. Emily volunteers her time with PTO, FCA, FRYSC, 4H and the Elk Fork Swim Club.<\/span><\/span><\/div>\n<div>\n<p><span style=\"font-family: georgia, palatino, serif; font-size: 12pt;\">Correo electr\u00f3nico: <a href=\"mailto:michaelcase.ky@gmail.com\">ecarroll@elktonky.com<br \/>\n<\/a>Cell: 219.455.0733<\/span><\/p>\n<p><strong style=\"color: #000000; font-family: georgia, palatino; font-size: 12pt;\">John Mullins<\/strong><\/p>\n<\/div>\n<p><span style=\"color: #000000; font-family: georgia, palatino; font-size: 12pt;\">Email: jmullins@elktonky.com<br \/>\nCell: 270.604.4600<br \/>\n<\/span><\/p>\n<p><span style=\"color: #000000; font-family: georgia, palatino; font-size: 12pt;\"><strong>danny laster<\/strong><\/span><\/p>\n<p><span style=\"color: #000000; font-family: georgia, palatino; font-size: 12pt;\">Danny is a retired sales agent with AIG Insurance.\u00a0 He is a 1972 graduate of Todd County Central High School and attended Austin Peay State University. Danny has served in the Boy Scouts as a Scoutmaster and also Committee Chairman. Danny has two children Daniel &amp; Sherry. Danny and his wife Debbie have six grandchildren. In January 2025, he will begin his 12th term on the City Council.<\/span><br \/>\n<span style=\"font-family: georgia, palatino; font-size: 12pt;\"> <span style=\"color: #000000;\">Correo electr\u00f3nico:<\/span> <a href=\"mailto:papabear718@yahoo.com\">papabear718@yahoo.com<\/a><\/span><br \/>\n<span style=\"font-family: georgia, palatino; font-size: 12pt;\">Celular: 270.847.2039<\/span><\/p>\n<p><span style=\"color: #000000; font-family: georgia, palatino; font-size: 12pt;\"><strong>Frank McReynolds<br \/>\n<\/strong><\/span><\/p>\n<p><span style=\"color: #000000; font-family: georgia, palatino; font-size: 12pt;\">Frank cumple su quinto mandato en el Concejo Municipal de Elkton despu\u00e9s de su elecci\u00f3n inicial en noviembre de 2014. Es un reservista del ej\u00e9rcito retirado con 37 a\u00f1os de servicio. Frank tambi\u00e9n forma parte del Consejo para Personas Mayores del Condado de Todd.<br \/>\nCorreo electr\u00f3nico: <a href=\"mailto:ff11@bellsouth.net\">ff11@bellsouth.net<\/a><\/span><br \/>\n<span style=\"font-family: georgia, palatino; font-size: 12pt;\"> Celular: 270.772.7074<br \/>\nHogar: 270-265-5492<\/span><\/p>\n<p><span style=\"font-size: 12pt;\"><strong><span style=\"font-family: georgia, palatino, serif;\">George Orr<\/span><\/strong><\/span><\/p>\n<p><span style=\"font-family: georgia, palatino, serif; font-size: 12pt;\">George was recently elected to serve his fourth consecutive term on the City Council, which will begin on January 1, 2025.\u00a0 George is married to Dana Grace Orr and has two daughters. He is employed by the Todd County School Board Bus Garage.<br \/>\nCelular: 270.604.1130\u00a0<\/span><\/p>\n<p><span style=\"color: #000000; font-family: georgia,palatino; font-size: 10pt;\"><strong>INFORMACI\u00d3N GENERAL DE CONTACTO<\/strong><\/span><\/p>\n<p><span style=\"color: #000000; font-family: georgia,palatino; font-size: 10pt;\">71 Plaza P\u00fablica<\/span><br \/>\n<span style=\"color: #000000; font-family: georgia,palatino; font-size: 10pt;\"> Apartado postal 578<\/span><br \/>\n<span style=\"color: #000000; font-family: georgia,palatino; font-size: 10pt;\"> Elkton, Kentucky 42220<\/span><\/p>\n<p><span style=\"font-family: georgia,palatino; font-size: 10pt;\"><span style=\"color: #000000;\">Correo electr\u00f3nico:<\/span> <a href=\"mailto:cityhall@elktonky.com\">cityhall@elktonky.com<\/a><\/span><\/p>\n<p><span style=\"color: #000000; font-family: georgia,palatino; font-size: 10pt;\">Tel\u00e9fono: 270.265.9877<\/span><\/p>","protected":false},"excerpt":{"rendered":"<p>\u00a0 The City of Elkton operates under the Mayor-Council Plan of government&#8230;.<br \/><a class=\"moretag\" href=\"https:\/\/elktonky.com\/es\/city-council\/\">Leer m\u00e1s &quot;<\/a><\/p>","protected":false},"author":1,"featured_media":234,"parent":0,"menu_order":0,"comment_status":"open","ping_status":"open","template":"","meta":{"_price":"","_stock":"","_tribe_ticket_header":"","_tribe_default_ticket_provider":"TEC\\Tickets\\Commerce\\Module","_tribe_ticket_capacity":"0","_ticket_start_date":"","_ticket_end_date":"","_tribe_ticket_show_description":"","_tribe_ticket_show_not_going":false,"_tribe_ticket_use_global_stock":"","_tribe_ticket_global_stock_level":"","_global_stock_mode":"","_global_stock_cap":"","_tribe_rsvp_for_event":"","_tribe_ticket_going_count":"","_tribe_ticket_not_going_count":"","_tribe_tickets_list":"[]","_tribe_ticket_has_attendee_info_fields":false,"footnotes":"","_tec_slr_enabled":"","_tec_slr_layout":""},"class_list":["post-134","page","type-page","status-publish","has-post-thumbnail","hentry"],"ams_acf":[],"ticketed":false,"_links":{"self":[{"href":"https:\/\/elktonky.com\/es\/wp-json\/wp\/v2\/pages\/134","targetHints":{"allow":["GET"]}}],"collection":[{"href":"https:\/\/elktonky.com\/es\/wp-json\/wp\/v2\/pages"}],"about":[{"href":"https:\/\/elktonky.com\/es\/wp-json\/wp\/v2\/types\/page"}],"author":[{"embeddable":true,"href":"https:\/\/elktonky.com\/es\/wp-json\/wp\/v2\/users\/1"}],"replies":[{"embeddable":true,"href":"https:\/\/elktonky.com\/es\/wp-json\/wp\/v2\/comments?post=134"}],"version-history":[{"count":16,"href":"https:\/\/elktonky.com\/es\/wp-json\/wp\/v2\/pages\/134\/revisions"}],"predecessor-version":[{"id":11841,"href":"https:\/\/elktonky.com\/es\/wp-json\/wp\/v2\/pages\/134\/revisions\/11841"}],"wp:featuredmedia":[{"embeddable":true,"href":"https:\/\/elktonky.com\/es\/wp-json\/wp\/v2\/media\/234"}],"wp:attachment":[{"href":"https:\/\/elktonky.com\/es\/wp-json\/wp\/v2\/media?parent=134"}],"curies":[{"name":"wp","href":"https:\/\/api.w.org\/{rel}","templated":true}]}}