{"id":142,"date":"2012-08-31T12:43:17","date_gmt":"2012-08-31T18:43:17","guid":{"rendered":"https:\/\/elktonky.com\/wordpress\/?page_id=142"},"modified":"2026-03-10T14:44:55","modified_gmt":"2026-03-10T19:44:55","slug":"fire-department","status":"publish","type":"page","link":"https:\/\/elktonky.com\/es\/fire-department\/","title":{"rendered":"Cuerpo de Bomberos"},"content":{"rendered":"<p><span style=\"font-family: georgia, palatino; color: #000000; font-size: 12pt;\"><span style=\"color: #000000; font-family: georgia, palatino;\"><span style=\"font-size: 12pt;\"><img loading=\"lazy\" decoding=\"async\" class=\"alignnone  wp-image-11960\" src=\"https:\/\/elktonky.com\/wp-content\/uploads\/2026\/03\/Untitled-41-232x300.png\" alt=\"\" width=\"378\" height=\"489\" srcset=\"https:\/\/elktonky.com\/wp-content\/uploads\/2026\/03\/Untitled-41-232x300.png 232w, https:\/\/elktonky.com\/wp-content\/uploads\/2026\/03\/Untitled-41-791x1024.png 791w, https:\/\/elktonky.com\/wp-content\/uploads\/2026\/03\/Untitled-41-768x994.png 768w, https:\/\/elktonky.com\/wp-content\/uploads\/2026\/03\/Untitled-41-1187x1536.png 1187w, https:\/\/elktonky.com\/wp-content\/uploads\/2026\/03\/Untitled-41-1583x2048.png 1583w, https:\/\/elktonky.com\/wp-content\/uploads\/2026\/03\/Untitled-41-9x12.png 9w, https:\/\/elktonky.com\/wp-content\/uploads\/2026\/03\/Untitled-41-scaled.png 1978w\" sizes=\"auto, (max-width: 378px) 100vw, 378px\" \/><\/span><\/span><\/span><\/p>\n<p><span style=\"font-family: georgia, palatino; color: #000000; font-size: 12pt;\"><span style=\"color: #000000; font-family: georgia, palatino;\"><span style=\"font-size: 12pt;\">El Departamento de Bomberos de Elkton est\u00e1 bajo la direcci\u00f3n de<\/span><\/span><b style=\"color: #000000; font-family: georgia, palatino; font-size: 12pt;\"> Jefe de bomberos JT Calvery y asistente <\/b><span style=\"color: #000000; font-family: georgia, palatino;\"><b>Fuego<\/b><\/span><b style=\"color: #000000; font-family: georgia, palatino; font-size: 12pt;\"> Chief Justin Griffin<\/b><span style=\"color: #000000; font-family: georgia, palatino;\"><span style=\"font-size: 12pt;\">. El Departamento tambi\u00e9n incluye una fuerza de veinte voluntarios, que presta servicios en los l\u00edmites de la ciudad de Elkton y las \u00e1reas circundantes en el Distrito de Bomberos de Elkton. El Departamento tambi\u00e9n presta servicios al condado de Todd junto con otros departamentos de bomberos voluntarios de Guthrie, Trenton, Allegre y Sharon Grove.<\/span><\/span><\/span><\/p>\n<p><span style=\"color: #000000; font-family: georgia, palatino; font-size: 12pt;\"><strong>Departamento de Bomberos Voluntarios de Elkton<\/strong><\/span><br \/>\n<span style=\"color: #000000; font-family: georgia, palatino; font-size: 12pt;\"> 503 S. Calle principal<\/span><br \/>\n<span style=\"color: #000000; font-family: georgia, palatino; font-size: 12pt;\"> Apartado postal 578<\/span><br \/>\n<span style=\"color: #000000; font-family: georgia, palatino; font-size: 12pt;\"> Elkton, Kentucky 42220<\/span><\/p>\n<p>Correo electr\u00f3nico: <strong><span style=\"color: #0000ff;\"><a style=\"color: #0000ff;\" href=\"http:\/\/mail to: firedept@elktonky.com\/es\/\">firedept@elktonky.com<\/a><\/span><\/strong><\/p>\n<div><\/div>\n<div><\/div>\n<p><span style=\"font-family: georgia,palatino;\"><strong><span style=\"color: #000000;\">Solicitud de Bombero Voluntario: <\/span><span style=\"color: #0000ff;\"><a style=\"color: #0000ff;\" href=\"https:\/\/elktonky.com\/wp-content\/uploads\/2016\/04\/Fire-Department-Volunteer-Application-CURRENT.pdf\" target=\"_blank\" rel=\"noopener noreferrer\">Solicitud de voluntariado del Departamento de Bomberos<\/a><\/span><\/strong><\/span><\/p>\n<p><span style=\"font-family: georgia,palatino;\"><strong><span style=\"color: #000000;\">Correo electr\u00f3nico:<\/span><span style=\"color: #0000ff;\"> <a href=\"mailto:Firedept@elktonky.com\"><span style=\"color: #0000ff;\">Firedept@elktonky.com<\/span><\/a><\/span><\/strong><\/span><\/p>\n<p><span style=\"font-family: georgia,palatino;\"><strong><span style=\"color: #000000;\">Pagina de Facebook:<\/span> <\/strong><span style=\"color: #0000ff;\"><strong><a href=\"https:\/\/www.facebook.com\/profile.php?id=61561485614364\" target=\"_blank\" rel=\"noopener noreferrer\"><span style=\"color: #0000ff;\">P\u00e1gina de Facebook del Departamento de Bomberos Voluntarios de Elkton<\/span><\/a><\/strong><\/span><\/span><\/p>\n<div><\/div>\n<div class=\"clearfix fbPhotoSnowliftAuthorInfo _xlu\">\n<div class=\"clearfix _8u _42ef\">\n<div class=\"_6a\">\n<div class=\"_6a _6b\">\n<div class=\"fsm fwn fcg\">\n<div><\/div>\n<div><span style=\"font-family: georgia, palatino, serif;\"><strong><span style=\"font-size: 12pt;\">Informaci\u00f3n de membres\u00eda del \u00e1rea del Distrito de Bomberos de Elkton:<\/span><\/strong><\/span><\/div>\n<\/div>\n<\/div>\n<\/div>\n<\/div>\n<\/div>\n<div><\/div>\n<div><\/div>\n<div class=\"clearfix fbPhotoSnowliftAuthorInfo _xlu\">\n<div class=\"clearfix _8u _42ef\">\n<div class=\"_6a\">\n<div class=\"_6a _6b\">\n<div class=\"fsm fwn fcg\">\n<div><strong><span style=\"font-family: georgia, palatino, serif;\">La ciudad de Elkton ofrece un programa de cuota de membres\u00eda anual para el servicio a residentes fuera de la ciudad fuera de los l\u00edmites de la ciudad, pero dentro del \u00e1rea de servicio del Departamento de Bomberos Voluntarios de Elkton (EVFD).<\/span><\/strong><\/div>\n<div>\n<p><span style=\"font-family: georgia, palatino, serif;\">Residents of the EVFD service area who are not residents of the City of Elkton city limits may pay to the city an annual membership fee in the amount of $100.00 per dwelling or farm per year. A farm is defined as one or more contiguous parcels. The membership year typically runs from October 1 through September 30. For more information, contact Elkton City Hall at 270-265-9877.\u00a0<\/span><\/p>\n<p><span style=\"font-family: georgia, palatino, serif;\">La participaci\u00f3n en el programa de membres\u00eda del Departamento de Bomberos Voluntarios de Elkton dar\u00e1 derecho al miembro a una exenci\u00f3n de las tarifas para respuestas a incendios y emergencias fuera de la ciudad como se identifica en esta secci\u00f3n. Si decide no pagar la cuota de membres\u00eda y el Departamento de Bomberos Voluntarios de Elkton responde a un incendio u otra emergencia en la propiedad de un no miembro no residente, la Ciudad cobrar\u00e1 las siguientes tarifas de bomberos por los servicios prestados:<\/span><\/p>\n<p><span style=\"font-family: georgia, palatino, serif;\">(1) Up to six hundred dollars ($600) for single family residential units; utility occupancies of two thousand (2,000) or fewer square feet; assembly and business occupancies having a capacity which does not exceed one hundred (100) persons; equipment; vehicles; and grass or woods fires; and<\/span><br \/>\n<span style=\"font-family: georgia, palatino, serif;\">(2) Up to one thousand two hundred dollars ($1,200) for multifamily residential units; assembly and business occupancies having a capacity exceeding one hundred (100) persons; storage occupancies; utility occupancies of more than two thousand (2,000) square feet; and all industrial, educational, or institutional occupancies; and <\/span><br \/>\n<span style=\"font-family: georgia, palatino, serif;\">(3) Up to six hundred dollars ($600) for responding to emergencies not covered in paragraphs (1) and (2) of this subsection, including response to high hazard occupancies as defined in KRS 198B.010. The department may be entitled to recover necessary and reasonable costs in excess of the six hundred dollar ($600) limit based upon submission of a written itemized claim for the total costs incurred.<\/span><\/p>\n<\/div>\n<\/div>\n<\/div>\n<\/div>\n<\/div>\n<\/div>\n<p>&nbsp;<\/p>\n<p><span style=\"font-size: 14pt; font-family: georgia, palatino, serif;\"><strong><span style=\"color: #0000ff;\"><a style=\"color: #0000ff;\" href=\"https:\/\/magic.collectorsolutions.com\/magic-ui\/en-US\/Login\/city-of-elkton\" target=\"_blank\" rel=\"noopener\">Portal de pago de la ciudad<\/a> <\/span><\/strong>\u2013 Pago de impuestos sobre la propiedad de la ciudad de Elkton y membres\u00edas del Departamento de Bomberos <\/span><\/p>\n<ul>\n<li><span style=\"font-family: georgia, palatino, serif;\">Para las membres\u00edas del Departamento de Bomberos, necesitar\u00e1 la siguiente informaci\u00f3n de su factura: nombre del propietario, direcci\u00f3n de la propiedad e identificaci\u00f3n de la parcela.<\/span><\/li>\n<\/ul>\n<p>&nbsp;<\/p>\n<p>&nbsp;<\/p>","protected":false},"excerpt":{"rendered":"<p>The Elkton Fire Department is under the direction of Fire Chief JT&#8230;<br \/><a class=\"moretag\" href=\"https:\/\/elktonky.com\/es\/fire-department\/\">Leer m\u00e1s &quot;<\/a><\/p>","protected":false},"author":1,"featured_media":0,"parent":0,"menu_order":0,"comment_status":"open","ping_status":"open","template":"","meta":{"_price":"","_stock":"","_tribe_ticket_header":"","_tribe_default_ticket_provider":"TEC\\Tickets\\Commerce\\Module","_tribe_ticket_capacity":"0","_ticket_start_date":"","_ticket_end_date":"","_tribe_ticket_show_description":"","_tribe_ticket_show_not_going":false,"_tribe_ticket_use_global_stock":"","_tribe_ticket_global_stock_level":"","_global_stock_mode":"","_global_stock_cap":"","_tribe_rsvp_for_event":"","_tribe_ticket_going_count":"","_tribe_ticket_not_going_count":"","_tribe_tickets_list":"[]","_tribe_ticket_has_attendee_info_fields":false,"footnotes":"","_tec_slr_enabled":"","_tec_slr_layout":""},"class_list":["post-142","page","type-page","status-publish","hentry"],"ams_acf":[],"ticketed":false,"_links":{"self":[{"href":"https:\/\/elktonky.com\/es\/wp-json\/wp\/v2\/pages\/142","targetHints":{"allow":["GET"]}}],"collection":[{"href":"https:\/\/elktonky.com\/es\/wp-json\/wp\/v2\/pages"}],"about":[{"href":"https:\/\/elktonky.com\/es\/wp-json\/wp\/v2\/types\/page"}],"author":[{"embeddable":true,"href":"https:\/\/elktonky.com\/es\/wp-json\/wp\/v2\/users\/1"}],"replies":[{"embeddable":true,"href":"https:\/\/elktonky.com\/es\/wp-json\/wp\/v2\/comments?post=142"}],"version-history":[{"count":14,"href":"https:\/\/elktonky.com\/es\/wp-json\/wp\/v2\/pages\/142\/revisions"}],"predecessor-version":[{"id":11962,"href":"https:\/\/elktonky.com\/es\/wp-json\/wp\/v2\/pages\/142\/revisions\/11962"}],"wp:attachment":[{"href":"https:\/\/elktonky.com\/es\/wp-json\/wp\/v2\/media?parent=142"}],"curies":[{"name":"wp","href":"https:\/\/api.w.org\/{rel}","templated":true}]}}