{"id":148,"date":"2012-08-31T12:46:08","date_gmt":"2012-08-31T18:46:08","guid":{"rendered":"https:\/\/elktonky.com\/wordpress\/?page_id=148"},"modified":"2025-08-07T10:58:22","modified_gmt":"2025-08-07T15:58:22","slug":"utilities","status":"publish","type":"page","link":"https:\/\/elktonky.com\/es\/utilities\/","title":{"rendered":"Utilidades"},"content":{"rendered":"<div><span style=\"font-size: 14pt;\"><strong><span style=\"color: #0000ff;\"><a style=\"color: #0000ff;\" href=\"https:\/\/elktonky.com\/es\/utilities\/utilities-application\/\" target=\"_blank\" rel=\"noopener\">Online Utilities Application<\/a><\/span> &#8211; New Utility Services:<\/strong> <\/span>To apply for utility services, please click the link to complete the online application. After your application is submitted, a staff member will contact you using your preferred contact method with instructions on how to pay your deposit. Utilities will not be turned on until the deposit is paid in full. The deposit is $100 for homeowners and $175 for renters, plus a required one-time $25 service charge for all residents.<\/div>\n<div><\/div>\n<div><\/div>\n<p><span style=\"font-size: 14pt; font-family: georgia, palatino, serif;\"><span style=\"color: #0000ff;\"><strong><a style=\"color: #0000ff;\" href=\"https:\/\/elkton.authoritypay.com\/\" target=\"_blank\" rel=\"noopener\">Portal de pago para clientes de Elkton Utilities<\/a> <\/strong><\/span>\u2013 <span style=\"color: #000000;\">Pago en l\u00ednea de facturas de servicios p\u00fablicos de Elkton para servicios de agua, alcantarillado y basura. Tambi\u00e9n puede registrar su cuenta y registrarse para recibir factura electr\u00f3nica.<\/span><\/span><\/p>\n<p><span style=\"font-size: 14pt; font-family: georgia, palatino, serif; color: #000000;\"><strong>Pagos por tel\u00e9fono<\/strong> \u2013 Para realizar un pago por tel\u00e9fono, ahora llamar\u00e1s <strong>1-888-585-6783 (Opciones en ingl\u00e9s y espa\u00f1ol)<\/strong><\/span><\/p>\n<p><span style=\"font-size: 12pt; font-family: georgia, palatino, serif;\"><strong>Para pagar su factura en l\u00ednea o por tel\u00e9fono, necesitar\u00e1 su n\u00famero de cuenta y CID. Estos n\u00fameros est\u00e1n impresos en su factura de Elkton Utilities todos los meses.\u00a0\u00a0<\/strong><\/span><\/p>\n<p><span style=\"font-size: 14pt; font-family: georgia, palatino, serif;\"><strong>Tarifas de conveniencia<\/strong><\/span><\/p>\n<p><span style=\"font-family: georgia, palatino, serif; color: #000000;\">Pagos de servicios p\u00fablicos de Elkton: se agregar\u00e1 una tarifa de conveniencia de $2.25 a todos los pagos realizados con tarjeta de cr\u00e9dito o d\u00e9bito para pagos de servicios p\u00fablicos de Elkton.<\/span><\/p>\n<p><span style=\"font-family: georgia, palatino, serif; color: #000000;\">Esta tarifa de conveniencia ser\u00e1 para todos los pagos con tarjeta de d\u00e9bito\/cr\u00e9dito realizados en el Ayuntamiento, en l\u00ednea o por tel\u00e9fono. Esta tarifa cubre el costo que cobran las compa\u00f1\u00edas de tarjetas de cr\u00e9dito para procesar un pago con tarjeta de d\u00e9bito\/cr\u00e9dito y ir\u00e1 directamente a la compa\u00f1\u00eda de la tarjeta de cr\u00e9dito, no a la ciudad.<\/span><\/p>\n<p><span style=\"font-size: 14pt; font-family: georgia, palatino, serif;\"><strong>Opciones de pago gratuitas:<\/strong><\/span><\/p>\n<ul>\n<li><span style=\"font-family: georgia, palatino, serif;\"><span style=\"color: #000000;\">A\u00fan puede registrarse en el Ayuntamiento para recibir pagos autom\u00e1ticos por giro bancario para Elkton Utilities. Completar la<\/span> <span style=\"color: #0000ff;\"><a style=\"color: #0000ff;\" href=\"https:\/\/elktonky.com\/wp-content\/uploads\/2022\/04\/ACH-Agreement-Authorization.pdf\" target=\"_blank\" rel=\"noopener\">Autorizaci\u00f3n de Acuerdo de Pago Autom\u00e1tico<\/a><\/span> <span style=\"color: #000000;\">y los archivos adjuntos requeridos y su pago de Elkton Utilities se debitar\u00e1n autom\u00e1ticamente de su cuenta corriente o de ahorros el d\u00eda 7 de cada mes.<\/span><\/span><\/li>\n<li><span style=\"font-family: georgia, palatino, serif; color: #000000;\">A trav\u00e9s del nuevo Portal del Cliente en l\u00ednea o de la l\u00ednea de pago telef\u00f3nica exclusiva, puede pagar con cheque electr\u00f3nico sin costo alguno.<\/span><\/li>\n<li><span style=\"font-family: georgia, palatino, serif; color: #000000;\">A\u00fan podr\u00e1 pagar en efectivo o con cheque en el Ayuntamiento o dejar el pago con cheque en el buz\u00f3n del vest\u00edbulo del Ayuntamiento.<\/span><\/li>\n<\/ul>\n<p><span style=\"font-family: georgia, palatino, serif;\"><strong>\u00a1Tenga en cuenta que esto es solo para clientes de Elkton Utilities!  Para pagar una factura del Distrito de Agua del Condado de Todd, vaya <span style=\"color: #0000ff;\"><a style=\"color: #0000ff;\" href=\"http:\/\/www.toddcountywater.com\/\" target=\"_blank\" rel=\"noopener noreferrer\">Visite su sitio web aqu\u00ed<\/a>.<\/span><\/strong><\/span><\/p>\n<div>\n<p><strong style=\"color: #000000; font-family: georgia, palatino;\">Oficina del Ayuntamiento (Pagos de Servicios P\u00fablicos)<\/strong><\/p>\n<\/div>\n<p><span style=\"font-family: georgia, palatino; font-size: 12pt;\"><span style=\"color: #000000;\">71 Plaza P\u00fablica<\/span><span style=\"color: #000000;\"><br \/>\nApartado postal 578<\/span><span style=\"color: #000000;\"><br \/>\nElkton, KY 42220<\/span><\/span><\/p>\n<p><span style=\"color: #000000; font-family: georgia, palatino; font-size: 10pt;\"><span style=\"font-size: 12pt;\">Horario de oficina: 8:00 a. m. \u2013 4:00 p. m., de lunes a viernes<\/span><br \/>\n<span style=\"font-size: 12pt;\">Tel\u00e9fono: 270.265.9877<\/span><br \/>\n<span style=\"font-size: 12pt;\">Fax: 270.265.5816<\/span><br \/>\n<\/span><\/p>\n<h3><span style=\"font-family: georgia,palatino;\"><span style=\"color: #000000;\"><strong>Planta de Tratamiento de Aguas Residuales (Mantenimiento de Servicios P\u00fablicos)<br \/>\n<\/strong><\/span><\/span><\/h3>\n<p><span style=\"font-family: georgia, palatino; font-size: 12pt;\"><span style=\"color: #000000;\">304 Avenida Weathers<\/span><span style=\"color: #000000;\"><br \/>\nApartado postal 578<\/span><span style=\"color: #000000;\"><br \/>\nElkton, KY 42220<\/span><\/span><\/p>\n<p><span style=\"color: #000000; font-family: georgia, palatino; font-size: 12pt;\">Horas de operaci\u00f3n<strong>:<\/strong> 7:00 a. m. a 3:30 p. m., de lunes a viernes<br \/>\nTel\u00e9fono: 270.265.9877<br \/>\nFax: 270.265.5707<\/span><\/p>\n<h3><span style=\"color: #000000; font-family: georgia,palatino;\"><strong>Personal del Departamento de Servicios P\u00fablicos\/Calles<\/strong><\/span><\/h3>\n<p><span style=\"font-family: georgia, palatino; font-size: 12pt;\"><span style=\"color: #000000;\">Chris Orr, Director de Obras P\u00fablicas,\u00a0<span style=\"color: #0000ff;\"><a style=\"color: #0000ff;\" href=\"\/es\/mail to: corr@elktonky.com\/\">corr@elktonky.com<\/a><br \/>\n<span style=\"color: #000000;\">Justin Moberly, operador de planta de tratamiento de alcantarillado<\/span><br \/>\n<\/span><\/span><\/span><span style=\"font-family: georgia, palatino; font-size: 12pt;\"><span style=\"color: #000000;\">Josh Reynolds, mantenimiento<br \/>\nChris Brady, Mantenimiento<br \/>\n<\/span><\/span><span style=\"font-family: georgia, palatino; font-size: 12pt;\"><span style=\"color: #000000;\">Dalton Taylor, Mantenimiento<br \/>\nServicio John, Control de animales<\/span><\/span><\/p>\n<div>\n<p><span style=\"font-family: georgia,palatino;\">\u00a0<\/span><span style=\"font-family: georgia,palatino;\"><em><span style=\"color: #000000; font-size: medium;\"><strong>RECIBOS DE SERVICIOS P\u00daBLICOS<\/strong><\/span><\/em><\/span><\/p>\n<p><span style=\"color: #000000; font-family: georgia, palatino; font-size: 12pt;\">La ciudad de Elkton opera un sistema de distribuci\u00f3n de agua y una instalaci\u00f3n de tratamiento de alcantarillado. La factura mensual de servicios p\u00fablicos consiste en un cargo por el uso de agua, el uso de alcantarillado y la recolecci\u00f3n de residuos s\u00f3lidos. La Ciudad contrata a Waste Management para la recolecci\u00f3n de basura residencial.<\/span><\/p>\n<p><span style=\"color: #000000; font-family: georgia, palatino; font-size: 12pt;\">Las facturas de servicios p\u00fablicos generalmente se env\u00edan por correo el d\u00eda 23 de cada mes y vencen el d\u00eda 7 del mes siguiente. Si la factura permanece impaga despu\u00e9s del d\u00eda 7, se cargar\u00e1 a la factura una penalizaci\u00f3n 10%. Si la factura sigue impaga antes de las 9:30 a. m. del d\u00eda 16 del mes, se agregar\u00e1 un cargo de servicio $50 a la factura y se desconectar\u00e1 el servicio p\u00fablico.<br \/>\n<\/span><\/p>\n<p><span style=\"font-family: georgia, palatino; font-size: 12pt; color: #000000;\">Todos los clientes deben pagar un dep\u00f3sito para establecer el servicio p\u00fablico. El dep\u00f3sito es de $175.00 para un inquilino y $100.00 para un propietario. La ciudad se reserva el derecho de exigir una copia del contrato de alquiler para establecer que un cliente es un inquilino y no el propietario. Tambi\u00e9n hay un cargo de servicio no reembolsable de $25.00 que se debe pagar al establecer el servicio.<\/span><\/p>\n<p><span style=\"font-family: georgia,palatino;\">\u00a0<\/span><span style=\"font-family: georgia,palatino;\"><em><span style=\"color: #000000; font-size: medium;\"><strong>AGUA<\/strong><\/span><\/em><\/span><\/p>\n<p><span style=\"color: #000000; font-family: georgia, palatino; font-size: 12pt;\">Si bien la ciudad opera y mantiene un sistema de distribuci\u00f3n de agua, compramos agua tratada a la Comisi\u00f3n Regional del Agua de Logan-Todd. Logan-Todd recibe su agua del r\u00edo Cumberland cerca de Clarksville, Tennessee. La planta tiene capacidad para producir 20 millones de galones por d\u00eda de agua tratada. Se proyecta que cubrir\u00e1 las necesidades de esta zona durante los pr\u00f3ximos 50 a\u00f1os. Las estimaciones actuales requieren que la planta produzca aproximadamente 11 millones de galones de agua por d\u00eda.<\/span><\/p>\n<\/div>\n<div>\n<p><span style=\"color: #000000; font-family: georgia, palatino; font-size: 10pt;\"><strong><strong>TARIFAS ACTUALES DE AGUA<\/strong><\/strong><\/span><\/p>\n<\/div>\n<div>\n<p><strong><span style=\"font-family: georgia, palatino, serif;\">Agua \u2013 Dentro de los l\u00edmites de la ciudad:<\/span><\/strong><br \/>\n<span style=\"font-family: georgia, palatino, serif;\">0 a 2,000 Galones \u2013 $ 23.00 factura m\u00ednima<\/span><br \/>\n<span style=\"font-family: georgia, palatino, serif;\">Siguientes 8000 \u2013 $ 12,05 por 1000 galones <\/span><br \/>\n<span style=\"font-family: georgia, palatino, serif;\">Siguientes 10.000 \u2013 $ 10,95 por 1.000 galones<\/span><br \/>\n<span style=\"font-family: georgia, palatino, serif;\">Siguientes 20.000 \u2013 $ 9,58 por 1.000 galones<\/span><br \/>\n<span style=\"font-family: georgia, palatino, serif;\">M\u00e1s de 40 000 \u2013 $ 7,94 por 1000 galones<\/span><\/p>\n<p><strong><span style=\"font-family: georgia, palatino, serif;\">Agua \u2013 Fuera de los l\u00edmites de la ciudad:<\/span><\/strong><br \/>\n<span style=\"font-family: georgia, palatino, serif;\">Primeros 2,000 Galones \u2013 $ 26.02 factura m\u00ednima<\/span><br \/>\n<span style=\"font-family: georgia, palatino, serif;\">Siguientes 8000 \u2013 $ 13,61 por 1000 galones <\/span><br \/>\n<span style=\"font-family: georgia, palatino, serif;\">Siguientes 10.000 \u2013 $ 12,16 por 1.000 galones<\/span><br \/>\n<span style=\"font-family: georgia, palatino, serif;\">M\u00e1s de 20 000 \u2013 $ 10,69 por 1000 galones<\/span><\/p>\n<p><strong style=\"font-size: 10pt;\"><span style=\"font-family: georgia, palatino, serif;\"><span style=\"font-size: 12pt;\">L\u00edneas privadas de bomberos:<\/span><\/span><\/strong><\/p>\n<\/div>\n<div>\n<p><span style=\"font-size: 10pt;\"><span style=\"font-size: 12pt;\"><span style=\"font-family: georgia, palatino, serif;\">Aspersores hasta 600 \u2013 $25.00 por mes<br \/>\nCabezales de aspersores: $.04 por cabezal, m\u00e1s de 600<\/span><\/span><\/span><\/p>\n<p><span style=\"color: #000000; font-family: georgia, palatino; font-size: 12pt;\"><strong>Tarifas de grifo:<\/strong><br \/>\nMedidor de 5,8 \u2032 \u2013 $750<br \/>\nMedidor de 1\u2033 \u2013 $1,200<br \/>\nTodos los dem\u00e1s medidores: costo real<\/span><\/p>\n<div>\n<p><strong style=\"font-size: 10pt;\"><span style=\"font-family: georgia, palatino, serif;\"><span style=\"font-size: 12pt;\">Tarifa mensual del medidor:<\/span><\/span><\/strong><\/p>\n<p><span style=\"font-family: georgia, palatino, serif;\">El Ayuntamiento fija y establece las siguientes tarifas mensuales a cobrar por los medidores para cubrir las pruebas y el reemplazo de medidores, seg\u00fan sea necesario. Las tarifas entrar\u00e1n en vigor y se cobrar\u00e1n en todas las facturas seg\u00fan el tama\u00f1o del medidor de la siguiente manera:<\/span><\/p>\n<p><span style=\"font-family: georgia, palatino, serif;\">Medidor de 5\/8\u201d \u2013 $0.00<\/span><br \/>\n<span style=\"font-family: georgia, palatino, serif;\">Medidor de 1\u201d \u2013 $0.57<\/span><br \/>\n<span style=\"font-family: georgia, palatino, serif;\">Medidor de 1 1\/2\u201d \u2013 $10.32<\/span><br \/>\n<span style=\"font-family: georgia, palatino, serif;\">Medidor de 2\u201d \u2013 $11.36<\/span><br \/>\n<span style=\"font-family: georgia, palatino, serif;\">Medidor de 3\u201d \u2013 $26.44<\/span><br \/>\n<span style=\"font-family: georgia, palatino, serif;\">Medidor de 6\u201d \u2013 $56.71<\/span><\/p>\n<\/div>\n<div>\n<p><strong><span style=\"font-family: georgia, palatino, serif;\">Medidores de lectura celular: ojo en el agua<\/span><\/strong><\/p>\n<p><span style=\"color: #000000; font-family: georgia, palatino, serif;\">La ciudad de Elkton reemplaz\u00f3 recientemente los medidores de agua para mantener la precisi\u00f3n en la contabilidad del uso del agua. La ciudad seguir\u00e1 utilizando un sistema de puntos de lectura por radio que tenemos desde hace varios a\u00f1os. Sin embargo, varios clientes optaron por instalar un sistema de punto de lectura celular que les permitir\u00e1 utilizar <strong>Ojo en el agua<\/strong> en un tel\u00e9fono m\u00f3vil o computadora para monitorear el uso diario de agua. Tambi\u00e9n puede configurar alertas de fugas para recibir correos electr\u00f3nicos y\/o mensajes de texto si tiene una fuga de agua. Si tiene un punto final celular, esta es una herramienta muy \u00fatil para alertarlo sobre costosas fugas de agua tan pronto como ocurren.<\/span><\/p>\n<p>Instrucciones para Eye On Water: <span style=\"color: #0000ff;\"><strong><a style=\"color: #0000ff;\" href=\"https:\/\/elktonky.com\/wp-content\/uploads\/2023\/06\/EyeOnWater-Web-and-App-Instructions-Updated-06-01-2023.docx\" target=\"_blank\" rel=\"noopener\">Instrucciones para la aplicaci\u00f3n y la web EyeOnWater<\/a><\/strong><\/span><\/p>\n<p><span style=\"font-family: georgia, palatino, serif;\"><span style=\"color: #000000;\">Visita el<\/span> <a href=\"https:\/\/helpeyeonwater.com\/\" target=\"_blank\" rel=\"noopener\"><span style=\"color: #0000ff;\"><strong>ayudaeyeonwater.com<\/strong><\/span><\/a><span style=\"color: #0000ff;\">\u00a0<span style=\"color: #000000;\">p\u00e1gina para ver instrucciones sobre el uso del sitio web o la aplicaci\u00f3n.\u00a0<\/span><\/span><\/span><\/p>\n<\/div>\n<h3><span style=\"color: #000000; font-family: georgia,palatino;\"><strong><strong><em><span style=\"font-size: medium;\">ALCANTARILLADO<\/span><\/em><\/strong><\/strong><\/span><\/h3>\n<p><span style=\"color: #000000; font-family: georgia, palatino; font-size: 12pt;\">La ciudad posee y opera una planta de tratamiento de aguas residuales y un sistema de recolecci\u00f3n. La planta fue construida en 1987 y est\u00e1 ubicada en el lado sureste de la ciudad a lo largo de Elk Fork Creek. En 2009, la ciudad complet\u00f3 un proyecto no s\u00f3lo para mejorar las instalaciones, sino tambi\u00e9n para aumentar la capacidad de las plantas.<\/span><\/p>\n<p><span style=\"color: #000000; font-size: 12pt; font-family: georgia, palatino;\"><strong>TARIFAS ACTUALES DE ALCANTARILLADO:<br \/>\n<\/strong><\/span><\/p>\n<p><strong>Tarifas de Alcantarillado:<\/strong><\/p>\n<p>0 a 2000 galones \u2013 $ 36,76 carga m\u00ednima<br \/>\n2001 y m\u00e1s: $ 8,90 por 1000 galones<\/p>\n<p>L\u00ednea de alcantarillado de South Todd: $491,94 por mes<br \/>\nTarifa adicional para clientes fuera del condado: $15.38 por mes<\/p>\n<p><span style=\"font-size: 12pt;\"><strong><span style=\"color: #000000; font-family: georgia,palatino;\">Tarifas de grifo:<\/span><\/strong><\/span><br \/>\n<span style=\"color: #000000; font-family: georgia, palatino; font-size: 12pt;\"> All Sewer Taps &#8211; $900.00 or Cost<\/span><\/p>\n<\/div>\n<div><strong>Sewer Grinder Pumps:<\/strong><\/div>\n<div>Inside City Limits Fee- $4,000<\/div>\n<div>Outside City Limits Fee- $5,500<\/div>\n<div>*Additional cost to extend sewer line to customer expense and will be billed on Sewer Tap Application Form.<\/div>\n<div><\/div>\n<div>\n<h3><span style=\"font-size: 12pt; font-family: georgia, palatino, serif;\"><em><strong>CARGOS POR SERVICIO Y OTRAS TARIFAS:<\/strong><\/em><\/span><\/h3>\n<p><span style=\"font-size: 12pt;\"><span style=\"font-family: georgia, palatino, serif;\">Tarifa de lectura celular: $0.83 por mes<br \/>\nCargo por conexi\u00f3n\/servicio general: $25.00<br \/>\n<\/span><span style=\"font-family: georgia, palatino, serif;\">Cargo por conexi\u00f3n\/servicio general fuera del horario de atenci\u00f3n: $45.00<br \/>\n<\/span><span style=\"font-family: georgia, palatino, serif;\">Cargo por falta de pago \u2013 $50.00<br \/>\n<\/span><span style=\"font-family: georgia, palatino, serif;\">Reconectar la tarifa por falta de pago fuera del horario de atenci\u00f3n: $75.00<br \/>\n<\/span><span style=\"font-family: georgia, palatino, serif;\">Cheque devuelto \u2013 $35.00<br \/>\n<\/span><span style=\"font-family: georgia, palatino, serif;\">Carga del medidor de boca de incendios \u2013 $25.00<br \/>\n<\/span><span style=\"font-family: georgia, palatino, serif;\">Reconectarse despu\u00e9s de una reconexi\u00f3n ilegal \u2013 $250.00<br \/>\nCargo por servicio para cambiar a medidor celular -$100.00<\/span><\/span><\/p>\n<p><strong style=\"color: #000000; font-family: georgia, palatino;\"><strong><em><span style=\"font-size: medium;\">RECOGIDA DE BASURA RESIDENCIAL<\/span><\/em><\/strong><\/strong><\/p>\n<\/div>\n<div>\n<p><span style=\"color: #000000; font-family: georgia, palatino; font-size: 12pt;\">The City of Elkton also provides weekly curbside garbage pick-up for each resident. The City contracts with GFL Environmental, who provides each resident with a container and picks up garbage every Friday morning. All containers should be placed curbside Thursday night to guarantee pick up. The rate for garbage pick up is $11.25 per container per month.<\/span><\/p>\n<p><span style=\"font-family: georgia, palatino, serif; font-size: 12pt;\">Esta tarifa tambi\u00e9n cubre una \u201climpieza de primavera\u201d anual que permite a los residentes colocar ciertos art\u00edculos basura grandes en la acera para ser recogidos y transportados.  Busque anuncios en nuestro sitio web para conocer las fechas de estos eventos, pero generalmente es en abril de cada a\u00f1o.<\/span><\/p>\n<\/div>\n<h3><span style=\"color: #000000; font-family: georgia,palatino;\"><strong><em><span style=\"font-size: medium;\">RECICLAJE<\/span><\/em><\/strong><\/span><\/h3>\n<p><span style=\"font-family: georgia, palatino, serif;\">\u00a1La ciudad de Elkton y el Tribunal Fiscal del Condado de Todd se han asociado para ofrecer una vez m\u00e1s un programa de reciclaje para Elkton y el Condado de Todd! Ahora hay un contenedor de reciclaje ubicado en el Elkton Convenience Center en 208 Garth Lane en Elkton. El horario del Centro es los lunes, mi\u00e9rcoles y s\u00e1bados, de 8 a. m. a 4:30 p. m. y los viernes, de 12 a 4:30 p. m.<\/span><\/p>\n<p><strong><span style=\"color: #0000ff;\"><a style=\"color: #0000ff;\" href=\"https:\/\/elktonky.com\/wp-content\/uploads\/2021\/11\/Recycling-Flyer.pdf\" target=\"_blank\" rel=\"noopener\">Folleto de reciclaje con m\u00e1s detalles<\/a><\/span><\/strong><\/p>\n<h3><span style=\"font-size: 12pt;\"><em><strong><span style=\"font-family: georgia, palatino, serif;\">AVISO<\/span><\/strong><\/em><\/span><\/h3>\n<p><span style=\"font-family: georgia, palatino, serif;\">La Empresa de Servicios P\u00fablicos se reserva expresamente el derecho de desconectar, confiscar dispositivos no autorizados y\/o interrumpir el servicio o cualquier otra conexi\u00f3n con o sin previo aviso cuando la Empresa de Servicios P\u00fablicos descubra, encuentre o tenga conocimiento de cualquier instalaci\u00f3n que represente una amenaza al suministro, al p\u00fablico. salud o seguridad p\u00fablica.<\/span><\/p>\n<p><span style=\"font-family: georgia, palatino, serif;\">Suministro: la empresa de servicios p\u00fablicos no puede garantizar un servicio ininterrumpido y no ser\u00e1 responsable de ning\u00fan reclamo que surja de la falta de prestaci\u00f3n de un servicio continuo.<\/span><\/p>","protected":false},"excerpt":{"rendered":"<p>Online Utilities Application &#8211; New Utility Services: To apply for utility services,&#8230;<br \/><a class=\"moretag\" href=\"https:\/\/elktonky.com\/es\/utilities\/\">Leer m\u00e1s &quot;<\/a><\/p>","protected":false},"author":1,"featured_media":0,"parent":0,"menu_order":0,"comment_status":"open","ping_status":"open","template":"","meta":{"_price":"","_stock":"","_tribe_ticket_header":"","_tribe_default_ticket_provider":"TEC\\Tickets\\Commerce\\Module","_tribe_ticket_capacity":"0","_ticket_start_date":"","_ticket_end_date":"","_tribe_ticket_show_description":"","_tribe_ticket_show_not_going":false,"_tribe_ticket_use_global_stock":"","_tribe_ticket_global_stock_level":"","_global_stock_mode":"","_global_stock_cap":"","_tribe_rsvp_for_event":"","_tribe_ticket_going_count":"","_tribe_ticket_not_going_count":"","_tribe_tickets_list":"[]","_tribe_ticket_has_attendee_info_fields":false,"footnotes":"","_tec_slr_enabled":"","_tec_slr_layout":""},"class_list":["post-148","page","type-page","status-publish","hentry"],"ams_acf":[],"ticketed":false,"_links":{"self":[{"href":"https:\/\/elktonky.com\/es\/wp-json\/wp\/v2\/pages\/148","targetHints":{"allow":["GET"]}}],"collection":[{"href":"https:\/\/elktonky.com\/es\/wp-json\/wp\/v2\/pages"}],"about":[{"href":"https:\/\/elktonky.com\/es\/wp-json\/wp\/v2\/types\/page"}],"author":[{"embeddable":true,"href":"https:\/\/elktonky.com\/es\/wp-json\/wp\/v2\/users\/1"}],"replies":[{"embeddable":true,"href":"https:\/\/elktonky.com\/es\/wp-json\/wp\/v2\/comments?post=148"}],"version-history":[{"count":42,"href":"https:\/\/elktonky.com\/es\/wp-json\/wp\/v2\/pages\/148\/revisions"}],"predecessor-version":[{"id":11710,"href":"https:\/\/elktonky.com\/es\/wp-json\/wp\/v2\/pages\/148\/revisions\/11710"}],"wp:attachment":[{"href":"https:\/\/elktonky.com\/es\/wp-json\/wp\/v2\/media?parent=148"}],"curies":[{"name":"wp","href":"https:\/\/api.w.org\/{rel}","templated":true}]}}