{"id":153,"date":"2012-08-31T12:46:54","date_gmt":"2012-08-31T18:46:54","guid":{"rendered":"https:\/\/elktonky.com\/wordpress\/?page_id=153"},"modified":"2025-08-20T13:30:19","modified_gmt":"2025-08-20T18:30:19","slug":"occupational-licenses","status":"publish","type":"page","link":"https:\/\/elktonky.com\/es\/occupational-licenses\/","title":{"rendered":"Licencias Ocupacionales"},"content":{"rendered":"<p><span style=\"font-family: georgia,palatino;\">\u00a0<\/span><\/p>\n<h2><span style=\"font-family: georgia,palatino; color: #003366;\">Impuesto de licencia ocupacional sobre ingresos brutos<\/span><\/h2>\n<p><span style=\"font-family: georgia,palatino;\">De conformidad con las Ordenanzas Municipales, todas las personas que realizan negocios dentro de los l\u00edmites definidos de la ciudad de Elkton, Kentucky deben solicitar una Licencia Ocupacional antes de hacer negocios en la ciudad.<\/span><\/p>\n<p><strong><a href=\"https:\/\/elktonky.com\/wp-content\/uploads\/2012\/08\/CHAPTER-110-OCCUPATIONAL-LICENSE-TAX.pdf\" target=\"_blank\" rel=\"noopener noreferrer\">Ordenanza fiscal sobre licencias ocupacionales<\/a><\/strong><\/p>\n<p>&nbsp;<\/p>\n<h4><span style=\"font-family: georgia,palatino;\">Solicitud de nueva licencia<\/span><\/h4>\n<p><span style=\"font-family: georgia,palatino;\">Para un nuevo negocio que nunca antes ha trabajado en los l\u00edmites de la ciudad de Elkton, se debe presentar una Solicitud de Licencia de Nuevo Negocio con la tarifa correspondiente.<\/span><\/p>\n<h4><span style=\"color: #0000ff;\"><a style=\"color: #0000ff;\" href=\"https:\/\/elktonky.com\/wp-content\/uploads\/2023\/08\/Application-for-New-Business-License.pdf\" target=\"_blank\" rel=\"noopener\">Solicitud de Licencia de Nuevo Negocio<\/a><\/span><\/h4>\n<p>Click the following link to pay for a business license: <span style=\"color: #0000ff;\"><strong><a style=\"color: #0000ff;\" href=\"https:\/\/magic.collectorsolutions.com\/magic-ui\/en-US\/Pay\/Process\/CartInformation\" target=\"_blank\" rel=\"noopener\">Portal de pago de la ciudad<\/a><\/strong><\/span><\/p>\n<h4><\/h4>\n<h4><span style=\"font-family: georgia,palatino;\">Declaraci\u00f3n Anual de Impuestos de Licencia Ocupacional<\/span><\/h4>\n<p><span style=\"font-family: georgia,palatino;\">Anualmente, cada empresa debe presentar una Declaraci\u00f3n de Impuestos sobre Licencia Ocupacional basada en el trabajo realizado durante el a\u00f1o anterior. La tarifa de la licencia es igual a 0.125% (.00125) de ingresos brutos por ventas, servicios prestados o trabajos realizados en la ciudad. Tenga en cuenta que esta tarifa de licencia se basa en<strong> Ingresos BRUTOS, no ganancias netas<\/strong>. El pago de la tarifa de licencia, junto con el formulario de renovaci\u00f3n completo con los formularios de declaraci\u00f3n de impuestos federales adjuntos, debe realizarse antes del 15 de abril de cada a\u00f1o para las empresas que operan en un a\u00f1o calendario. Si la entidad comercial opera en un a\u00f1o fiscal distinto al a\u00f1o calendario, entonces la declaraci\u00f3n vence en o antes del d\u00eda 15 del cuarto mes siguiente al cierre del a\u00f1o fiscal de la entidad comercial.<\/span><\/p>\n<p><strong><span style=\"font-family: georgia,palatino;\"><a href=\"https:\/\/elktonky.com\/wp-content\/uploads\/2020\/05\/Occupational-License-Tax-Return-Instructions.pdf\" target=\"_blank\" rel=\"noopener noreferrer\">Declaraci\u00f3n de impuestos e instrucciones de licencia ocupacional<\/a>\u00a0&#8211; <\/span><\/strong><span style=\"font-family: georgia,palatino;\">Se puede utilizar para presentar cualquier a\u00f1o calendario o fiscal.<\/span><strong><span style=\"font-family: georgia,palatino;\"><br \/>\n<\/span><\/strong><\/p>\n<p><span style=\"font-family: georgia, palatino, serif;\">La ciudad de Elkton tambi\u00e9n aceptar\u00e1 <strong>Formulario OL-S, Distrito \u00danico Tributario, Declaraci\u00f3n de Tarifa de Licencia Ocupacional<\/strong> en lugar del formulario de devoluci\u00f3n de la ciudad. Puedes encontrar este formulario est\u00e1ndar <strong><span style=\"color: #0000ff;\"><a style=\"color: #0000ff;\" href=\"https:\/\/web.sos.ky.gov\/occupationaltax\/\" target=\"_blank\" rel=\"noopener noreferrer\">AQU\u00cd<\/a>.\u00a0<\/span><\/strong><\/span><span style=\"font-family: georgia,palatino;\">\u00a0<\/span><\/p>\n<p>&nbsp;<\/p>\n<h4><span style=\"font-family: georgia,palatino;\">Solicitud de Pr\u00f3rroga para Presentar la Declaraci\u00f3n de Impuestos de Licencia Ocupacional<\/span><\/h4>\n<p><span style=\"font-family: georgia,palatino; color: #000000;\">Se puede otorgar una extensi\u00f3n de tiempo para presentar la Declaraci\u00f3n de Impuestos de Licencia Ocupacional por hasta 6 meses a menos que el IRS otorgue una extensi\u00f3n m\u00e1s larga. Si ha solicitado una extensi\u00f3n de tiempo para presentar la solicitud ante el IRS, debe adjuntar una copia de la extensi\u00f3n federal. La Ordenanza de la Ciudad requiere que cualquier negocio que solicite una extensi\u00f3n tambi\u00e9n debe pagar un impuesto estimado antes de la fecha de vencimiento. La Solicitud de Pr\u00f3rroga y el impuesto estimado vencen en o antes de la fecha de vencimiento de la Declaraci\u00f3n de Impuestos de Licencia Ocupacional. <\/span><\/p>\n<p><strong><a href=\"https:\/\/elktonky.com\/wp-content\/uploads\/2020\/05\/Application-for-Extension-of-Time-to-File-Occupational-License-Tax-Return-1.pdf\" target=\"_blank\" rel=\"noopener noreferrer\">Solicitud de Pr\u00f3rroga para Presentar la Declaraci\u00f3n de Impuestos de Licencia Ocupacional<\/a><\/strong><\/p>\n<p>&nbsp;<\/p>\n<h4><span style=\"font-family: georgia,palatino;\">Solicitud para cerrar cuenta de licencia comercial<\/span><\/h4>\n<p><span style=\"font-family: georgia,palatino;\">La Declaraci\u00f3n de Impuestos de Licencia Ocupacional debe presentarse todos los a\u00f1os hasta que se presente ante la Ciudad un formulario de Solicitud para cerrar la cuenta de licencia comercial. Este formulario certifica que ha cesado toda operaci\u00f3n comercial en la Ciudad. Sin embargo, cerrar la cuenta de ninguna manera eximir\u00e1 a la empresa del pago de cualquier tarifa de licencia comercial adeudada a la ciudad actualmente o en el futuro. Cuando se cierra un negocio, se debe presentar una Declaraci\u00f3n de Impuestos de Licencia Ocupacional basada en los ingresos brutos obtenidos por el trabajo realizado en el a\u00f1o en que se cerr\u00f3 el negocio con la Solicitud para cerrar la cuenta de licencia comercial. Tenga en cuenta que si trabaj\u00f3 en Elkton durante cualquier a\u00f1o calendario o fiscal, debe presentar una declaraci\u00f3n para el a\u00f1o siguiente.  Por ejemplo, si trabaj\u00f3 en Elkton en el a\u00f1o 2014, debe presentar una declaraci\u00f3n de 2015, incluso si planea dejar de operar en Elkton en el a\u00f1o 2015.\u00a0<\/span><\/p>\n<p><strong><span style=\"font-family: georgia,palatino;\"><a href=\"https:\/\/elktonky.com\/wp-content\/uploads\/2020\/05\/Request-to-Close-Business-License-Account.pdf\" target=\"_blank\" rel=\"noopener noreferrer\">Solicitud para cerrar cuenta de licencia comercial<\/a><\/span><\/strong><\/p>\n<p><span style=\"font-family: georgia,palatino;\">\u00a0<\/span><\/p>\n<p>&nbsp;<\/p>\n<h2><span style=\"font-family: georgia,palatino; color: #003366;\">Impuesto de Licencia Ocupacional sobre N\u00f3mina Bruta<\/span><\/h2>\n<p><span style=\"font-family: georgia,palatino;\">De conformidad con las Ordenanzas de la Ciudad, tambi\u00e9n existe una tarifa de licencia equivalente a 2.0% de todos los sueldos, salarios, comisiones y otras compensaciones brutas obtenidas por el trabajo o servicios realizados en la ciudad por cada empleado, funcionario o agente de la empresa.<\/span><\/p>\n<p><span style=\"font-family: georgia,palatino;\">\u00a0<\/span><\/p>\n<h4><span style=\"font-family: georgia,palatino;\">Declaraci\u00f3n trimestral del empleador sobre la tarifa de licencia ocupacional retenida<\/span><\/h4>\n<p><span style=\"font-family: georgia,palatino;\">Es deber de cada empleador deducir la tarifa de la licencia de cada empleado, funcionario o agente al momento del pago. La tarifa de licencia retenida se presentar\u00e1 con la Declaraci\u00f3n trimestral del empleador de la tarifa de licencia ocupacional retenida trimestralmente y deber\u00e1 entregarse a la Ciudad antes del \u00faltimo d\u00eda del mes siguiente al final del trimestre.<\/span><\/p>\n<p><strong><span style=\"font-family: georgia,palatino;\"><a href=\"https:\/\/elktonky.com\/wp-content\/uploads\/2020\/05\/Employers-Quarterly-Return-of-License-Fee-Withheld.pdf\" target=\"_blank\" rel=\"noopener noreferrer\">Declaraci\u00f3n trimestral del empleador sobre la tarifa de licencia retenida<\/a><\/span><\/strong><\/p>\n<p><span style=\"font-family: georgia,palatino;\">\u00a0<\/span><\/p>\n<h4><span style=\"font-family: georgia,palatino;\">Conciliaci\u00f3n Anual<\/span><\/h4>\n<p><span style=\"font-family: georgia,palatino;\">Anualmente, cada empleador tambi\u00e9n debe presentar una conciliaci\u00f3n anual del impuesto sobre licencias ocupacionales en la n\u00f3mina y presentar una copia de todos los formularios W-2 emitidos y la p\u00e1gina de totales del formulario W-3. En lugar de copias de los formularios W-2, se puede presentar una lista de n\u00f3mina que muestre el salario bruto de cada empleado y el impuesto ocupacional retenido junto con una copia del formulario W-3. La Reconciliaci\u00f3n Anual debe presentarse a la ciudad el \u00faltimo d\u00eda de febrero.<\/span><\/p>\n<p><strong><a href=\"https:\/\/elktonky.com\/wp-content\/uploads\/2020\/05\/Annual-Reconciliation.pdf\" target=\"_blank\" rel=\"noopener noreferrer\">Formulario de conciliaci\u00f3n anual<\/a><\/strong><\/p>\n<p><span style=\"font-family: georgia,palatino;\">\u00a0<\/span><\/p>\n<h4>Impuesto anual sobre licencia ocupacional sobre los declarantes de n\u00f3mina bruta<\/h4>\n<p>Algunas personas y empresas optan por presentar el Impuesto sobre Licencias Ocupacionales sobre la N\u00f3mina Bruta si su obligaci\u00f3n tributaria anual sobre la n\u00f3mina es menor. Esta opci\u00f3n debe ser aprobada por la ciudad. Si se elige esta opci\u00f3n, el declarante anual puede presentar y enviar el formulario de impuesto sobre la n\u00f3mina anual con el pago y presentar la Conciliaci\u00f3n Anual, todo en un solo formulario.<\/p>\n<p><strong><span style=\"color: #0000ff;\"><a style=\"color: #0000ff;\" href=\"https:\/\/elktonky.com\/wp-content\/uploads\/2023\/08\/Occupational-License-Tax-on-Gross-Wages-and-Compensation-for-Annual-Filers.pdf\" target=\"_blank\" rel=\"noopener\">Impuesto de Licencia Ocupacional sobre Salarios Brutos y Compensaci\u00f3n para Declarantes Anuales<\/a><\/span>\u00a0<\/strong><\/p>\n<p>&nbsp;<\/p>\n<p>&nbsp;<\/p>\n<h2><span style=\"font-family: georgia,palatino;\"><span style=\"color: #003366;\">Declaraci\u00f3n y transmisi\u00f3n de compensaci\u00f3n a no empleados<\/span><br \/>\n<\/span><\/h2>\n<div data-canvas-width=\"13.229599999999998\"><span style=\"font-family: georgia,palatino; color: #000000;\">La Ordenanza de la ciudad de Elkton, Kentucky, exige que cualquier entidad dedicada a un comercio o negocio, incluidas las organizaciones sin fines de lucro, revele para cada a\u00f1o calendario todos los pagos de $600 o m\u00e1s realizados a no empleados por servicios prestados dentro de la ciudad. El pagador deber\u00e1 proporcionar a la Ciudad, antes del 28 de febrero del a\u00f1o siguiente al pago, copias de los formularios federales 1099 o una lista de nombres, n\u00famero de Seguro Social y\/o identificaci\u00f3n federal, direcciones y montos pagados a no empleados por los servicios prestados. en los l\u00edmites de la ciudad de Elkton.<\/span><\/div>\n<p><strong><a href=\"https:\/\/elktonky.com\/wp-content\/uploads\/2020\/05\/Statement-and-Transmittal-of-Nonemployee-Compensation-1.pdf\" target=\"_blank\" rel=\"noopener noreferrer\">Declaraci\u00f3n y transmisi\u00f3n de compensaci\u00f3n a no empleados<\/a><\/strong><\/p>\n<p><span style=\"font-family: georgia,palatino;\">\u00a0<\/span><\/p>\n<p>&nbsp;<\/p>\n<h2><span style=\"font-family: georgia, palatino, serif;\">Lista de verificaci\u00f3n e informaci\u00f3n de formularios de licencia ocupacional<\/span><\/h2>\n<p><span style=\"font-family: georgia, palatino, serif;\">Descargue e imprima el <strong><span style=\"color: #0000ff;\"><a style=\"color: #0000ff;\" href=\"https:\/\/elktonky.com\/wp-content\/uploads\/2025\/01\/Occupational-License-Checklist.pdf\">Lista de verificaci\u00f3n de licencia ocupacional<\/a>\u00a0<\/span><\/strong><span style=\"color: #000000;\"><strong>F<\/strong>o informaci\u00f3n \u00fatil y una lista de verificaci\u00f3n de los formularios que se deben entregar a la Ciudad.<\/span><\/span><\/p>\n<p>&nbsp;<\/p>\n<p>&nbsp;<\/p>\n<h2><span style=\"font-family: georgia,palatino; color: #003366;\">\u00bfIniciar un nuevo negocio en Kentucky?<\/span><\/h2>\n<p><span style=\"font-family: georgia,palatino;\">El Secretario de Estado de Kentucky ha creado un sitio web de \u201cVentanilla \u00fanica\u201d para ayudar con el proceso de puesta en marcha de nuevas empresas. Visita su sitio web <span style=\"color: #0000ff;\"><strong><a style=\"color: #0000ff;\" href=\"http:\/\/onestop.ky.gov\/Pages\/default.aspx\" target=\"_blank\" rel=\"noopener noreferrer\">AQU\u00cd.<\/a><\/strong><\/span><\/span><\/p>","protected":false},"excerpt":{"rendered":"<p>\u00a0 Impuesto sobre licencias ocupacionales sobre ingresos brutos de conformidad con las ordenanzas municipales, todos...<br \/><a class=\"moretag\" href=\"https:\/\/elktonky.com\/es\/occupational-licenses\/\">Leer m\u00e1s &quot;<\/a><\/p>","protected":false},"author":1,"featured_media":0,"parent":0,"menu_order":0,"comment_status":"open","ping_status":"open","template":"","meta":{"_price":"","_stock":"","_tribe_ticket_header":"","_tribe_default_ticket_provider":"TEC\\Tickets\\Commerce\\Module","_tribe_ticket_capacity":"0","_ticket_start_date":"","_ticket_end_date":"","_tribe_ticket_show_description":"","_tribe_ticket_show_not_going":false,"_tribe_ticket_use_global_stock":"","_tribe_ticket_global_stock_level":"","_global_stock_mode":"","_global_stock_cap":"","_tribe_rsvp_for_event":"","_tribe_ticket_going_count":"","_tribe_ticket_not_going_count":"","_tribe_tickets_list":"[]","_tribe_ticket_has_attendee_info_fields":false,"footnotes":"","_tec_slr_enabled":"","_tec_slr_layout":""},"class_list":["post-153","page","type-page","status-publish","hentry"],"ams_acf":[],"ticketed":false,"_links":{"self":[{"href":"https:\/\/elktonky.com\/es\/wp-json\/wp\/v2\/pages\/153","targetHints":{"allow":["GET"]}}],"collection":[{"href":"https:\/\/elktonky.com\/es\/wp-json\/wp\/v2\/pages"}],"about":[{"href":"https:\/\/elktonky.com\/es\/wp-json\/wp\/v2\/types\/page"}],"author":[{"embeddable":true,"href":"https:\/\/elktonky.com\/es\/wp-json\/wp\/v2\/users\/1"}],"replies":[{"embeddable":true,"href":"https:\/\/elktonky.com\/es\/wp-json\/wp\/v2\/comments?post=153"}],"version-history":[{"count":12,"href":"https:\/\/elktonky.com\/es\/wp-json\/wp\/v2\/pages\/153\/revisions"}],"predecessor-version":[{"id":11770,"href":"https:\/\/elktonky.com\/es\/wp-json\/wp\/v2\/pages\/153\/revisions\/11770"}],"wp:attachment":[{"href":"https:\/\/elktonky.com\/es\/wp-json\/wp\/v2\/media?parent=153"}],"curies":[{"name":"wp","href":"https:\/\/api.w.org\/{rel}","templated":true}]}}