{"id":157,"date":"2012-08-31T12:47:36","date_gmt":"2012-08-31T18:47:36","guid":{"rendered":"https:\/\/elktonky.com\/wordpress\/?page_id=157"},"modified":"2025-10-30T16:07:57","modified_gmt":"2025-10-30T21:07:57","slug":"code-enforcement","status":"publish","type":"page","link":"https:\/\/elktonky.com\/es\/code-enforcement\/","title":{"rendered":"Aplicaci\u00f3n del c\u00f3digo"},"content":{"rendered":"<p class=\"\" data-start=\"116\" data-end=\"295\">The City of Elkton established a <strong data-start=\"149\" data-end=\"175\">Junta de Aplicaci\u00f3n del C\u00f3digo<\/strong> to offer an alternative way to address violations of city ordinances\u2014without immediately resorting to District Court.<\/p>\n<p class=\"\" data-start=\"297\" data-end=\"576\"><strong data-start=\"297\" data-end=\"333\">City-appointed citation officers<\/strong> are responsible for inspecting properties within the city limits and identifying code violations. When a citation is issued, it is reviewed by the <strong data-start=\"481\" data-end=\"507\">Junta de Aplicaci\u00f3n del C\u00f3digo<\/strong>, which determines whether the violation is confirmed or dismissed.<\/p>\n<p class=\"\" data-start=\"578\" data-end=\"700\">This process helps ensure fair, efficient enforcement while promoting the safety, health, and appearance of our community.<\/p>\n<p><span style=\"font-family: georgia, palatino; color: #000000; font-size: 12pt;\">Ver y descargar: <strong><a href=\"https:\/\/elktonky.com\/wp-content\/uploads\/2020\/05\/Code-Enforcement-Board-Ordinance-2020.pdf\" target=\"_blank\" rel=\"noopener noreferrer\">Ordenanza de la Junta de Aplicaci\u00f3n del C\u00f3digo<\/a><\/strong><\/span><\/p>\n<p><span style=\"font-family: georgia, palatino; color: #000000; font-size: 12pt;\">Tel\u00e9fono: 270.265.9879<br \/>\nHorario de oficina: lunes a viernes, de 7:30 a. m. a 4:30 p. m.<\/span><\/p>\n<p><em><strong>Notice a Code Enforcement Issue?<\/strong><\/em><\/p>\n<p>If you observe a potential code enforcement violation within the City of Elkton, please click the link below to submit a complaint. Your report helps us keep our community safe, clean, and complaint.<\/p>\n<p><span style=\"color: #0000ff;\"><strong><a style=\"color: #0000ff;\" href=\"https:\/\/elktonky.com\/es\/departments-2\/citizencomplaints\/online-citizen-complaint-form\/\" target=\"_blank\" rel=\"noopener\">Online Citizen Complaint Form<\/a><\/strong><\/span><\/p>\n<div><span style=\"font-size: 10pt;\">\u00a0<\/span><\/div>\n<div><span style=\"font-size: 12pt;\"><em><strong><span style=\"font-family: georgia, palatino, serif;\">Notificaci\u00f3n al acreedor prendario\u00a0<\/span><\/strong><\/em><\/span><\/div>\n<div>\n<p><span style=\"font-size: 12pt;\"><span style=\"font-family: georgia, palatino, serif;\">De acuerdo con KRS \u00a7 65.8836, la ciudad de Elkton proporciona la informaci\u00f3n en la p\u00e1gina de la base de datos de cumplimiento del c\u00f3digo a los titulares de grav\u00e1menes que puedan tener intereses en estas propiedades.\u00a0<\/span><span style=\"font-family: georgia, palatino, serif;\">Las personas y entidades, incluidos, entre otros, los titulares de grav\u00e1menes, pueden registrarse en la ciudad para recibir una notificaci\u00f3n electr\u00f3nica mensual de las \u00f3rdenes finales cuando <span style=\"font-family: georgia, palatino, serif;\">Se actualiza la p\u00e1gina de la base de datos de aplicaci\u00f3n de c\u00f3digo<\/span>. <\/span><\/span><\/p>\n<p><span style=\"font-size: 12pt;\"><span style=\"font-family: georgia, palatino, serif;\">Para registrarse para recibir la notificaci\u00f3n mensual por correo electr\u00f3nico cuando los casos se hagan p\u00fablicos, siga este enlace al <strong><span style=\"color: #0000ff;\"><a style=\"color: #0000ff;\" href=\"https:\/\/clients.comcate.com\/createAccount.php?id=289\" target=\"_blank\" rel=\"noopener noreferrer\">P\u00e1gina de creaci\u00f3n de cuenta<\/a>.<\/span><\/strong><\/span><\/span><\/p>\n<\/div>\n<div>\n<p><strong><span style=\"font-family: georgia, palatino, serif; font-size: 12pt;\"><br \/>\n<a href=\"https:\/\/clients.comcate.com\/moduleCaseListings.php?id=289&amp;xerId=379\" target=\"_blank\" rel=\"noopener noreferrer\"><span style=\"color: #0000ff;\">Ver base de datos de aplicaci\u00f3n de c\u00f3digo<\/span><\/a><\/span><\/strong><\/p>\n<\/div>\n<p>&nbsp;<\/p>\n<p><span style=\"font-size: 12pt;\"><strong><em><span style=\"font-family: georgia,palatino; color: #000000;\">\u00bfQu\u00e9 es una Junta de Aplicaci\u00f3n del C\u00f3digo?<\/span><\/em><\/strong><\/span><br \/>\n<span style=\"font-family: georgia, palatino; color: #000000; font-size: 12pt;\"> La creaci\u00f3n de una CEB fue autorizada por el estado de Kentucky para permitir a los gobiernos locales emitir \u00f3rdenes correctivas e imponer multas civiles como una alternativa econ\u00f3mica para garantizar el cumplimiento de las ordenanzas locales. La \u00fanica otra alternativa que tiene una Ciudad para hacer cumplir las ordenanzas locales es llevar el caso a los tribunales, lo que requiere mucho tiempo y dinero tanto para la Ciudad como para el infractor.<\/span><\/p>\n<p><span style=\"font-size: 12pt;\"><em><strong><span style=\"font-family: georgia,palatino; color: #000000;\">\u00bfQu\u00e9 ordenanzas hace cumplir la Junta de Cumplimiento del C\u00f3digo?<\/span><\/strong><\/em><\/span><br \/>\n<span style=\"font-family: georgia, palatino; color: #000000; font-size: 12pt;\"> Cuando se cre\u00f3 la Junta de Cumplimiento del C\u00f3digo, el Concejo Municipal estableci\u00f3 qu\u00e9 Ordenanzas Municipales ser\u00edan aplicadas por el Oficial de Citaciones y la Junta de Cumplimiento del C\u00f3digo. Generalmente, los Oficiales de Citaciones hacen cumplir las regulaciones relacionadas con molestias, animales, impuestos sobre licencias ocupacionales y permisos de zonificaci\u00f3n.<br \/>\nVer y descargar: <strong><a href=\"https:\/\/elktonky.com\/wp-content\/uploads\/2023\/08\/ORDINANCES-ENFORCED-BY-THE-CITATION-OFFICER-Revisable.pdf\" target=\"_blank\" rel=\"noopener\">ORDENANZAS APLICADAS POR EL OFICIAL DE CITACIONES<\/a><\/strong><\/span><\/p>\n<p><span style=\"font-size: 12pt;\"><em><strong><span style=\"font-family: georgia,palatino; color: #000000;\">\u00bfCu\u00e1les son los montos de las multas impuestas por el Oficial de Citaciones y la CEB?<\/span><\/strong><\/em><\/span><br \/>\n<span style=\"font-family: georgia, palatino; color: #000000; font-size: 12pt;\"> El importe de la multa depende de la ordenanza municipal infringida. Adem\u00e1s, a medida que aumenta el n\u00famero de infracciones de las mismas ordenanzas, tambi\u00e9n aumenta el importe de la multa.<\/span><\/p>\n<p><u>35.106 HORARIO DE MULTAS DE LA ORDENANZA.<\/u><\/p>\n<p>Las violaciones de las ordenanzas aplicadas por la Junta de Cumplimiento del C\u00f3digo estar\u00e1n sujetas al siguiente programa de multas civiles:<\/p>\n<p>(A) Si la persona acusada de la infracci\u00f3n no impugna una citaci\u00f3n por una infracci\u00f3n de una ordenanza, la persona puede optar por pagar las sanciones m\u00ednimas establecidas en esta divisi\u00f3n (A).<\/p>\n<table>\n<tbody>\n<tr>\n<td width=\"311\"><u>violado<\/u><\/td>\n<td width=\"96\">Primero<\/p>\n<p><u>Ofensa<\/u><\/td>\n<td width=\"96\">Segundo <u>Ofensa<\/u><\/td>\n<td width=\"156\">tercero y<br \/>\n<u>Otras infracciones<\/u><\/td>\n<\/tr>\n<tr>\n<td width=\"311\">90.02 Animales<\/td>\n<td width=\"96\">$25<\/td>\n<td width=\"96\">$50<\/td>\n<td width=\"156\">$100<\/td>\n<\/tr>\n<tr>\n<td width=\"311\">91.31 Obstrucci\u00f3n de calles y aceras<\/td>\n<td width=\"96\">$25<\/td>\n<td width=\"96\">$50<\/td>\n<td width=\"156\">$100<\/td>\n<\/tr>\n<tr>\n<td width=\"311\">91.32 Materiales en la calle o acera<\/td>\n<td width=\"96\">$25<\/td>\n<td width=\"96\">$50<\/td>\n<td width=\"156\">$100<\/td>\n<\/tr>\n<tr>\n<td width=\"311\">92.03(A) \u00c1rboles peligrosos<\/td>\n<td width=\"96\">$50<\/td>\n<td width=\"96\">$100<\/td>\n<td width=\"156\">$150<\/td>\n<\/tr>\n<tr>\n<td width=\"311\">92.03(B) Acumulaci\u00f3n de basura<\/td>\n<td width=\"96\">$25<\/td>\n<td width=\"96\">$50<\/td>\n<td width=\"156\">$100<\/td>\n<\/tr>\n<tr>\n<td width=\"311\">92.03(C) Almacenamiento de explosivos<\/td>\n<td width=\"96\">$50<\/td>\n<td width=\"96\">$100<\/td>\n<td width=\"156\">$150<\/td>\n<\/tr>\n<tr>\n<td width=\"311\">92.03(D) Malezas y pasto<\/td>\n<td width=\"96\">$25<\/td>\n<td width=\"96\">$50<\/td>\n<td width=\"156\">$100<\/td>\n<\/tr>\n<tr>\n<td width=\"311\">92.03(E) Pozos abiertos<\/td>\n<td width=\"96\">$50<\/td>\n<td width=\"96\">$100<\/td>\n<td width=\"156\">$150<\/td>\n<\/tr>\n<tr>\n<td width=\"311\">92.03(F) \u00c1rboles y arbustos<\/td>\n<td width=\"96\">$25<\/td>\n<td width=\"96\">$50<\/td>\n<td width=\"156\">$100<\/td>\n<\/tr>\n<tr>\n<td width=\"311\">92.03(G) Tenencia de animales<\/td>\n<td width=\"96\">$25<\/td>\n<td width=\"96\">$50<\/td>\n<td width=\"156\">$100<\/td>\n<\/tr>\n<tr>\n<td width=\"311\">92.03(H) Basura; Chatarra; veh\u00edculos de motor<\/td>\n<td width=\"96\">$25<\/td>\n<td width=\"96\">$50<\/td>\n<td width=\"156\">$100<\/td>\n<\/tr>\n<tr>\n<td width=\"311\">92.03(I) Estructuras en ruinas<\/td>\n<td width=\"96\">$100<\/td>\n<td width=\"96\">$150<\/td>\n<td width=\"156\">$200<\/td>\n<\/tr>\n<tr>\n<td width=\"311\">92.03(J) Valla electrificada<\/td>\n<td width=\"96\">$25<\/td>\n<td width=\"96\">$50<\/td>\n<td width=\"156\">$100<\/td>\n<\/tr>\n<tr>\n<td width=\"311\">92.03(K) Contenedores de basura y desechos<\/td>\n<td width=\"96\">$25<\/td>\n<td width=\"96\">$50<\/td>\n<td width=\"156\">$100<\/td>\n<\/tr>\n<tr>\n<td width=\"311\">95 cementerios<\/td>\n<td width=\"96\">$25<\/td>\n<td width=\"96\">$50<\/td>\n<td width=\"156\">$100<\/td>\n<\/tr>\n<tr>\n<td width=\"311\">98.02 Visualizaci\u00f3n de n\u00fameros de casas<\/td>\n<td width=\"96\">$25<\/td>\n<td width=\"96\">$50<\/td>\n<td width=\"156\">$100<\/td>\n<\/tr>\n<tr>\n<td width=\"311\">110 Impuestos sobre Licencias Ocupacionales<\/td>\n<td width=\"96\">$25<\/td>\n<td width=\"96\">$50<\/td>\n<td width=\"156\">$100<\/td>\n<\/tr>\n<tr>\n<td width=\"311\">114 Se requiere permiso de venta de garaje<\/td>\n<td width=\"96\">$5<\/td>\n<td width=\"96\">$10<\/td>\n<td width=\"156\">$20<\/td>\n<\/tr>\n<tr>\n<td width=\"311\">151 Zonificaci\u00f3n<\/td>\n<td width=\"96\">$25<\/td>\n<td width=\"96\">$50<\/td>\n<td width=\"156\">$100<\/td>\n<\/tr>\n<tr>\n<td width=\"311\">C\u00f3digo de mantenimiento de propiedad<\/td>\n<td width=\"96\">$25<\/td>\n<td width=\"96\">$50<\/td>\n<td width=\"156\">$100<\/td>\n<\/tr>\n<\/tbody>\n<\/table>\n<p>(B) Si la citaci\u00f3n es impugnada y se requiere una audiencia ante la Junta del C\u00f3digo, se pueden imponer las siguientes sanciones m\u00e1ximas a discreci\u00f3n de la Junta del C\u00f3digo:<\/p>\n<table>\n<tbody>\n<tr>\n<td width=\"311\"><u>violado<\/u><\/td>\n<td width=\"96\">Primero<br \/>\n<u>Ofensa<\/u><\/td>\n<td width=\"96\">Segundo <u>Ofensa<\/u><\/td>\n<td width=\"156\">tercero y<br \/>\n<u>Otras infracciones<\/u><\/td>\n<\/tr>\n<tr>\n<td width=\"311\">90.02 Animales<\/td>\n<td width=\"96\">$50<\/td>\n<td width=\"96\">$100<\/td>\n<td width=\"156\">$200<\/td>\n<\/tr>\n<tr>\n<td width=\"311\">91.31 Obstrucci\u00f3n de calles y aceras<\/td>\n<td width=\"96\">&nbsp;<\/p>\n<p>$50<\/td>\n<td width=\"96\">&nbsp;<\/p>\n<p>$100<\/td>\n<td width=\"156\">&nbsp;<\/p>\n<p>$200<\/td>\n<\/tr>\n<tr>\n<td width=\"311\">91.32 Materiales en la calle o acera<\/td>\n<td width=\"96\">$50<\/td>\n<td width=\"96\">$100<\/td>\n<td width=\"156\">$200<\/td>\n<\/tr>\n<tr>\n<td width=\"311\">92.03(A) \u00c1rboles peligrosos<\/td>\n<td width=\"96\">$100<\/td>\n<td width=\"96\">$200<\/td>\n<td width=\"156\">$300<\/td>\n<\/tr>\n<tr>\n<td width=\"311\">92.03(B) Acumulaci\u00f3n de basura<\/td>\n<td width=\"96\">$50<\/td>\n<td width=\"96\">$100<\/td>\n<td width=\"156\">$200<\/td>\n<\/tr>\n<tr>\n<td width=\"311\">92.03(C) Almacenamiento de explosivos<\/td>\n<td width=\"96\">$100<\/td>\n<td width=\"96\">$200<\/td>\n<td width=\"156\">$300<\/td>\n<\/tr>\n<tr>\n<td width=\"311\">92.03(D) Malezas y pasto<\/td>\n<td width=\"96\">$50<\/td>\n<td width=\"96\">$100<\/td>\n<td width=\"156\">$200<\/td>\n<\/tr>\n<tr>\n<td width=\"311\">92.03(E) Pozos abiertos<\/td>\n<td width=\"96\">$100<\/td>\n<td width=\"96\">$200<\/td>\n<td width=\"156\">$300<\/td>\n<\/tr>\n<tr>\n<td width=\"311\">92.03(F) \u00c1rboles y arbustos<\/td>\n<td width=\"96\">$50<\/td>\n<td width=\"96\">$100<\/td>\n<td width=\"156\">$200<\/td>\n<\/tr>\n<tr>\n<td width=\"311\">92.03(G) Tenencia de animales<\/td>\n<td width=\"96\">$50<\/td>\n<td width=\"96\">$100<\/td>\n<td width=\"156\">$200<\/td>\n<\/tr>\n<tr>\n<td width=\"311\">92.03(H) Basura; Chatarra; veh\u00edculos de motor<\/td>\n<td width=\"96\">$50<\/td>\n<td width=\"96\">$100<\/td>\n<td width=\"156\">$200<\/td>\n<\/tr>\n<tr>\n<td width=\"311\">92.03(I) Estructuras en ruinas<\/td>\n<td width=\"96\">$200<\/td>\n<td width=\"96\">$300<\/td>\n<td width=\"156\">$400<\/td>\n<\/tr>\n<tr>\n<td width=\"311\">92.03(J) Valla electrificada<\/td>\n<td width=\"96\">$50<\/td>\n<td width=\"96\">$100<\/td>\n<td width=\"156\">$200<\/td>\n<\/tr>\n<tr>\n<td width=\"311\">92.03(K) Contenedores de basura y desechos<\/td>\n<td width=\"96\">$50<\/td>\n<td width=\"96\">$100<\/td>\n<td width=\"156\">$200<\/td>\n<\/tr>\n<tr>\n<td width=\"311\">95 cementerios<\/td>\n<td width=\"96\">$50<\/td>\n<td width=\"96\">$100<\/td>\n<td width=\"156\">$200<\/td>\n<\/tr>\n<tr>\n<td width=\"311\">98.02 Visualizaci\u00f3n de n\u00fameros de casas<\/td>\n<td width=\"96\">$50<\/td>\n<td width=\"96\">$100<\/td>\n<td width=\"156\">$200<\/td>\n<\/tr>\n<tr>\n<td width=\"311\">110 Impuestos sobre Licencias Ocupacionales<\/td>\n<td width=\"96\">$50<\/td>\n<td width=\"96\">$100<\/td>\n<td width=\"156\">$200<\/td>\n<\/tr>\n<tr>\n<td width=\"311\">114 Se requiere permiso de venta de garaje<\/td>\n<td width=\"96\">$10<\/td>\n<td width=\"96\">$20<\/td>\n<td width=\"156\">$40<\/td>\n<\/tr>\n<tr>\n<td width=\"311\">151 Zonificaci\u00f3n<\/td>\n<td width=\"96\">$50-$100<\/td>\n<td width=\"96\">$100-<\/p>\n<p>$500<\/td>\n<td width=\"156\">$200-$1,000<\/td>\n<\/tr>\n<tr>\n<td width=\"311\">C\u00f3digo de mantenimiento de propiedad<\/td>\n<td width=\"96\">$50<\/td>\n<td width=\"96\">$100<\/td>\n<td width=\"156\">$200<\/td>\n<\/tr>\n<\/tbody>\n<\/table>\n<p>(C) Si la persona acusada de una infracci\u00f3n no elige pagar la multa civil m\u00ednima y no impugna la citaci\u00f3n solicitando una audiencia dentro del tiempo prescrito, o, si el presunto infractor solicita una audiencia ante la Junta y no se presenta En la audiencia, la Junta de Cumplimiento del C\u00f3digo emitir\u00e1 una orden final determinando que se cometi\u00f3 la violaci\u00f3n e impondr\u00e1 la multa civil que se establece a continuaci\u00f3n:<\/p>\n<table>\n<tbody>\n<tr>\n<td width=\"311\"><u>violado<\/u><\/td>\n<td width=\"96\">Primero<br \/>\n<u>Ofensa<\/u><\/td>\n<td width=\"96\">Segundo <u>Ofensa<\/u><\/td>\n<td width=\"156\">tercero y<br \/>\n<u>Otras infracciones<\/u><\/td>\n<\/tr>\n<tr>\n<td width=\"311\">90.02 Animales<\/td>\n<td width=\"96\">$50<\/td>\n<td width=\"96\">$100<\/td>\n<td width=\"156\">$200<\/td>\n<\/tr>\n<tr>\n<td width=\"311\">91.31 Obstrucci\u00f3n de calles y aceras<\/td>\n<td width=\"96\">&nbsp;<\/p>\n<p>$50<\/td>\n<td width=\"96\">&nbsp;<\/p>\n<p>$100<\/td>\n<td width=\"156\">&nbsp;<\/p>\n<p>$200<\/td>\n<\/tr>\n<tr>\n<td width=\"311\">91.32 Materiales en la calle o acera<\/td>\n<td width=\"96\">$50<\/td>\n<td width=\"96\">$100<\/td>\n<td width=\"156\">$200<\/td>\n<\/tr>\n<tr>\n<td width=\"311\">92.03(A) \u00c1rboles peligrosos<\/td>\n<td width=\"96\">$100<\/td>\n<td width=\"96\">$200<\/td>\n<td width=\"156\">$300<\/td>\n<\/tr>\n<tr>\n<td width=\"311\">92.03(B) Acumulaci\u00f3n de basura<\/td>\n<td width=\"96\">$50<\/td>\n<td width=\"96\">$100<\/td>\n<td width=\"156\">$200<\/td>\n<\/tr>\n<tr>\n<td width=\"311\">92.03(C) Almacenamiento de explosivos<\/td>\n<td width=\"96\">$100<\/td>\n<td width=\"96\">$200<\/td>\n<td width=\"156\">$300<\/td>\n<\/tr>\n<tr>\n<td width=\"311\">92.03(D) Malezas y pasto<\/td>\n<td width=\"96\">$50<\/td>\n<td width=\"96\">$100<\/td>\n<td width=\"156\">$200<\/td>\n<\/tr>\n<tr>\n<td width=\"311\">92.03(E) Pozos abiertos<\/td>\n<td width=\"96\">$100<\/td>\n<td width=\"96\">$200<\/td>\n<td width=\"156\">$300<\/td>\n<\/tr>\n<tr>\n<td width=\"311\">92.03(F) \u00c1rboles y arbustos<\/td>\n<td width=\"96\">$50<\/td>\n<td width=\"96\">$100<\/td>\n<td width=\"156\">$200<\/td>\n<\/tr>\n<tr>\n<td width=\"311\">92.03(G) Tenencia de animales<\/td>\n<td width=\"96\">$50<\/td>\n<td width=\"96\">$100<\/td>\n<td width=\"156\">$200<\/td>\n<\/tr>\n<tr>\n<td width=\"311\">92.03(H) Basura; Chatarra; veh\u00edculos de motor<\/td>\n<td width=\"96\">$50<\/td>\n<td width=\"96\">$100<\/td>\n<td width=\"156\">$200<\/td>\n<\/tr>\n<tr>\n<td width=\"311\">92.03(I) Estructuras en ruinas<\/td>\n<td width=\"96\">$200<\/td>\n<td width=\"96\">$300<\/td>\n<td width=\"156\">$400<\/td>\n<\/tr>\n<\/tbody>\n<\/table>\n<p>&nbsp;<\/p>\n<table>\n<tbody>\n<tr>\n<td width=\"311\">92.03(J) Valla electrificada<\/td>\n<td width=\"96\">$50<\/td>\n<td width=\"96\">$100<\/td>\n<td width=\"156\">$200<\/td>\n<\/tr>\n<tr>\n<td width=\"311\">92.03(K) Contenedores de basura y desechos<\/td>\n<td width=\"96\">$50<\/td>\n<td width=\"96\">$100<\/td>\n<td width=\"156\">$200<\/td>\n<\/tr>\n<tr>\n<td width=\"311\">95 cementerios<\/td>\n<td width=\"96\">$50<\/td>\n<td width=\"96\">$100<\/td>\n<td width=\"156\">$200<\/td>\n<\/tr>\n<tr>\n<td width=\"311\">98.02 Visualizaci\u00f3n de n\u00fameros de casas<\/td>\n<td width=\"96\">$50<\/td>\n<td width=\"96\">$100<\/td>\n<td width=\"156\">$200<\/td>\n<\/tr>\n<tr>\n<td width=\"311\">110 Impuestos sobre Licencias Ocupacionales<\/td>\n<td width=\"96\">$50<\/td>\n<td width=\"96\">$100<\/td>\n<td width=\"156\">$200<\/td>\n<\/tr>\n<tr>\n<td width=\"311\">114 Se requiere permiso de venta de garaje<\/td>\n<td width=\"96\">$10<\/td>\n<td width=\"96\">$20<\/td>\n<td width=\"156\">$40<\/td>\n<\/tr>\n<tr>\n<td width=\"311\">151 Zonificaci\u00f3n<\/td>\n<td width=\"96\">$50-$100<\/td>\n<td width=\"96\">$100-<\/p>\n<p>$500<\/td>\n<td width=\"156\">$200-$1,000<\/td>\n<\/tr>\n<tr>\n<td width=\"311\">C\u00f3digo de mantenimiento de propiedad<\/td>\n<td width=\"96\">$50<\/td>\n<td width=\"96\">$100<\/td>\n<td width=\"156\">$200<\/td>\n<\/tr>\n<\/tbody>\n<\/table>\n<p>(D) Tras la cuarta infracci\u00f3n por la misma infracci\u00f3n, si la Junta de Cumplimiento del C\u00f3digo determina que existi\u00f3 una infracci\u00f3n, la Junta emitir\u00e1 una orden final imponiendo una multa diaria por el monto establecido en la divisi\u00f3n (C) anterior para terceros y otros infracciones, que se devengar\u00e1n hasta un monto m\u00e1ximo de $5.000. La multa diaria comenzar\u00e1 en la fecha en que se emita la orden final hasta el d\u00eda en que el Oficial de Cumplimiento del C\u00f3digo declare subsanada la infracci\u00f3n. Ser\u00e1 responsabilidad del propietario solicitar una inspecci\u00f3n por parte del Oficial de Cumplimiento del C\u00f3digo para certificar que la infracci\u00f3n ha sido subsanada.<\/p>","protected":false},"excerpt":{"rendered":"<p>The City of Elkton established a Code Enforcement Board to offer an&#8230;<br \/><a class=\"moretag\" href=\"https:\/\/elktonky.com\/es\/code-enforcement\/\">Leer m\u00e1s &quot;<\/a><\/p>","protected":false},"author":1,"featured_media":0,"parent":0,"menu_order":0,"comment_status":"open","ping_status":"open","template":"","meta":{"_price":"","_stock":"","_tribe_ticket_header":"","_tribe_default_ticket_provider":"TEC\\Tickets\\Commerce\\Module","_tribe_ticket_capacity":"0","_ticket_start_date":"","_ticket_end_date":"","_tribe_ticket_show_description":"","_tribe_ticket_show_not_going":false,"_tribe_ticket_use_global_stock":"","_tribe_ticket_global_stock_level":"","_global_stock_mode":"","_global_stock_cap":"","_tribe_rsvp_for_event":"","_tribe_ticket_going_count":"","_tribe_ticket_not_going_count":"","_tribe_tickets_list":"[]","_tribe_ticket_has_attendee_info_fields":false,"footnotes":"","_tec_slr_enabled":"","_tec_slr_layout":""},"class_list":["post-157","page","type-page","status-publish","hentry"],"ams_acf":[],"ticketed":false,"_links":{"self":[{"href":"https:\/\/elktonky.com\/es\/wp-json\/wp\/v2\/pages\/157","targetHints":{"allow":["GET"]}}],"collection":[{"href":"https:\/\/elktonky.com\/es\/wp-json\/wp\/v2\/pages"}],"about":[{"href":"https:\/\/elktonky.com\/es\/wp-json\/wp\/v2\/types\/page"}],"author":[{"embeddable":true,"href":"https:\/\/elktonky.com\/es\/wp-json\/wp\/v2\/users\/1"}],"replies":[{"embeddable":true,"href":"https:\/\/elktonky.com\/es\/wp-json\/wp\/v2\/comments?post=157"}],"version-history":[{"count":12,"href":"https:\/\/elktonky.com\/es\/wp-json\/wp\/v2\/pages\/157\/revisions"}],"predecessor-version":[{"id":11870,"href":"https:\/\/elktonky.com\/es\/wp-json\/wp\/v2\/pages\/157\/revisions\/11870"}],"wp:attachment":[{"href":"https:\/\/elktonky.com\/es\/wp-json\/wp\/v2\/media?parent=157"}],"curies":[{"name":"wp","href":"https:\/\/api.w.org\/{rel}","templated":true}]}}