{"id":159,"date":"2012-08-31T12:47:54","date_gmt":"2012-08-31T18:47:54","guid":{"rendered":"https:\/\/elktonky.com\/wordpress\/?page_id=159"},"modified":"2025-07-11T09:51:02","modified_gmt":"2025-07-11T14:51:02","slug":"planning-and-zoning","status":"publish","type":"page","link":"https:\/\/elktonky.com\/es\/planning-and-zoning\/","title":{"rendered":"Planificaci\u00f3n y Zonificaci\u00f3n"},"content":{"rendered":"<p><span style=\"font-family: georgia,palatino;\">Nuevo portal de clientes \u2013 <strong><span style=\"color: #0000ff;\"><a style=\"color: #0000ff;\" href=\"https:\/\/elktonkypermit.portal.iworq.net\/portalhome\/elktonkypermit\" target=\"_blank\" rel=\"noopener\">Solicite un permiso de zonificaci\u00f3n en l\u00ednea\u00a0<\/a><\/span><\/strong><\/span><\/p>\n<p>&nbsp;<\/p>\n<p><span style=\"font-family: georgia,palatino;\">La Comisi\u00f3n de Planificaci\u00f3n de Elkton fue creada en 1985 y lleva a cabo los poderes y funciones establecidos en la Ordenanza de Zonificaci\u00f3n de Elkton y el Cap\u00edtulo 100 de KRS.<\/span><\/p>\n<p><span style=\"font-family: georgia,palatino;\"><strong>Descargar y ver:<span style=\"color: #0000ff;\"> <a style=\"color: #0000ff;\" href=\"https:\/\/elktonky.com\/wp-content\/uploads\/2023\/08\/Chapter-151-Zoning-Ordinance.pdf\" target=\"_blank\" rel=\"noopener\">Cap\u00edtulo 151 Ordenanza de zonificaci\u00f3n<\/a><\/span><\/strong><\/span><\/p>\n<p>On July 10th, 2025, the Elkton City Council passed an ordinance amending Chapter 151 of the City of Elkton Code of Ordinances. This amendment updates the building permit and application fee structure required within the City of Elkton. Residents, contractors, and developers are encouraged to review the ordinance for details on the revised fees. A copy of the ordinance is available below.<\/p>\n<p><strong>Descargar y ver: <span style=\"color: #0000ff;\"><a style=\"color: #0000ff;\" href=\"https:\/\/elktonky.com\/wp-content\/uploads\/2025\/07\/Ordinance-2025-08.pdf\" target=\"_blank\" rel=\"noopener\">Ordinance 2025-08<\/a><\/span><\/strong><\/p>\n<h3><\/h3>\n<h3><span style=\"font-family: georgia,palatino;\"><strong>Descargar y ver: <\/strong><\/span><\/h3>\n<p><span style=\"color: #0000ff; font-family: georgia, palatino, serif;\"><strong><a style=\"color: #0000ff;\" href=\"https:\/\/elktonky.com\/wp-content\/uploads\/2012\/08\/Zoning-Development-Plan-Guidelines-Text.pdf\" target=\"_blank\" rel=\"noopener noreferrer\">Directrices del plan de desarrollo<\/a><\/strong><\/span><\/p>\n<p><span style=\"color: #0000ff; font-family: georgia, palatino, serif;\"><strong><a style=\"color: #0000ff;\" href=\"https:\/\/elktonky.com\/wp-content\/uploads\/2012\/08\/Landscape-Guidelines-Addendum-Text.pdf\" target=\"_blank\" rel=\"noopener noreferrer\">Anexo a las pautas de paisaje<\/a><\/strong><\/span><\/p>\n<h3><\/h3>\n<h3><span style=\"font-family: georgia,palatino;\">Reglamento de Subdivisi\u00f3n<\/span><\/h3>\n<p><span style=\"font-family: georgia,palatino;\">La Comisi\u00f3n de Planificaci\u00f3n de Elkton adopt\u00f3 Reglamentos de Subdivisi\u00f3n en agosto de 2008. Adem\u00e1s, la Comisi\u00f3n ampli\u00f3 estos Reglamentos de Subdivisi\u00f3n fuera de los l\u00edmites de la ciudad de Elkton seg\u00fan lo dispuesto en KRS 100.131. Esta \u00e1rea de \u201cjurisdicci\u00f3n extraterritorial\u201d est\u00e1 representada en un mapa adoptado por la Comisi\u00f3n y fechado el 12 de febrero de 2009 y est\u00e1 archivado en el Ayuntamiento de Elkton y en la Oficina del Secretario del Condado de Todd.<\/span><\/p>\n<p><span style=\"font-family: georgia,palatino;\"><strong>Descargar y ver: <span style=\"color: #0000ff;\"><a style=\"color: #0000ff;\" href=\"https:\/\/elktonky.com\/wp-content\/uploads\/2020\/05\/Elkton-Subdivision-Regulations-CURRENT.pdf\" target=\"_blank\" rel=\"noopener noreferrer\">Regulaciones de la subdivisi\u00f3n de Elkton<\/a><\/span><br \/>\n<\/strong><\/span><\/p>\n<div><\/div>\n<div><\/div>\n<h3><span style=\"font-family: georgia,palatino;\">Plan Integral<\/span><\/h3>\n<p><span style=\"font-family: georgia,palatino;\">En julio de 2012, la ciudad de Elkton y la Comisi\u00f3n de Planificaci\u00f3n de Elkton contrataron al Distrito de Desarrollo del \u00c1rea de Pennyrile para la actualizaci\u00f3n del Plan Integral para la ciudad de Elkton. El Plan fue adoptado oficialmente por la Comisi\u00f3n de Planificaci\u00f3n el 28 de febrero de 2013. Puede ver los documentos oficiales del Plan Integral en el Ayuntamiento de Elkton durante el horario comercial habitual o descargarlos y verlos a continuaci\u00f3n.<\/span><\/p>\n<p><strong><span style=\"font-family: georgia, palatino, serif;\">Descargar y ver: <a href=\"https:\/\/elktonky-my.sharepoint.com\/:b:\/p\/city_clerk\/EUfOtX7DvL1AjVFfUv1YO1sBHAdZCd09j1Gc1V-Yb12-7g?e=f91QPO\" target=\"_blank\" rel=\"noopener noreferrer\"><span style=\"color: #0000ff;\">Plan Integral de Elkton<\/span><\/a><\/span><\/strong><\/p>\n<div><\/div>\n<div>\n<h3><span style=\"font-family: georgia,palatino;\">Permiso de zonificaci\u00f3n y otras solicitudes<\/span><\/h3>\n<\/div>\n<p><span style=\"font-family: georgia,palatino;\">La Ordenanza de Zonificaci\u00f3n requiere un Permiso de Zonificaci\u00f3n para diversos proyectos de construcci\u00f3n realizados en la ciudad, incluidas adiciones a estructuras existentes, nuevas construcciones, construcci\u00f3n o colocaci\u00f3n de edificios de almacenamiento, y m\u00e1s. Revise la Ordenanza de zonificaci\u00f3n o comun\u00edquese con el Ayuntamiento de Elkton al 270-265-9877.<\/span><\/p>\n<p><span style=\"color: #0000ff; font-size: 12pt;\"><strong><a style=\"color: #0000ff;\" href=\"https:\/\/elktonky.com\/wp-content\/uploads\/2025\/07\/Zoning-Permit-Application-Revised-July-2025.pdf\" target=\"_blank\" rel=\"noopener\">Solicitud de permiso de zonificaci\u00f3n<\/a><\/strong><\/span><\/p>\n<p><span style=\"color: #0000ff;\"><strong><span style=\"font-family: georgia, palatino, serif; font-size: 12pt;\"><a style=\"color: #0000ff;\" href=\"https:\/\/elktonky.com\/wp-content\/uploads\/2025\/07\/Request-for-Dimensional-Variance-Application.pdf\" target=\"_blank\" rel=\"noopener\">Dimensional Variance Application<\/a><\/span><\/strong><\/span><\/p>\n<p><span style=\"color: #0000ff;\"><strong><span style=\"font-family: georgia, palatino, serif; font-size: 12pt;\"><a style=\"color: #0000ff;\" href=\"https:\/\/elktonky.com\/wp-content\/uploads\/2025\/07\/Request-for-Conditional-Use-Permit-Application.pdf\" target=\"_blank\" rel=\"noopener\">Conditional Use Permit Application<\/a><\/span><\/strong><\/span><\/p>\n<p><span style=\"color: #0000ff;\"><strong><span style=\"font-family: georgia, palatino, serif; font-size: 12pt;\"><a style=\"color: #0000ff;\" href=\"https:\/\/elktonky.com\/wp-content\/uploads\/2025\/07\/Application-Zoning-Map-or-Text-Amendment.pdf\" target=\"_blank\" rel=\"noopener\">Zoning Map or Text Amendment Application<\/a><\/span><\/strong><\/span><\/p>\n<p>&nbsp;<\/p>","protected":false},"excerpt":{"rendered":"<p>New Customer Portal &#8211; Apply for a Zoning Permit Online\u00a0 &nbsp; The&#8230;<br \/><a class=\"moretag\" href=\"https:\/\/elktonky.com\/es\/planning-and-zoning\/\">Leer m\u00e1s &quot;<\/a><\/p>","protected":false},"author":1,"featured_media":0,"parent":0,"menu_order":0,"comment_status":"open","ping_status":"open","template":"","meta":{"_price":"","_stock":"","_tribe_ticket_header":"","_tribe_default_ticket_provider":"TEC\\Tickets\\Commerce\\Module","_tribe_ticket_capacity":"0","_ticket_start_date":"","_ticket_end_date":"","_tribe_ticket_show_description":"","_tribe_ticket_show_not_going":false,"_tribe_ticket_use_global_stock":"","_tribe_ticket_global_stock_level":"","_global_stock_mode":"","_global_stock_cap":"","_tribe_rsvp_for_event":"","_tribe_ticket_going_count":"","_tribe_ticket_not_going_count":"","_tribe_tickets_list":"[]","_tribe_ticket_has_attendee_info_fields":false,"footnotes":"","_tec_slr_enabled":"","_tec_slr_layout":""},"class_list":["post-159","page","type-page","status-publish","hentry"],"ams_acf":[],"ticketed":false,"_links":{"self":[{"href":"https:\/\/elktonky.com\/es\/wp-json\/wp\/v2\/pages\/159","targetHints":{"allow":["GET"]}}],"collection":[{"href":"https:\/\/elktonky.com\/es\/wp-json\/wp\/v2\/pages"}],"about":[{"href":"https:\/\/elktonky.com\/es\/wp-json\/wp\/v2\/types\/page"}],"author":[{"embeddable":true,"href":"https:\/\/elktonky.com\/es\/wp-json\/wp\/v2\/users\/1"}],"replies":[{"embeddable":true,"href":"https:\/\/elktonky.com\/es\/wp-json\/wp\/v2\/comments?post=159"}],"version-history":[{"count":19,"href":"https:\/\/elktonky.com\/es\/wp-json\/wp\/v2\/pages\/159\/revisions"}],"predecessor-version":[{"id":11604,"href":"https:\/\/elktonky.com\/es\/wp-json\/wp\/v2\/pages\/159\/revisions\/11604"}],"wp:attachment":[{"href":"https:\/\/elktonky.com\/es\/wp-json\/wp\/v2\/media?parent=159"}],"curies":[{"name":"wp","href":"https:\/\/api.w.org\/{rel}","templated":true}]}}