{"id":167,"date":"2012-08-31T12:49:22","date_gmt":"2012-08-31T18:49:22","guid":{"rendered":"https:\/\/elktonky.com\/wordpress\/?page_id=167"},"modified":"2023-03-23T12:19:03","modified_gmt":"2023-03-23T17:19:03","slug":"elkton-planning-commission","status":"publish","type":"page","link":"https:\/\/elktonky.com\/es\/boards\/elkton-planning-commission\/","title":{"rendered":"Comisi\u00f3n de Planificaci\u00f3n de Elkton"},"content":{"rendered":"<p><span style=\"font-family: georgia,palatino;\">\u00a0<\/span><\/p>\n<h3><span style=\"font-size: medium; font-family: georgia, palatino, serif; color: #000000;\"><strong>Reuniones: seg\u00fan sea necesario el primer jueves a las 6 p.m.<\/strong><\/span><\/h3>\n<h3><span style=\"font-size: medium; font-family: georgia, palatino, serif; color: #000000;\"><strong>Lugar de encuentro: Ayuntamiento de Elkton, 71 Public Square, Elkton, KY<\/strong><\/span><\/h3>\n<p><span style=\"font-family: georgia, palatino, serif; color: #000000;\"><strong>\u00a0<\/strong><\/span><\/p>\n<p><span style=\"color: #000000; font-family: georgia, palatino, serif; font-size: 12pt;\">La Comisi\u00f3n de Planificaci\u00f3n de Elkton est\u00e1 formada por nueve miembros. El Ayuntamiento de Elkton nombra ocho miembros. Debido a que la ciudad tiene jurisdicci\u00f3n extraterritorial a tres millas de los l\u00edmites de la ciudad para las regulaciones de subdivisi\u00f3n, el Tribunal Fiscal del Condado de Todd nombra a un miembro. <\/span><\/p>\n<p><span style=\"color: #000000; font-family: georgia, palatino, serif; font-size: 12pt;\">La Comisi\u00f3n es responsable de desarrollar y revisar el plan integral de la Ciudad. Este plan sirve como gu\u00eda para el desarrollo de la propiedad p\u00fablica y privada en la Ciudad. Con un plan integral implementado, la comisi\u00f3n promulga regulaciones de uso de la tierra. Estas regulaciones incluyen zonificaci\u00f3n y otras regulaciones de gesti\u00f3n del crecimiento para promover la salud p\u00fablica, la seguridad, la moral y el bienestar general de la ciudad para facilitar el desarrollo ordenado y armonioso (KRS Cap\u00edtulo 100).<\/span><\/p>\n<p><strong><span style=\"font-size: 12pt; font-family: georgia, palatino, serif;\"><a href=\"https:\/\/elktonky.com\/es\/planning-and-zoning\/\">Visite la p\u00e1gina de Planificaci\u00f3n y Zonificaci\u00f3n para obtener m\u00e1s informaci\u00f3n sobre el Plan Integral y las Ordenanzas de Zonificaci\u00f3n y Planificaci\u00f3n<\/a><\/span><\/strong><\/p>\n<div><\/div>\n<div><\/div>\n<h4><span style=\"color: #000000; font-family: georgia,palatino; font-size: 12pt;\"><strong>Miembros de la Comisi\u00f3n de Planificaci\u00f3n<\/strong><\/span><\/h4>\n<div><span style=\"color: #000000; font-family: georgia, palatino, serif; font-size: 12pt;\">Charlotte Myers, presidenta\u00a0<\/span><\/div>\n<div><span style=\"color: #000000; font-family: georgia, palatino, serif; font-size: 12pt;\">Rodney Seay, vicepresidente<\/span><\/div>\n<div><span style=\"color: #000000; font-family: georgia, palatino, serif; font-size: 12pt;\">Jean Odum, Secretario<\/span><\/div>\n<div><span style=\"color: #000000; font-family: georgia, palatino, serif; font-size: 12pt;\">Frank Hampton (designado por el condado)<br \/>\n<\/span><\/div>\n<div><span style=\"font-family: georgia, palatino, serif;\">nicolas harris<\/span><\/div>\n<div><span style=\"color: #000000; font-family: georgia, palatino, serif; font-size: 12pt;\">Eugenio Jefferson<\/span><\/div>\n<div><span style=\"color: #000000; font-family: georgia, palatino, serif; font-size: 12pt;\">Doug Prados<br \/>\nTyler Wiseman<\/span><\/div>\n<div><span style=\"font-family: georgia, palatino, serif;\">Vacante<\/span><\/div>\n<div><\/div>","protected":false},"excerpt":{"rendered":"<p>\u00a0 Reuniones: seg\u00fan sea necesario el primer jueves a las 6:00 p. m. Lugar de reuni\u00f3n:\u2026<br \/><a class=\"moretag\" href=\"https:\/\/elktonky.com\/es\/boards\/elkton-planning-commission\/\">Leer m\u00e1s &quot;<\/a><\/p>","protected":false},"author":1,"featured_media":0,"parent":165,"menu_order":0,"comment_status":"open","ping_status":"open","template":"","meta":{"_price":"","_stock":"","_tribe_ticket_header":"","_tribe_default_ticket_provider":"","_tribe_ticket_capacity":"0","_ticket_start_date":"","_ticket_end_date":"","_tribe_ticket_show_description":"","_tribe_ticket_show_not_going":false,"_tribe_ticket_use_global_stock":"","_tribe_ticket_global_stock_level":"","_global_stock_mode":"","_global_stock_cap":"","_tribe_rsvp_for_event":"","_tribe_ticket_going_count":"","_tribe_ticket_not_going_count":"","_tribe_tickets_list":"[]","_tribe_ticket_has_attendee_info_fields":false,"footnotes":"","_tec_slr_enabled":"","_tec_slr_layout":""},"class_list":["post-167","page","type-page","status-publish","hentry"],"ams_acf":[],"ticketed":false,"_links":{"self":[{"href":"https:\/\/elktonky.com\/es\/wp-json\/wp\/v2\/pages\/167","targetHints":{"allow":["GET"]}}],"collection":[{"href":"https:\/\/elktonky.com\/es\/wp-json\/wp\/v2\/pages"}],"about":[{"href":"https:\/\/elktonky.com\/es\/wp-json\/wp\/v2\/types\/page"}],"author":[{"embeddable":true,"href":"https:\/\/elktonky.com\/es\/wp-json\/wp\/v2\/users\/1"}],"replies":[{"embeddable":true,"href":"https:\/\/elktonky.com\/es\/wp-json\/wp\/v2\/comments?post=167"}],"version-history":[{"count":9,"href":"https:\/\/elktonky.com\/es\/wp-json\/wp\/v2\/pages\/167\/revisions"}],"predecessor-version":[{"id":10122,"href":"https:\/\/elktonky.com\/es\/wp-json\/wp\/v2\/pages\/167\/revisions\/10122"}],"up":[{"embeddable":true,"href":"https:\/\/elktonky.com\/es\/wp-json\/wp\/v2\/pages\/165"}],"wp:attachment":[{"href":"https:\/\/elktonky.com\/es\/wp-json\/wp\/v2\/media?parent=167"}],"curies":[{"name":"wp","href":"https:\/\/api.w.org\/{rel}","templated":true}]}}