{"id":175,"date":"2012-08-31T12:52:08","date_gmt":"2012-08-31T18:52:08","guid":{"rendered":"https:\/\/elktonky.com\/wordpress\/?page_id=175"},"modified":"2025-04-17T13:22:55","modified_gmt":"2025-04-17T18:22:55","slug":"ethics-board","status":"publish","type":"page","link":"https:\/\/elktonky.com\/es\/boards\/ethics-board\/","title":{"rendered":"Junta de \u00c9tica"},"content":{"rendered":"<p>&nbsp;<\/p>\n<p><span style=\"color: #000000; font-family: georgia, palatino; font-size: 12pt;\">El Consejo de \u00c9tica tiene tres miembros. La Junta fue creada para hacer cumplir las disposiciones del C\u00f3digo de \u00c9tica de la Ciudad con respecto a todos los funcionarios y empleados de la Ciudad. La Junta recibe e investiga quejas y celebra audiencias para determinar cualquier violaci\u00f3n al C\u00f3digo de \u00c9tica. La Junta informar\u00e1 cualquier violaci\u00f3n al Alcalde.<\/span><\/p>\n<p><span style=\"font-family: georgia, palatino, serif; font-size: 12pt;\">Miembros del Consejo de \u00c9tica:<\/span><\/p>\n<p><span style=\"font-family: georgia, palatino, serif; font-size: 12pt;\">Peggy Oller<\/span><br \/>\n<span style=\"font-family: georgia, palatino, serif; font-size: 12pt;\">Jimmie Shemwell<\/span><br \/>\n<span style=\"font-family: georgia, palatino, serif; font-size: 12pt;\">Linda Groves<\/span><\/p>\n<p>&nbsp;<\/p>\n<p><span style=\"font-family: georgia, palatino, serif; font-size: 12pt;\"><strong><span style=\"color: #0000ff;\"><a style=\"color: #0000ff;\" href=\"https:\/\/elktonky.com\/wordpress\/wp-content\/uploads\/2012\/08\/CHAPTER-36-CODE-OF-ETHICS.pdf\" target=\"_blank\" rel=\"noopener noreferrer\">Ordenanza sobre el c\u00f3digo de \u00e9tica<\/a><\/span><\/strong><\/span><\/p>\n<div><span style=\"font-family: georgia, palatino, serif; font-size: 10pt;\">\u00a0<\/span><\/div>","protected":false},"excerpt":{"rendered":"<p>&nbsp; El Consejo de \u00c9tica tiene tres miembros. La Junta fue creada para\u2026<br \/><a class=\"moretag\" href=\"https:\/\/elktonky.com\/es\/boards\/ethics-board\/\">Leer m\u00e1s &quot;<\/a><\/p>","protected":false},"author":1,"featured_media":0,"parent":165,"menu_order":0,"comment_status":"open","ping_status":"open","template":"","meta":{"_price":"","_stock":"","_tribe_ticket_header":"","_tribe_default_ticket_provider":"TEC\\Tickets\\Commerce\\Module","_tribe_ticket_capacity":"0","_ticket_start_date":"","_ticket_end_date":"","_tribe_ticket_show_description":"","_tribe_ticket_show_not_going":false,"_tribe_ticket_use_global_stock":"","_tribe_ticket_global_stock_level":"","_global_stock_mode":"","_global_stock_cap":"","_tribe_rsvp_for_event":"","_tribe_ticket_going_count":"","_tribe_ticket_not_going_count":"","_tribe_tickets_list":"[]","_tribe_ticket_has_attendee_info_fields":false,"footnotes":"","_tec_slr_enabled":"","_tec_slr_layout":""},"class_list":["post-175","page","type-page","status-publish","hentry"],"ams_acf":[],"ticketed":false,"_links":{"self":[{"href":"https:\/\/elktonky.com\/es\/wp-json\/wp\/v2\/pages\/175","targetHints":{"allow":["GET"]}}],"collection":[{"href":"https:\/\/elktonky.com\/es\/wp-json\/wp\/v2\/pages"}],"about":[{"href":"https:\/\/elktonky.com\/es\/wp-json\/wp\/v2\/types\/page"}],"author":[{"embeddable":true,"href":"https:\/\/elktonky.com\/es\/wp-json\/wp\/v2\/users\/1"}],"replies":[{"embeddable":true,"href":"https:\/\/elktonky.com\/es\/wp-json\/wp\/v2\/comments?post=175"}],"version-history":[{"count":3,"href":"https:\/\/elktonky.com\/es\/wp-json\/wp\/v2\/pages\/175\/revisions"}],"predecessor-version":[{"id":11536,"href":"https:\/\/elktonky.com\/es\/wp-json\/wp\/v2\/pages\/175\/revisions\/11536"}],"up":[{"embeddable":true,"href":"https:\/\/elktonky.com\/es\/wp-json\/wp\/v2\/pages\/165"}],"wp:attachment":[{"href":"https:\/\/elktonky.com\/es\/wp-json\/wp\/v2\/media?parent=175"}],"curies":[{"name":"wp","href":"https:\/\/api.w.org\/{rel}","templated":true}]}}