{"id":177,"date":"2012-08-31T12:52:23","date_gmt":"2012-08-31T18:52:23","guid":{"rendered":"https:\/\/elktonky.com\/wordpress\/?page_id=177"},"modified":"2025-07-11T09:57:02","modified_gmt":"2025-07-11T14:57:02","slug":"recreation-commission","status":"publish","type":"page","link":"https:\/\/elktonky.com\/es\/boards\/recreation-commission\/","title":{"rendered":"Comisi\u00f3n de recreaci\u00f3n"},"content":{"rendered":"<p>&nbsp;<\/p>\n<p><span style=\"font-family: georgia,palatino;\"><span style=\"font-size: medium; color: #000000;\"><strong>Meetings: As needed<\/strong><\/span><strong><span style=\"font-size: medium;\"><span style=\"color: #000000;\">, Ayuntamiento de Elkton,<\/span> 71 Plaza P\u00fablica<\/span><br \/>\n<\/strong><\/span><\/p>\n<div><\/div>\n<p><span style=\"color: #000000; font-family: georgia, palatino; font-size: 12pt;\">La Comisi\u00f3n de Recreaci\u00f3n se form\u00f3 para gestionar todos los aspectos de los programas recreativos del Parque Ciudad-Condado. La Comisi\u00f3n est\u00e1 compuesta por un total de 9 miembros votantes: tres miembros designados por el Alcalde con la aprobaci\u00f3n del Ayuntamiento; tres miembros designados por el Juez Ejecutivo del Condado con la aprobaci\u00f3n del Tribunal Fiscal; un miembro designado por la Junta de Educaci\u00f3n del Condado de Todd (que no ser\u00e1 miembro electo de la junta escolar); un miembro del Concejo Municipal de Elkton; y un miembro del Tribunal Fiscal del Condado de Todd. Las actividades incluyen b\u00e9isbol juvenil, softbol de lanzamiento r\u00e1pido, softbol mixto para adultos y f\u00fatbol juvenil.<\/span><\/p>\n<p><span style=\"font-family: georgia, palatino; color: #0000ff; font-size: 12pt;\"><strong><a href=\"https:\/\/elktonky.com\/es\/wordpress\/departments\/parks-and-recreation\/\"><span style=\"color: #0000ff;\">Vea la p\u00e1gina de Parques y Recreaci\u00f3n para obtener m\u00e1s informaci\u00f3n sobre el parque.<\/span><\/a><\/strong><\/span><\/p>","protected":false},"excerpt":{"rendered":"<p>&nbsp; Meetings: As needed, Elkton City Hall, 71 Public Square The Recreation&#8230;<br \/><a class=\"moretag\" href=\"https:\/\/elktonky.com\/es\/boards\/recreation-commission\/\">Leer m\u00e1s &quot;<\/a><\/p>","protected":false},"author":1,"featured_media":0,"parent":165,"menu_order":0,"comment_status":"open","ping_status":"open","template":"","meta":{"_price":"","_stock":"","_tribe_ticket_header":"","_tribe_default_ticket_provider":"TEC\\Tickets\\Commerce\\Module","_tribe_ticket_capacity":"0","_ticket_start_date":"","_ticket_end_date":"","_tribe_ticket_show_description":"","_tribe_ticket_show_not_going":false,"_tribe_ticket_use_global_stock":"","_tribe_ticket_global_stock_level":"","_global_stock_mode":"","_global_stock_cap":"","_tribe_rsvp_for_event":"","_tribe_ticket_going_count":"","_tribe_ticket_not_going_count":"","_tribe_tickets_list":"[]","_tribe_ticket_has_attendee_info_fields":false,"footnotes":"","_tec_slr_enabled":"","_tec_slr_layout":""},"class_list":["post-177","page","type-page","status-publish","hentry"],"ams_acf":[],"ticketed":false,"_links":{"self":[{"href":"https:\/\/elktonky.com\/es\/wp-json\/wp\/v2\/pages\/177","targetHints":{"allow":["GET"]}}],"collection":[{"href":"https:\/\/elktonky.com\/es\/wp-json\/wp\/v2\/pages"}],"about":[{"href":"https:\/\/elktonky.com\/es\/wp-json\/wp\/v2\/types\/page"}],"author":[{"embeddable":true,"href":"https:\/\/elktonky.com\/es\/wp-json\/wp\/v2\/users\/1"}],"replies":[{"embeddable":true,"href":"https:\/\/elktonky.com\/es\/wp-json\/wp\/v2\/comments?post=177"}],"version-history":[{"count":2,"href":"https:\/\/elktonky.com\/es\/wp-json\/wp\/v2\/pages\/177\/revisions"}],"predecessor-version":[{"id":11537,"href":"https:\/\/elktonky.com\/es\/wp-json\/wp\/v2\/pages\/177\/revisions\/11537"}],"up":[{"embeddable":true,"href":"https:\/\/elktonky.com\/es\/wp-json\/wp\/v2\/pages\/165"}],"wp:attachment":[{"href":"https:\/\/elktonky.com\/es\/wp-json\/wp\/v2\/media?parent=177"}],"curies":[{"name":"wp","href":"https:\/\/api.w.org\/{rel}","templated":true}]}}