{"id":182,"date":"2012-08-31T12:57:14","date_gmt":"2012-08-31T18:57:14","guid":{"rendered":"https:\/\/elktonky.com\/wordpress\/?page_id=182"},"modified":"2025-04-17T14:05:27","modified_gmt":"2025-04-17T19:05:27","slug":"elkton-businesses","status":"publish","type":"page","link":"https:\/\/elktonky.com\/es\/elkton-businesses\/","title":{"rendered":"Empresas Elkton"},"content":{"rendered":"<p>&nbsp;<\/p>\n<p><span style=\"font-size: 10pt; font-family: georgia, palatino, serif;\"><em><strong><span style=\"font-size: 18pt;\">Compras<\/span><br \/>\n<\/strong><\/em><\/span><em><strong><span style=\"font-size: 18pt;\"><span style=\"font-size: 10pt; font-family: georgia, palatino, serif;\"><span style=\"color: #000000;\">(Llame a cada ubicaci\u00f3n para conocer el horario comercial)<\/span><\/span><\/span><\/strong><\/em><\/p>\n<p><span style=\"font-family: georgia, palatino; color: #000000; font-size: 10pt;\"><span style=\"font-size: 12pt;\"><strong>Iluminaci\u00f3n y decoraci\u00f3n del hogar Coffman<\/strong><\/span><br \/>\nDirecci\u00f3n F\u00edsica: 2200 Negocios 68<br \/>\nTel\u00e9fono comercial: 270-265-2440<br \/>\nArt\u00edculos a la venta: Accesorios de iluminaci\u00f3n<\/span><\/p>\n<p><span style=\"font-family: georgia, palatino; color: #000000; font-size: 10pt;\"><span style=\"font-size: 12pt;\"><strong>Vivero de jard\u00edn campestre<\/strong><\/span><br \/>\nDirecci\u00f3n f\u00edsica: 1309 Olmstead Rd (\u00bc de milla desde 68\/80)<br \/>\nTel\u00e9fono comercial: 270-265-2266<br \/>\nArt\u00edculos a la venta: plantas, arbustos, estatuas de concreto, servicio\/material de jardiner\u00eda y tienda de regalos.<\/span><\/p>\n<p><span style=\"font-size: 10pt;\"><strong><span style=\"font-family: georgia, palatino, serif;\"><span style=\"font-size: 12pt;\">Cosecha de cadera<\/span><br \/>\n<\/span><\/strong><span style=\"font-family: georgia, palatino, serif;\">Direcci\u00f3n f\u00edsica: Plaza P\u00fablica 41<\/span><span style=\"font-family: georgia, palatino, serif;\"><br \/>\nArt\u00edculos a la venta: Cosecha de productos elaborados en Kentucky y otros obsequios \u00fanicos.<br \/>\n<\/span><\/span><span style=\"font-size: 10pt;\"><span style=\"color: #0000ff;\"><a style=\"color: #0000ff;\" href=\"https:\/\/www.facebook.com\/hipharvest\" target=\"_blank\" rel=\"noopener noreferrer\"><strong><span style=\"font-family: georgia, palatino, serif;\">Pagina de Facebook<\/span><\/strong><\/a><\/span><\/span><\/p>\n<p><span style=\"font-family: georgia, palatino; color: #000000; font-size: 10pt;\"><span style=\"font-size: 12pt;\"><strong>Tela de Latham y m\u00e1s<\/strong><\/span><br \/>\nDirecci\u00f3n F\u00edsica: Plaza P\u00fablica 40<br \/>\nTel\u00e9fono comercial: 270-265-0005<br \/>\nArt\u00edculos a la venta: modificaciones, art\u00edculos de costura, regalos, navajas, relojes, flores de cementerio y mucho m\u00e1s.<\/span><\/p>\n<p><span style=\"font-family: georgia, palatino; color: #000000; font-size: 10pt;\"><span style=\"font-size: 12pt;\"><strong>vaquera afortunada<\/strong><\/span><br \/>\nDirecci\u00f3n F\u00edsica: Plaza P\u00fablica 10<br \/>\nTel\u00e9fono comercial: 270-847-2445<br \/>\nArt\u00edculos a la venta: ropa boutique, joyer\u00eda permanente personalizada y mucho m\u00e1s.<\/span><\/p>\n<p><strong><span style=\"color: #0000ff;\"><a style=\"color: #0000ff;\" href=\"https:\/\/www.facebook.com\/profile.php?id=100086317118495\" target=\"_blank\" rel=\"noopener\">Pagina de Facebook<\/a><\/span><\/strong><\/p>\n<p><span style=\"font-family: georgia, palatino; color: #000000; font-size: 10pt;\"><span style=\"font-size: 12pt;\"><strong>Flores y regalos de Nancy<\/strong><\/span><br \/>\nDirecci\u00f3n f\u00edsica: 101 North Main Street<br \/>\nTel\u00e9fono comercial: 270-265-5987<br \/>\nArt\u00edculos a la venta: dise\u00f1os de seda, flores frescas, plantas de interior, art\u00edculos de regalo, \u00a1mucho m\u00e1s!<br \/>\n<strong><span style=\"color: #0000ff;\"><a style=\"color: #0000ff;\" href=\"https:\/\/www.bestprosintown.com\/ky\/elkton\/nancys-flowers-and-gifts-\/\" target=\"_blank\" rel=\"noopener\">Sitio web<\/a><\/span><\/strong><\/span><\/p>\n<p><span style=\"font-family: georgia, palatino; color: #000000; font-size: 10pt;\"><span style=\"font-size: 12pt;\"><strong>Tienda de segunda mano Too Elkton casi nueva<\/strong><\/span><br \/>\nDirecci\u00f3n F\u00edsica: Plaza P\u00fablica 62<br \/>\nTel\u00e9fono comercial: 270-883-5915<br \/>\nArt\u00edculos a la venta: ropa usada, decoraci\u00f3n del hogar y m\u00e1s.<\/span><br \/>\n<strong><span style=\"color: #0000ff;\"><a style=\"color: #0000ff;\" href=\"https:\/\/www.facebook.com\/Nearlynewfurnitureandmoreforgraceandmercy\/\" target=\"_blank\" rel=\"noopener noreferrer\"><span style=\"font-family: georgia, palatino, serif; font-size: 10pt;\">Pagina de Facebook<\/span><\/a><\/span><\/strong><\/p>\n<p><span style=\"font-size: 10pt;\"><strong><span style=\"font-family: georgia, palatino, serif;\"><span style=\"font-size: 12pt;\">Sal\u00f3n y spa de d\u00eda Purple Daizi<\/span><br \/>\n<\/span><\/strong><span style=\"font-family: georgia, palatino, serif;\">Direcci\u00f3n F\u00edsica: Plaza P\u00fablica 63<\/span><span style=\"font-family: georgia, palatino, serif;\"><br \/>\nTel\u00e9fono comercial: 270-265-5245<br \/>\n<\/span><span style=\"color: #0000ff;\"><a style=\"color: #0000ff;\" href=\"https:\/\/www.facebook.com\/The-Purple-Daizi-Day-Spa-and-Salon-333875300058767\/\" target=\"_blank\" rel=\"noopener noreferrer\"><strong><span style=\"font-family: georgia, palatino, serif;\">Pagina de Facebook<\/span><\/strong><\/a><\/span><\/span><\/p>\n<p style=\"text-align: left;\"><span style=\"font-size: 12pt;\"><strong><span style=\"font-family: georgia,palatino; color: #000000;\">Algo especial<\/span><\/strong><\/span><br \/>\n<span style=\"font-size: 10pt;\"> <strong>PAG<\/strong><span style=\"font-family: georgia,palatino; color: #000000;\">Direcci\u00f3n f\u00edsica: Plaza P\u00fablica 84<br \/>\nTel\u00e9fono comercial: 270-265-2887<br \/>\nArt\u00edculos a la venta: Amplia selecci\u00f3n de regalos para beb\u00e9s y novias, velas, platos y flores. Casa abierta anual de Navidad con refrigerios, ventas y m\u00e1s el primer domingo de noviembre.<br \/>\n<span style=\"color: #0000ff;\"><a href=\"https:\/\/www.facebook.com\/1somethingspecial\" target=\"_blank\" rel=\"noopener noreferrer\"><strong>Pagina de Facebook<\/strong><\/a><\/span><\/span><\/span><\/p>\n<p><span style=\"font-family: georgia, palatino; color: #000000; font-size: 10pt;\"><span style=\"font-size: 12pt;\"><strong>Bajo el sol<\/strong><\/span><br \/>\nDirecci\u00f3n f\u00edsica: 211 N Main St<br \/>\nTel\u00e9fono comercial: 270-495-5680<br \/>\nArt\u00edculos a la venta: Sal\u00f3n de bronceado y suministros<br \/>\n<strong><span style=\"color: #0000ff;\"><a style=\"color: #0000ff;\" href=\"https:\/\/www.facebook.com\/Under-The-Sun-1129997003822229\" target=\"_blank\" rel=\"noopener\">Pagina de Facebook<\/a><\/span><\/strong><\/span><\/p>\n<p><span style=\"font-size: 10pt;\"><em><strong><span style=\"font-family: georgia,palatino; color: #000000;\"><span style=\"font-size: 18pt;\">RESTAURANTES<\/span><br \/>\n(Llame a cada ubicaci\u00f3n para conocer el horario comercial)<\/span><\/strong><\/em><\/span><\/p>\n<p><strong style=\"font-size: 10pt;\"><span style=\"font-family: georgia, palatino, serif;\"><span style=\"font-size: 12pt;\">Restaurante Billy Goat Hill de la granja a la mesa<\/span><br \/>\n<\/span><\/strong> <span style=\"font-family: georgia, palatino, serif; font-size: 10pt;\"> Direcci\u00f3n F\u00edsica: Plaza P\u00fablica 22<\/span><br \/>\n<span style=\"font-family: georgia, palatino, serif; font-size: 10pt;\"> Tel\u00e9fono comercial: 270-429-1028<\/span><br \/>\n<span style=\"font-family: georgia, palatino, serif; font-size: 10pt;\"> Art\u00edculos a la venta: Abierto para desayuno, almuerzo y cena.  Especiales diarios en almuerzo y cena.<\/span><\/p>\n<p><span style=\"font-family: georgia, palatino; color: #000000; font-size: 10pt;\"><span style=\"font-size: 12pt;\"><strong>El diario de la reina<\/strong><\/span><br \/>\nDirecci\u00f3n f\u00edsica: 625 West Main St<br \/>\nTel\u00e9fono comercial: 270-265-9040<br \/>\nArt\u00edculos en venta: Helados, Comida R\u00e1pida<\/span><\/p>\n<p><span style=\"font-family: georgia, palatino; color: #000000; font-size: 10pt;\"><span style=\"font-size: 12pt;\"><strong>El Torito<\/strong><\/span><br \/>\nDirecci\u00f3n F\u00edsica: Plaza P\u00fablica 54<br \/>\nTel\u00e9fono comercial: 270-265-3904<br \/>\nArt\u00edculos en venta: Restaurante Mexicano<\/span><\/p>\n<p><span style=\"font-size: 12pt;\"><strong><span style=\"font-family: georgia, palatino, serif;\">Mercado de comida de cinco estrellas<\/span><\/strong><\/span><br \/>\n<span style=\"font-family: georgia, palatino, serif; font-size: 10pt;\"> Direcci\u00f3n f\u00edsica: 302 West Main Street<\/span><br \/>\n<span style=\"font-family: georgia, palatino, serif; font-size: 10pt;\"> Tel\u00e9fono comercial: 270-265-5991<\/span><br \/>\n<span style=\"font-family: georgia, palatino, serif; font-size: 10pt;\"> Art\u00edculos a la venta: Tienda de conveniencia, alimentos frescos para desayuno, almuerzo y en cualquier momento, bebidas calientes y m\u00e1s.<br \/>\n<strong><span style=\"color: #0000ff;\"><a style=\"color: #0000ff;\" href=\"http:\/\/www.fivestarfoodmart.com\/\" target=\"_blank\" rel=\"noopener noreferrer\">Sitio web<\/a><\/span><\/strong><\/span><\/p>\n<p><span style=\"font-size: 10pt;\"><strong><span style=\"font-family: georgia, palatino, serif; font-size: 12pt;\">Deli gigante de comida<\/span><br \/>\n<\/strong><span style=\"font-family: georgia,palatino; color: #000000;\"> Direcci\u00f3n f\u00edsica: 203 West Main St<br \/>\nTel\u00e9fono comercial: 270-265-2456<br \/>\nArt\u00edculos a la venta: comestibles, art\u00edculos para el hogar, pizza, platos delicatessen, s\u00e1ndwiches, ensaladas<\/span><\/span><\/p>\n<p><span style=\"font-family: georgia, palatino; color: #000000; font-size: 10pt;\"><span style=\"font-size: 12pt;\"><strong>Hampton&#039;s Dairy Mart<\/strong><\/span><br \/>\nEmpresa familiar abierta desde 1960<br \/>\nDirecci\u00f3n f\u00edsica: 528 West Main Street<br \/>\nTel\u00e9fono comercial: 270-265-2011<br \/>\nArt\u00edculos a la venta: hamburguesas, papas fritas, s\u00e1ndwiches, pizzas, s\u00e1ndwiches varios, bebidas, batidos, sundaes, etc.<\/span><\/p>\n<p><span style=\"font-family: georgia, palatino; color: #000000; font-size: 12pt;\"><strong>Barra de refrescos L&amp;R<\/strong><\/span><br \/>\n<span style=\"font-family: georgia, palatino; color: #000000; font-size: 10pt;\"> Direcci\u00f3n F\u00edsica: Plaza P\u00fablica 22<\/span><br \/>\n<span style=\"font-family: georgia, palatino; color: #000000; font-size: 10pt;\">Art\u00edculos a la venta: Recetas, Tienda de Regalos, Velas, Tarjetas. L&amp;R Soda Bar tiene helados, flotadores, banana splits, brownies, \u00a1todo tipo de postres! S\u00e1ndwiches, sopas, ensaladas y especialidades del d\u00eda.<br \/>\n<strong><a href=\"https:\/\/www.facebook.com\/LRSodaShop\" target=\"_blank\" rel=\"noopener noreferrer\">Pagina de Facebook<\/a><\/strong><\/span><\/p>\n<p><span style=\"font-size: 12pt;\"><strong><span style=\"font-family: georgia, palatino, serif;\">Maxfuel Xpress\/BP Deli<\/span><\/strong><\/span><br \/>\n<span style=\"font-family: georgia, palatino, serif; font-size: 10pt;\"> Direcci\u00f3n f\u00edsica: 207 West Main Street<\/span><br \/>\n<span style=\"font-family: georgia, palatino, serif; font-size: 10pt;\"> Tel\u00e9fono comercial: 270-265-5962<\/span><br \/>\n<span style=\"font-family: georgia, palatino, serif; font-size: 10pt;\"> Art\u00edculos a la venta: tienda de conveniencia, s\u00e1ndwiches de desayuno, Hunt Brothers Pizza y m\u00e1s.<br \/>\n<\/span><strong><span style=\"font-family: georgia, palatino, serif; font-size: 10pt; color: #0000ff;\"><a style=\"color: #0000ff;\" href=\"http:\/\/maxfuel.net\/#\/\" target=\"_blank\" rel=\"noopener noreferrer\">Sitio web\u00a0<\/a>\u00a0<\/span><\/strong><\/p>\n<p><span style=\"font-family: georgia, palatino; color: #000000; font-size: 10pt;\"><span style=\"font-size: 12pt;\"><strong>Subterraneo<\/strong><\/span><br \/>\nDirecci\u00f3n F\u00edsica: Plaza P\u00fablica 20<br \/>\nTel\u00e9fono comercial: 270-265-5929<br \/>\nArt\u00edculos a la venta: Subs, ensaladas, cajas y bandejas para s\u00e1ndwiches.<\/span><\/p>\n<p><strong><span style=\"font-family: georgia, palatino; color: #000000; font-size: 10pt;\">Taqueria La Casita<br \/>\n<\/span><\/strong><span style=\"font-family: georgia, palatino; color: #000000; font-size: 10pt;\"><span style=\"font-size: 10pt;\">Physical Address: 207 East McReynolds\u00a0<\/span><\/span><strong><span style=\"font-family: georgia, palatino; color: #000000; font-size: 10pt;\"><br \/>\n<\/span><\/strong><span style=\"font-family: georgia, palatino; color: #000000; font-size: 10pt;\"><span style=\"font-size: 10pt;\">Business Phone: 270-359-5516<\/span><\/span><strong><span style=\"font-family: georgia, palatino; color: #000000; font-size: 10pt;\"><br \/>\n<\/span><\/strong><span style=\"font-family: georgia, palatino; color: #000000; font-size: 10pt;\"><span style=\"font-size: 10pt;\">Items for sale: Latino Restaurant<\/span><\/span><\/p>\n<p><span style=\"font-family: georgia, palatino; color: #000000; font-size: 10pt;\"><span style=\"font-size: 12pt;\"><strong>La pizzer\u00eda<\/strong><\/span><br \/>\nDirecci\u00f3n F\u00edsica: Plaza P\u00fablica 14<br \/>\nTel\u00e9fono comercial: 270-265-5859<br \/>\nArt\u00edculos a la venta: Pizza para llevar y delivery, s\u00e1ndwiches.<br \/>\n<strong><span style=\"color: #0000ff;\"><a style=\"color: #0000ff;\" href=\"https:\/\/www.facebook.com\/thepizzaplace14\" target=\"_blank\" rel=\"noopener\">Pagina de Facebook<\/a><\/span><\/strong><\/span><\/p>\n<p><span style=\"font-family: georgia, palatino, serif; color: #000000;\"><em><strong><span style=\"font-size: 18pt;\">Servicios<\/span><\/strong><\/em><\/span><br \/>\n<span style=\"font-family: georgia, palatino, serif; color: #000000;\"><em><strong>(Llame a cada ubicaci\u00f3n para conocer el horario comercial)<\/strong><\/em><\/span><\/p>\n<p><span style=\"font-family: georgia, palatino; color: #000000; font-size: 12pt;\"><strong>Haley hazlo mejor hardware<\/strong><\/span><br \/>\n<span style=\"font-size: 10pt;\"> <span style=\"font-family: georgia,palatino; color: #000000;\">Direcci\u00f3n f\u00edsica: 206 E Main Street<br \/>\nHorario de atenci\u00f3n: lunes a s\u00e1bado<br \/>\nTel\u00e9fono comercial: 270-265-5619<\/span><span style=\"font-family: georgia,palatino; color: #000000;\"><br \/>\nSitio web: <span style=\"color: #0000ff;\"><strong><a href=\"http:\/\/www.doitbest.com\/Main.aspx?memberId=2708&amp;associate=true\" target=\"_blank\" rel=\"noopener noreferrer\">Haley hazlo mejor hardware<\/a><\/strong><\/span><\/span><\/span><\/p>\n<p><span style=\"font-size: 12pt;\"><strong><span style=\"font-family: georgia,palatino; color: #000000;\">Cuidado a largo plazo de Hearthstone Place<\/span><\/strong><\/span><br \/>\n<span style=\"font-family: georgia, palatino; color: #000000; font-size: 10pt;\"> Direcci\u00f3n f\u00edsica: 506 Allensville Street<br \/>\nTel\u00e9fono comercial: 270.265.5321<br \/>\nSitio web: <span style=\"color: #0000ff;\"><strong><a href=\"http:\/\/www.bolster-jeffries.com\/\" target=\"_blank\" rel=\"noopener noreferrer\">Bolster-Jeffries.com<\/a><br \/>\n<a style=\"color: #0000ff;\" href=\"https:\/\/www.facebook.com\/Hearthstone-Place-Long-Term-Care-112230793774475\" target=\"_blank\" rel=\"noopener\">Pagina de Facebook<\/a><\/strong><\/span><\/span><\/p>\n<p><span style=\"font-family: georgia, palatino; color: #000000; font-size: 10pt;\"><span style=\"font-size: 12pt;\"><strong>Centro de servicio de Kinney<\/strong><\/span><br \/>\nEmpresa familiar desde 1965<br \/>\nDirecci\u00f3n f\u00edsica: 506 West Main Street<br \/>\nTel\u00e9fono comercial: 270-265-5219<br \/>\nServicio: Llame para citas o personas sin cita previa. Mantenimiento de autom\u00f3viles y detalle de autom\u00f3viles. Propietario\/operador de David Miller.<\/span><\/p>\n<p><span style=\"font-family: georgia, palatino; color: #000000; font-size: 10pt;\"><span style=\"font-size: 12pt;\"><strong>Funeraria Latham<\/strong><\/span><br \/>\nDirecci\u00f3n f\u00edsica: 413 East Main Street<br \/>\nSitio web: <span style=\"color: #0000ff;\"><strong><a href=\"http:\/\/www.lathamfuneralhome.com\/\">www.lathamfuneralhome.com<\/a><\/strong><\/span><\/span><\/p>\n<p><span style=\"font-family: georgia, palatino; color: #000000; font-size: 10pt;\"><span style=\"font-size: 12pt;\"><strong>Peluquer\u00eda canina Prim &amp; Pupper<\/strong><\/span><br \/>\nDirecci\u00f3n f\u00edsica: 106 S Main Street<br \/>\nTel\u00e9fono comercial: 270-883-2675<br \/>\nDescripci\u00f3n: Peluquer\u00eda de animales de compa\u00f1\u00eda. Por favor llame para una cita.\u00a0<\/span><\/p>\n<p><span style=\"font-family: georgia, palatino; color: #000000; font-size: 10pt;\"><span style=\"font-size: 12pt;\"><strong>Quality Office Products<\/strong><\/span><br \/>\nPhysical Address: 809-A South Main Street<br \/>\nBusiness Phone: 270-604-5200<br \/>\nDescription: Color copies, black &amp; white copies, business cards, flyers, door hangers, yard signs, banners, 2 &amp; 3 part forms, &amp; much more.<\/span><\/p>\n<p><span style=\"font-family: georgia, palatino; color: #000000; font-size: 10pt;\"><span style=\"font-size: 12pt;\"><strong>Impresi\u00f3n web de calidad<\/strong><\/span><br \/>\nDirecci\u00f3n f\u00edsica: 101 Commerce Street<br \/>\nTel\u00e9fono comercial: 270-265-0118 o sin cargo al 877-220-9446<br \/>\nSitio web: <span style=\"color: #0000ff;\"><strong><a href=\"http:\/\/www.qualitywebprinting.net\/\" target=\"_blank\" rel=\"noopener noreferrer\">calidadwebprinting.net<\/a><\/strong><\/span><\/span><\/p>\n<p><span style=\"font-family: georgia, palatino; color: #000000; font-size: 10pt;\"><span style=\"font-size: 12pt;\"><strong>Funeraria del condado de Todd<\/strong><\/span><br \/>\nDirecci\u00f3n f\u00edsica: 402 East Main Street<br \/>\nSitio web: <span style=\"color: #0000ff;\"><strong><a href=\"http:\/\/www.toddcountyfuneralhome.com\/\">www.toddcountyfuneralhome.com<\/a><\/strong><\/span><\/span><\/p>\n<p><span style=\"font-family: georgia, palatino; color: #000000; font-size: 10pt;\"><span style=\"font-size: 12pt;\"><strong>Biblioteca p\u00fablica del condado de Todd<\/strong><\/span><br \/>\nDirecci\u00f3n f\u00edsica: 302 East Main Street<br \/>\nHorario comercial: lunes a 9:00 a. m. a 7:00 p. m.; martes, jueves y viernes de 9:00 a. m. a 5:00 p. m.; mi\u00e9rcoles-9:00 am-2:00 pm; S\u00e1bado-9:00 a.m.-1:00 p.m.<br \/>\nTel\u00e9fono comercial: 270-265-9071<br \/>\nCorreo electr\u00f3nico: toddcountyof@bellsouth.net<br \/>\nVenta de 400 Millas: Libros, cintas, v\u00eddeos, monitores de computadora antiguos, rompecabezas, CD, ropa, zapatos, juguetes, figuritas, etc.<\/span><\/p>\n<p><span style=\"font-family: georgia, palatino; color: #000000; font-size: 10pt;\"><span style=\"font-size: 12pt;\"><strong>Peri\u00f3dico est\u00e1ndar del condado de Todd<\/strong><\/span><br \/>\nDirecci\u00f3n f\u00edsica: Plaza P\u00fablica 41<br \/>\nTel\u00e9fono comercial: 270-265-2439<br \/>\nSitio web:<span style=\"color: #0000ff;\"><strong> <a href=\"http:\/\/tcstandard.com\/\" target=\"_blank\" rel=\"noopener noreferrer\">Est\u00e1ndar del condado de Todd<\/a><\/strong><\/span><\/span><\/p>\n<p><span style=\"font-family: georgia, palatino; color: #000000; font-size: 10pt;\"><span style=\"font-size: 12pt;\"><strong>Las drogas del clima<\/strong><\/span><br \/>\nEn funcionamiento desde 1875<br \/>\nDirecci\u00f3n F\u00edsica: Plaza P\u00fablica 22<br \/>\nArt\u00edculos a la venta: Recetas, Tienda de Regalos, Velas, Tarjetas y M\u00e1s.<br \/>\n<span style=\"color: #0000ff;\"><strong><a style=\"color: #0000ff;\" href=\"https:\/\/www.facebook.com\/weathersdrugs1875\" target=\"_blank\" rel=\"noopener noreferrer\">Pagina de Facebook<\/a><\/strong><\/span><\/span><\/p>\n<p><span style=\"font-size: 14pt;\"><em><strong><span style=\"font-family: georgia,palatino; color: #000000;\">INMUEBLES y SUBASTA<\/span><\/strong><\/em><\/span><\/p>\n<p><span style=\"font-family: georgia, palatino; color: #000000; font-size: 10pt;\"><span style=\"font-size: 12pt;\"><strong>Bienes ra\u00edces y subastas en el Medio Sur<\/strong><\/span><br \/>\nDirecci\u00f3n F\u00edsica: Plaza P\u00fablica 62<br \/>\nTel\u00e9fono comercial: 270-265-0333<\/span><\/p>\n<p><span style=\"font-family: georgia, palatino; color: #000000; font-size: 10pt;\"><span style=\"font-size: 12pt;\"><strong>Power Real Estate y Subasta<\/strong><\/span><br \/>\nDirecci\u00f3n f\u00edsica: 201 S. Main St.<br \/>\nTel\u00e9fono comercial: 270-265-5067<\/span><\/p>\n<p><span style=\"font-size: 14pt;\"><em><strong><span style=\"font-family: georgia, palatino; color: #000000;\">BANCOS<\/span><\/strong><\/em><\/span><\/p>\n<p><span style=\"font-family: georgia, palatino; color: #000000; font-size: 10pt;\"><span style=\"font-size: 12pt;\"><strong>Elkton Bank y Trust Co.<\/strong><\/span><br \/>\nDirecci\u00f3n F\u00edsica: Plaza P\u00fablica<br \/>\nTel\u00e9fono comercial: 270-265-9841<br \/>\nSitio web: <span style=\"color: #0000ff;\"><strong><a href=\"http:\/\/www.elktonbankandtrust.com\/\"><span style=\"color: #0000ff;\">http:\/\/www.elktonbankandtrust.com<\/span><\/a><\/strong><\/span><\/span><\/p>\n<p><span style=\"font-size: 10pt;\"><span style=\"font-family: georgia,palatino; color: #000000;\"><strong>Primer banco financiero<\/strong><\/span><span style=\"font-family: georgia,palatino; color: #000000;\"><br \/>\nDirecci\u00f3n f\u00edsica: 536 W. Main St<\/span><span style=\"font-family: georgia,palatino; color: #000000;\"><br \/>\nTel\u00e9fono comercial: 270-265-5628<\/span><span style=\"font-family: georgia,palatino; color: #000000;\"><br \/>\nSitio web: <span style=\"color: #0000ff;\"><strong><a href=\"https:\/\/www.first-online.bank\/store-locator\/elkton-west-main-street-office\/\" target=\"_blank\" rel=\"noopener\"><span style=\"color: #0000ff;\">http:\/\/first.online.bank<\/span><\/a><\/strong><\/span><\/span><\/span><\/p>\n<p><span style=\"font-family: georgia, palatino; color: #000000; font-size: 10pt;\"><strong>Banco Unido del Sur<\/strong><br \/>\nDirecci\u00f3n f\u00edsica: 808 S. Main St<br \/>\nTel\u00e9fono comercial: 270-265-2585<br \/>\nSitio web: <span style=\"color: #0000ff;\"><strong><a href=\"http:\/\/www.usbky.com\/\"><span style=\"color: #0000ff;\">http:\/\/www.usbky.com\/<\/span><\/a><\/strong><\/span><\/span><\/p>\n<p>&nbsp;<\/p>","protected":false},"excerpt":{"rendered":"<p>&nbsp; Shopping (Please call each location for business hours) Coffman Lighting and&#8230;<br \/><a class=\"moretag\" href=\"https:\/\/elktonky.com\/es\/elkton-businesses\/\">Leer m\u00e1s &quot;<\/a><\/p>","protected":false},"author":1,"featured_media":232,"parent":0,"menu_order":0,"comment_status":"open","ping_status":"open","template":"","meta":{"_price":"","_stock":"","_tribe_ticket_header":"","_tribe_default_ticket_provider":"TEC\\Tickets\\Commerce\\Module","_tribe_ticket_capacity":"0","_ticket_start_date":"","_ticket_end_date":"","_tribe_ticket_show_description":"","_tribe_ticket_show_not_going":false,"_tribe_ticket_use_global_stock":"","_tribe_ticket_global_stock_level":"","_global_stock_mode":"","_global_stock_cap":"","_tribe_rsvp_for_event":"","_tribe_ticket_going_count":"","_tribe_ticket_not_going_count":"","_tribe_tickets_list":"[]","_tribe_ticket_has_attendee_info_fields":false,"footnotes":"","_tec_slr_enabled":"","_tec_slr_layout":""},"class_list":["post-182","page","type-page","status-publish","has-post-thumbnail","hentry"],"ams_acf":[],"ticketed":false,"_links":{"self":[{"href":"https:\/\/elktonky.com\/es\/wp-json\/wp\/v2\/pages\/182","targetHints":{"allow":["GET"]}}],"collection":[{"href":"https:\/\/elktonky.com\/es\/wp-json\/wp\/v2\/pages"}],"about":[{"href":"https:\/\/elktonky.com\/es\/wp-json\/wp\/v2\/types\/page"}],"author":[{"embeddable":true,"href":"https:\/\/elktonky.com\/es\/wp-json\/wp\/v2\/users\/1"}],"replies":[{"embeddable":true,"href":"https:\/\/elktonky.com\/es\/wp-json\/wp\/v2\/comments?post=182"}],"version-history":[{"count":13,"href":"https:\/\/elktonky.com\/es\/wp-json\/wp\/v2\/pages\/182\/revisions"}],"predecessor-version":[{"id":10912,"href":"https:\/\/elktonky.com\/es\/wp-json\/wp\/v2\/pages\/182\/revisions\/10912"}],"wp:featuredmedia":[{"embeddable":true,"href":"https:\/\/elktonky.com\/es\/wp-json\/wp\/v2\/media\/232"}],"wp:attachment":[{"href":"https:\/\/elktonky.com\/es\/wp-json\/wp\/v2\/media?parent=182"}],"curies":[{"name":"wp","href":"https:\/\/api.w.org\/{rel}","templated":true}]}}