{"id":2110,"date":"2015-12-22T15:47:11","date_gmt":"2015-12-22T21:47:11","guid":{"rendered":"https:\/\/elktonky.com\/?page_id=2110"},"modified":"2015-12-22T15:47:11","modified_gmt":"2015-12-22T21:47:11","slug":"streets","status":"publish","type":"page","link":"https:\/\/elktonky.com\/es\/departments-2\/streets\/","title":{"rendered":"calles"},"content":{"rendered":"<p><span style=\"font-family: georgia, palatino, serif; font-size: 10pt;\">La ciudad de Elkton mantiene varias calles de propiedad y mantenimiento de la ciudad en los l\u00edmites de la ciudad de Elkton.  Tambi\u00e9n hay algunas otras calles en los l\u00edmites de la ciudad que pertenecen y son mantenidas por el estado o el condado.  Un ejemplo de algunas carreteras mantenidas por el estado incluye la autopista 181 norte y sur (calle principal norte y sur) y la autopista 68 comercial este y oeste (calle principal este y oeste).<\/span><\/p>\n<p><span style=\"font-size: 10pt; font-family: georgia, palatino, serif;\">La ciudad prepar\u00f3 recientemente pautas para la remoci\u00f3n de nieve de las calles mantenidas por la ciudad.  La ciudad tiene recursos limitados para quitar la nieve, pero har\u00e1 todo lo posible para despejar las calles de la ciudad seg\u00fan estas pautas descritas en el<strong> Plan de remoci\u00f3n de nieve<\/strong> abajo. \u00a0<\/span><\/p>\n<p><span style=\"font-family: georgia, palatino, serif; font-size: 10pt;\">La ciudad tambi\u00e9n prepar\u00f3 recientemente directrices para la recogida de maleza para dejar claro a los ciudadanos el proceso que se seguir\u00e1 para ayudar a los ciudadanos a retirar las ramas peque\u00f1as y la maleza.  Ver el <strong>Pautas para recoger el cepillo<\/strong> abajo.<\/span><\/p>\n<p>&nbsp;<\/p>\n<p><strong><span style=\"font-family: georgia, palatino, serif; font-size: 12pt;\">Pautas para recoger el cepillo<\/span><\/strong><\/p>\n<p><span style=\"font-family: georgia, palatino, serif; font-size: 10pt;\">Despu\u00e9s de las fuertes nevadas y el hielo del invierno, el Departamento de Servicios P\u00fablicos de Elkton comenz\u00f3 a recoger ramas, como un favor a los propietarios.  Deseamos felicitar a los trabajadores por su amabilidad. La recogida de maleza no ha sido un servicio autorizado ofrecido por la ciudad de Elkton, pero nos gustar\u00eda ayudar a nuestros ciudadanos tanto como podamos. Para lograrlo, el Ayuntamiento y el Departamento de Servicios P\u00fablicos deben establecer pautas para brindarle un mejor servicio y establecer expectativas realistas para la recogida de maleza dados nuestros recursos limitados.<\/span><\/p>\n<p><span style=\"font-family: georgia, palatino, serif; font-size: 10pt;\"><strong>PAUTAS:<\/strong><\/span><\/p>\n<ol>\n<li><span style=\"font-family: georgia, palatino, serif; font-size: 10pt;\">Si contrata a un profesional para limpiar su propiedad de \u00e1rboles o arbustos, haga arreglos con el profesional para que se encargue de los escombros como parte del trato. La ciudad <strong>no es<\/strong> tener el equipo o la mano de obra para manejar grandes montones de maleza, ramas pesadas, cepellones o troncos.<\/span><\/li>\n<li><span style=\"font-family: georgia, palatino, serif; font-size: 10pt;\">Los montones de maleza deben ser manejables. Ate las ramas o cepille con cuerdas o cordeles, de no m\u00e1s de 6 pies ni m\u00e1s de 2 pies. El peso no debe exceder las 40 libras. Por ejemplo, los bultos deben caber en la caja de una camioneta y ser manejados f\u00e1cilmente por una sola persona.<\/span><\/li>\n<li><span style=\"font-family: georgia, palatino, serif; font-size: 10pt;\">Es necesario embolsar las ramas, ramitas o enredaderas m\u00e1s peque\u00f1as. Si quiere ser ecol\u00f3gico, utilice bolsas de papel dise\u00f1adas para desechos de jard\u00edn. Estas bolsas se pueden comprar en ferreter\u00edas y normalmente vienen en un paquete de cinco bolsas.<\/span><\/li>\n<li><span style=\"font-family: georgia, palatino, serif; font-size: 10pt;\">No mezcle hojas y cepille. Son dos fotograf\u00edas diferentes. La aspiradora del cami\u00f3n de hojas no puede recoger las ramitas y las ramas y los hombres que cuidan el cepillo no pueden recoger las hojas.<\/span><\/li>\n<li><span style=\"font-family: georgia, palatino, serif; font-size: 10pt;\">Si \u00e1rboles o ramas grandes caen sobre el derecho de paso de la Ciudad, por ejemplo, despu\u00e9s de una tormenta de hielo, el Estado limpiar\u00e1 el derecho de paso en todas las calles principales (State Hwy 181 y US 68\/80) y Allensville Street (State Hwy 181 y US 68\/80). Carretera 102). La Ciudad limpiar\u00e1 todas las dem\u00e1s calles de la ciudad.  Si es de noche, es posible que lo empujen a un lado y regresen durante el d\u00eda para retirarlo.  Llame al Despacho 270.265.2501 o al Ayuntamiento 270.265.9877 (solo en horario comercial) si hay un derecho de paso bloqueado en una de estas calles.<\/span><\/li>\n<\/ol>\n<p><span style=\"font-family: georgia, palatino, serif; font-size: 10pt;\"><strong>Un residente cometer\u00e1 una infracci\u00f3n si:<\/strong><\/span><\/p>\n<ul>\n<li><span style=\"font-family: georgia, palatino, serif; font-size: 10pt;\">La maleza bloquea la vista del tr\u00e1fico de la calle.<\/span><\/li>\n<li><span style=\"font-family: georgia, palatino, serif; font-size: 10pt;\">Los montones de maleza se colocan cerca de los buzones de correo, en los estacionamientos o encima de los medidores de agua.<\/span><\/li>\n<li><span style=\"font-family: georgia, palatino, serif; font-size: 10pt;\">Si el cepillo contiene material que no es cepillo y <strong>no lo har\u00e1<\/strong> ser recogido.<\/span><\/li>\n<li><span style=\"font-family: georgia, palatino, serif; font-size: 10pt;\">Si el matorral contiene troncos, ramas pesadas o cepellones y <strong>no lo har\u00e1<\/strong> ser recogido.<\/span><\/li>\n<li><span style=\"font-family: georgia, palatino, serif; font-size: 10pt;\">Si la pila de maleza es un mont\u00f3n de escombros y <strong>no lo har\u00e1<\/strong> ser elegido<\/span><\/li>\n<\/ul>\n<p>&nbsp;<\/p>\n<p><span style=\"font-family: georgia, palatino, serif; font-size: 10pt;\">Para que recojan su pincel, por favor, <strong>notificar al Ayuntamiento, 270.265.9877<\/strong>. Dejar <strong>Su nombre<\/strong>, a <strong>n\u00famero de tel\u00e9fono durante el d\u00eda<\/strong>, y el <strong>direcci\u00f3n de servicio<\/strong> cuando usted llama. Saber ad\u00f3nde ir ahorra tiempo y gastos.<\/span><\/p>\n<p>&nbsp;<\/p>\n<p>&nbsp;<\/p>\n<p><strong><span style=\"font-family: georgia, palatino, serif; font-size: 12pt;\">Plan de remoci\u00f3n de nieve\u00a0<\/span><\/strong><\/p>\n<p>&nbsp;<\/p>\n<p><span style=\"font-family: georgia, palatino, serif; font-size: 10pt;\">En un esfuerzo por informar a nuestros ciudadanos y priorizar la remoci\u00f3n de nieve en las calles, la ciudad adopta por la presente un plan de remoci\u00f3n de nieve. Nuestra principal prioridad es la seguridad para todos y permitir el acceso al trabajo a nuestros ciudadanos.<\/span><\/p>\n<p><span style=\"font-family: georgia, palatino, serif; font-size: 10pt;\">Las rutas utilizadas por los servicios de emergencia del condado de Todd, el departamento de polic\u00eda de Elkton y el juzgado del condado de Todd son prioridades. En segundo lugar, se limpiar\u00e1n las calles conectoras que permiten a los ciudadanos el mayor acceso a la v\u00eda p\u00fablica. Y en tercer lugar, se limpiar\u00e1n las calles que conectan calles dentro de los barrios.<\/span><br \/>\n<span style=\"font-family: georgia, palatino, serif; font-size: 10pt;\">La remoci\u00f3n de nieve y el control del hielo generalmente comenzar\u00e1n cuando:<\/span><\/p>\n<ul>\n<li><span style=\"font-family: georgia, palatino, serif; font-size: 10pt;\">Acumulaci\u00f3n de nieve de 4\u201d o m\u00e1s.<\/span><\/li>\n<li><span style=\"font-family: georgia, palatino, serif; font-size: 10pt;\">S\u00f3lo cuando las condiciones clim\u00e1ticas no pongan en peligro la seguridad de los empleados y equipos de la ciudad. Los factores que pueden retrasar la remoci\u00f3n de nieve y hielo incluyen fr\u00edo severo, viento significativo y visibilidad limitada.<\/span><\/li>\n<li><span style=\"font-family: georgia, palatino, serif; font-size: 10pt;\">La \u00e9poca de nevadas en relaci\u00f3n con el uso intensivo de las calles. Por ejemplo, si la nevada ocurre durante el fin de semana o un d\u00eda festivo y no se considera una amenaza para la seguridad p\u00fablica, la remoci\u00f3n de nieve y hielo puede realizarse el siguiente d\u00eda laboral normal. Las restricciones presupuestarias tambi\u00e9n pueden retrasar la remoci\u00f3n durante los fines de semana y d\u00edas festivos para mantener las horas extra al m\u00ednimo.<\/span><\/li>\n<li><span style=\"font-family: georgia, palatino, serif; font-size: 10pt;\">Es posible que queden nieve y hielo en las carreteras si se determina que el derretimiento es inminente.<\/span><\/li>\n<\/ul>\n<p><span style=\"font-family: georgia, palatino, serif; font-size: 10pt;\">Tambi\u00e9n solicitamos su ayuda y cooperaci\u00f3n durante la remoci\u00f3n de nieve y hielo y le pedimos que siga estas sencillas sugerencias:<\/span><\/p>\n<ul>\n<li><span style=\"font-family: georgia, palatino, serif; font-size: 10pt;\">Limite los viajes durante las tormentas a los viajes que sean necesarios. Esto permitir\u00e1 que los equipos de carretera despejen las calles de manera m\u00e1s oportuna. Una vez que las carreteras han sido despejadas y\/o saladas, el potencial de accidentes se reduce considerablemente.<\/span><\/li>\n<li><span style=\"font-family: georgia, palatino, serif; font-size: 10pt;\">No retire la nieve del camino de entrada ni camine hacia la carretera. Por favor, apile nieve en su jard\u00edn. Recuerde, usted tambi\u00e9n es responsable de las acciones de su contratista de remoci\u00f3n de nieve.<\/span><\/li>\n<li><span style=\"font-family: georgia, palatino, serif; font-size: 10pt;\">Estacione sus veh\u00edculos en sus entradas y fuera de la carretera o los pasillos.<\/span><\/li>\n<li><span style=\"font-family: georgia, palatino, serif; font-size: 10pt;\">Mantenga las aceras adyacentes a su propiedad libres de nieve y hielo.<\/span><\/li>\n<li><span style=\"font-family: georgia, palatino, serif; font-size: 10pt;\">Recuerde que cuando se retira la nieve de la calle, los quitanieves arrojar\u00e1n la nieve hacia los lados y hacia las entradas de veh\u00edculos. No hay manera de despejar las calles sin este inconveniente. Los quitanieves est\u00e1n dise\u00f1ados para quitar la nieve desde la carretera hasta el borde de la carretera. Los residentes son responsables de retirar la nieve de sus entradas.<\/span><\/li>\n<\/ul>\n<p><span style=\"font-family: georgia, palatino, serif; font-size: 10pt;\">El estado, el condado y la ciudad tienen la responsabilidad de despejar ciertas calles dentro de los l\u00edmites de la ciudad. Las calles que son responsabilidad del estado o condado son las siguientes:<\/span><\/p>\n<ul>\n<li><span style=\"font-family: georgia, palatino, serif; font-size: 10pt;\">Calle principal norte y sur (carretera 181)<\/span><\/li>\n<li><span style=\"font-family: georgia, palatino, serif; font-size: 10pt;\">Calle principal este y oeste (Negocios 68)<\/span><\/li>\n<li><span style=\"font-family: georgia, palatino, serif; font-size: 10pt;\">Calle Allensville (Carretera 104)<\/span><\/li>\n<\/ul>\n<p><span style=\"font-family: georgia, palatino, serif; font-size: 10pt;\">Las siguientes calles ser\u00e1n limpiadas en cooperaci\u00f3n con el condado:<\/span><\/p>\n<ul>\n<li><span style=\"font-family: georgia, palatino, serif; font-size: 10pt;\">Pond River Road (calle de conexi\u00f3n)<\/span><\/li>\n<li><span style=\"font-family: georgia, palatino, serif; font-size: 10pt;\">Elk Fork Road (calle que conecta la industria)<\/span><\/li>\n<li><span style=\"font-family: georgia, palatino, serif; font-size: 10pt;\">Garth Lane (garaje para autobuses y centro de conveniencia)<\/span><\/li>\n<\/ul>\n<p><span style=\"font-family: georgia, palatino, serif; font-size: 10pt;\">La ciudad es responsable de limpiar las calles que han sido adoptadas por la ciudad para mantenimiento. Estas calles ser\u00e1n despejadas en el siguiente orden:<\/span><\/p>\n<p><span style=\"font-family: georgia, palatino, serif; font-size: 10pt;\"><strong>Ruta uno<\/strong><\/span><\/p>\n<ul>\n<li><span style=\"font-family: georgia, palatino, serif; font-size: 10pt;\">Morningside Drive (hogar de ancianos)<\/span><\/li>\n<li><span style=\"font-family: georgia, palatino, serif; font-size: 10pt;\">Avenida Goebel (ruta de emergencia)<\/span><\/li>\n<li><span style=\"font-family: georgia, palatino, serif; font-size: 10pt;\">East Washington Street (palacio de justicia, calle que conecta este oeste)<\/span><\/li>\n<li><span style=\"font-family: georgia, palatino, serif; font-size: 10pt;\">Aparcamiento en plaza p\u00fablica (distrito comercial)<\/span><\/li>\n<li><span style=\"font-family: georgia, palatino, serif; font-size: 10pt;\">Sunset Drive (calle de conexi\u00f3n este sur)<\/span><\/li>\n<li><span style=\"font-family: georgia, palatino, serif; font-size: 10pt;\">Avenida Calles Sur (calle de conexi\u00f3n)<\/span><\/li>\n<li><span style=\"font-family: georgia, palatino, serif; font-size: 10pt;\">College y Marion Street (calle que conecta el vecindario)<\/span><\/li>\n<li><span style=\"font-family: georgia, palatino, serif; font-size: 10pt;\">West McReynolds Drive hasta East McReynolds Drive (departamento de salud y c\u00e1rcel)<\/span><\/li>\n<li><span style=\"font-family: georgia, palatino, serif; font-size: 10pt;\">Dunheath Drive (calle que conecta el vecindario)<\/span><\/li>\n<li><span style=\"font-family: georgia, palatino, serif; font-size: 10pt;\">Howard C<\/span><\/li>\n<\/ul>\n<p><span style=\"font-family: georgia, palatino, serif; font-size: 10pt;\"><strong>Ruta dos<\/strong><\/span><\/p>\n<ul>\n<li><span style=\"font-family: georgia, palatino, serif; font-size: 10pt;\">Don Drive por West Shelby y Bradley Avenue (calle que conecta el vecindario)<\/span><\/li>\n<li><span style=\"font-family: georgia, palatino, serif; font-size: 10pt;\">East Jefferson Street hasta Perry Street (calle que conecta el vecindario)<\/span><\/li>\n<\/ul>","protected":false},"excerpt":{"rendered":"<p>La ciudad de Elkton mantiene varias calles de propiedad y mantenimiento de la ciudad en...<br \/><a class=\"moretag\" href=\"https:\/\/elktonky.com\/es\/departments-2\/streets\/\">Leer m\u00e1s &quot;<\/a><\/p>","protected":false},"author":1,"featured_media":0,"parent":455,"menu_order":0,"comment_status":"closed","ping_status":"closed","template":"","meta":{"_price":"","_stock":"","_tribe_ticket_header":"","_tribe_default_ticket_provider":"","_tribe_ticket_capacity":"0","_ticket_start_date":"","_ticket_end_date":"","_tribe_ticket_show_description":"","_tribe_ticket_show_not_going":false,"_tribe_ticket_use_global_stock":"","_tribe_ticket_global_stock_level":"","_global_stock_mode":"","_global_stock_cap":"","_tribe_rsvp_for_event":"","_tribe_ticket_going_count":"","_tribe_ticket_not_going_count":"","_tribe_tickets_list":"[]","_tribe_ticket_has_attendee_info_fields":false,"footnotes":"","_tec_slr_enabled":"","_tec_slr_layout":""},"class_list":["post-2110","page","type-page","status-publish","hentry"],"ams_acf":[],"ticketed":false,"_links":{"self":[{"href":"https:\/\/elktonky.com\/es\/wp-json\/wp\/v2\/pages\/2110","targetHints":{"allow":["GET"]}}],"collection":[{"href":"https:\/\/elktonky.com\/es\/wp-json\/wp\/v2\/pages"}],"about":[{"href":"https:\/\/elktonky.com\/es\/wp-json\/wp\/v2\/types\/page"}],"author":[{"embeddable":true,"href":"https:\/\/elktonky.com\/es\/wp-json\/wp\/v2\/users\/1"}],"replies":[{"embeddable":true,"href":"https:\/\/elktonky.com\/es\/wp-json\/wp\/v2\/comments?post=2110"}],"version-history":[{"count":0,"href":"https:\/\/elktonky.com\/es\/wp-json\/wp\/v2\/pages\/2110\/revisions"}],"up":[{"embeddable":true,"href":"https:\/\/elktonky.com\/es\/wp-json\/wp\/v2\/pages\/455"}],"wp:attachment":[{"href":"https:\/\/elktonky.com\/es\/wp-json\/wp\/v2\/media?parent=2110"}],"curies":[{"name":"wp","href":"https:\/\/api.w.org\/{rel}","templated":true}]}}