{"id":3527,"date":"2017-09-14T15:23:21","date_gmt":"2017-09-14T21:23:21","guid":{"rendered":"https:\/\/elktonky.com\/?page_id=3527"},"modified":"2025-10-30T13:44:10","modified_gmt":"2025-10-30T18:44:10","slug":"citizencomplaints","status":"publish","type":"page","link":"https:\/\/elktonky.com\/es\/departments-2\/citizencomplaints\/","title":{"rendered":"Quejas Ciudadanas"},"content":{"rendered":"<p><span style=\"font-family: georgia, palatino, serif; font-size: 12pt;\">Este es un medio para que la ciudad de Elkton identifique problemas de pol\u00edticas\/procedimientos de la ciudad y\/o problemas de personal que involucren personal civil o jurado.<\/span><\/p>\n<p><span style=\"font-family: georgia, palatino, serif; font-size: 12pt;\">Si la investigaci\u00f3n sustenta una mala conducta por parte de cualquier miembro de la ciudad o departamento, se tomar\u00e1n medidas disciplinarias o correctivas como se describe en el Manual de pol\u00edticas y personal de la ciudad de Elkton, edici\u00f3n actual; como se especifica en el Estatuto Revisado de Kentucky, la Declaraci\u00f3n de Derechos de los Oficiales de Polic\u00eda; y de acuerdo con las pol\u00edticas departamentales.<\/span><\/p>\n<ol>\n<li><span style=\"font-family: georgia, palatino, serif; font-size: 12pt;\">Todos los formularios de queja deben completarse y enviarse al alcalde.<\/span><\/li>\n<li><span style=\"font-family: georgia, palatino, serif; font-size: 12pt;\">El Alcalde revisar\u00e1 la queja y asignar\u00e1 la investigaci\u00f3n al supervisor de los oficiales\/empleados o al Fiscal Municipal.<\/span><\/li>\n<li><span style=\"font-family: georgia, palatino, serif; font-size: 12pt;\">Se compilar\u00e1n todos los hechos pertinentes a la denuncia y se reunir\u00e1n pruebas.<\/span><\/li>\n<li><span style=\"font-family: georgia, palatino, serif; font-size: 12pt;\">El Fiscal de la Ciudad completar\u00e1 y enviar\u00e1 al Alcalde un informe escrito de los hallazgos.<\/span><\/li>\n<li><span style=\"font-family: georgia, palatino, serif; font-size: 12pt;\">Luego, el alcalde tomar\u00e1 una decisi\u00f3n, que ser\u00e1 definitiva y quedar\u00e1 registrada en el expediente.<\/span><\/li>\n<li><span style=\"font-family: georgia, palatino, serif; font-size: 12pt;\">Se tomar\u00e1 una disposici\u00f3n de la investigaci\u00f3n y se mantendr\u00e1 en el archivo del Ayuntamiento.<\/span><\/li>\n<li><span style=\"font-family: georgia, palatino, serif; font-size: 12pt;\">Se notificar\u00e1 al denunciante el resultado de la investigaci\u00f3n.<\/span><\/li>\n<li><span style=\"font-family: georgia, palatino, serif; font-size: 12pt;\">Si se sostiene una acci\u00f3n por mala conducta, se le puede pedir al denunciante que comparezca en persona para testificar contra los empleados involucrados.<\/span><\/li>\n<\/ol>\n<p><span style=\"color: #0000ff;\"><strong><a style=\"color: #0000ff;\" href=\"https:\/\/elktonky.com\/es\/departments-2\/citizencomplaints\/online-citizen-complaint-form\/\" target=\"_blank\" rel=\"noopener\">Online Citizen Complaint Form<\/a><\/strong><\/span><\/p>\n<p><span style=\"color: #0000ff;\"><strong><a style=\"color: #0000ff;\" href=\"https:\/\/elktonky.com\/wp-content\/uploads\/2021\/03\/CITIZEN-COMPLAINT-REPORT.pdf\" target=\"_blank\" rel=\"noopener\">PDF Citizen Complaint Form<\/a><\/strong><\/span><\/p>","protected":false},"excerpt":{"rendered":"<p>Este es un medio para que la ciudad de Elkton identifique la ciudad...<br \/><a class=\"moretag\" href=\"https:\/\/elktonky.com\/es\/departments-2\/citizencomplaints\/\">Leer m\u00e1s &quot;<\/a><\/p>","protected":false},"author":1,"featured_media":0,"parent":455,"menu_order":0,"comment_status":"closed","ping_status":"closed","template":"","meta":{"_price":"","_stock":"","_tribe_ticket_header":"","_tribe_default_ticket_provider":"TEC\\Tickets\\Commerce\\Module","_tribe_ticket_capacity":"0","_ticket_start_date":"","_ticket_end_date":"","_tribe_ticket_show_description":"","_tribe_ticket_show_not_going":false,"_tribe_ticket_use_global_stock":"","_tribe_ticket_global_stock_level":"","_global_stock_mode":"","_global_stock_cap":"","_tribe_rsvp_for_event":"","_tribe_ticket_going_count":"","_tribe_ticket_not_going_count":"","_tribe_tickets_list":"[]","_tribe_ticket_has_attendee_info_fields":false,"footnotes":"","_tec_slr_enabled":"","_tec_slr_layout":""},"class_list":["post-3527","page","type-page","status-publish","hentry"],"ams_acf":[],"ticketed":false,"_links":{"self":[{"href":"https:\/\/elktonky.com\/es\/wp-json\/wp\/v2\/pages\/3527","targetHints":{"allow":["GET"]}}],"collection":[{"href":"https:\/\/elktonky.com\/es\/wp-json\/wp\/v2\/pages"}],"about":[{"href":"https:\/\/elktonky.com\/es\/wp-json\/wp\/v2\/types\/page"}],"author":[{"embeddable":true,"href":"https:\/\/elktonky.com\/es\/wp-json\/wp\/v2\/users\/1"}],"replies":[{"embeddable":true,"href":"https:\/\/elktonky.com\/es\/wp-json\/wp\/v2\/comments?post=3527"}],"version-history":[{"count":3,"href":"https:\/\/elktonky.com\/es\/wp-json\/wp\/v2\/pages\/3527\/revisions"}],"predecessor-version":[{"id":11862,"href":"https:\/\/elktonky.com\/es\/wp-json\/wp\/v2\/pages\/3527\/revisions\/11862"}],"up":[{"embeddable":true,"href":"https:\/\/elktonky.com\/es\/wp-json\/wp\/v2\/pages\/455"}],"wp:attachment":[{"href":"https:\/\/elktonky.com\/es\/wp-json\/wp\/v2\/media?parent=3527"}],"curies":[{"name":"wp","href":"https:\/\/api.w.org\/{rel}","templated":true}]}}