{"id":371,"date":"2012-09-28T10:41:52","date_gmt":"2012-09-28T16:41:52","guid":{"rendered":"https:\/\/elktonky.com\/?page_id=371"},"modified":"2025-10-13T13:51:15","modified_gmt":"2025-10-13T18:51:15","slug":"christmas-parade","status":"publish","type":"page","link":"https:\/\/elktonky.com\/es\/christmas-parade\/","title":{"rendered":"Desfile de Navidad"},"content":{"rendered":"<p style=\"text-align: center;\"><span style=\"font-size: 14pt;\"><img loading=\"lazy\" decoding=\"async\" class=\"alignnone size-medium wp-image-11381\" src=\"https:\/\/elktonky.com\/wp-content\/uploads\/2025\/01\/Christmas-Parade-300x133.jpg\" alt=\"\" width=\"300\" height=\"133\" srcset=\"https:\/\/elktonky.com\/wp-content\/uploads\/2025\/01\/Christmas-Parade-300x133.jpg 300w, https:\/\/elktonky.com\/wp-content\/uploads\/2025\/01\/Christmas-Parade-768x341.jpg 768w, https:\/\/elktonky.com\/wp-content\/uploads\/2025\/01\/Christmas-Parade-18x8.jpg 18w, https:\/\/elktonky.com\/wp-content\/uploads\/2025\/01\/Christmas-Parade.jpg 900w\" sizes=\"auto, (max-width: 300px) 100vw, 300px\" \/><br \/>\n<strong><br \/>\nElkton&#8217;s Annual Christmas Parade<br \/>\n<\/strong><strong>Saturday, December 13, 2025 at 4:30 PM<\/strong><\/span><\/p>\n<p><span style=\"font-size: 12pt; color: #000000;\"><strong>Pautas de entrada<\/strong><\/span><\/p>\n<p>1) Por favor, abst\u00e9ngase de tener un Pap\u00e1 Noel en su entrada. Pap\u00e1 Noel ya est\u00e1 reservado para este Desfile.<br \/>\n2) Solicitud de recogida\/devoluci\u00f3n en el Centro de bienvenida en Public Square, env\u00edela por correo a la ciudad de Elkton, PO Box 578, Elkton, KY 42220 o puede presentar la solicitud en l\u00ednea en www.elktonky.com, devu\u00e9lvala a la direcci\u00f3n anterior antes del viernes. , 1 de diciembre de 2023.<br \/>\n3) Llame a Charlotte Myers al Centro de bienvenida al 270-265-7070 o env\u00ede un correo electr\u00f3nico a bienvenidocenter@elktonky.com para obtener m\u00e1s informaci\u00f3n.<br \/>\n4) Set up at Todd Central High School begins at 2:30 p.m. Please be at the High School no later than 3:00 pm to line-up! Parade leaves the parking lot at 4:30 p.m. No entry numbers will be assigned, lineup as you arrive.<br \/>\n5) Ruta: salga de TCCHS, vaya hacia el norte por la autopista 181 hasta Public Square, salga de la plaza por W. Main St., luego puede desembolsar a la izquierda por S. Streets Ave para regresar a la escuela secundaria, a la derecha hasta Community House o recto. a la Escuela Media.<br \/>\n6) Fotograf\u00edas y visita a Pap\u00e1 Noel en el Centro de bienvenida del hist\u00f3rico Palacio de Justicia de 1835, 1 Public Square, despu\u00e9s del desfile, que incluye bolsas de regalos gratuitas patrocinadas por BR Knuckles Insurance y refrigerios para llevar a casa.<br \/>\n7) Visite sus negocios locales para Navidad en Elkton durante todo el d\u00eda. Muchos tendr\u00e1n refrigerios gratis y especiales navide\u00f1os solo por &quot;Navidad en Elkton&quot;.<\/p>\n<p><span style=\"font-size: 12pt; color: #000000;\"><strong><span style=\"font-family: georgia, palatino, serif;\">Nota: \u00a1No hay tarifa para participar en el desfile! Adem\u00e1s, aseg\u00farese de que su carroza tenga carteles en cada lado que identifiquen qui\u00e9n es usted.<\/span><\/strong><\/span><\/p>\n<p><span style=\"color: #ff0000;\"><a style=\"color: #ff0000;\" href=\"https:\/\/elktonky.com\/wp-content\/uploads\/2025\/10\/2025-Christmas-Parade-Registration-Form.pdf\">2025 Christmas Parade Registration Form<\/a><\/span><\/p>","protected":false},"excerpt":{"rendered":"<p>Elkton&#8217;s Annual Christmas Parade Saturday, December 13, 2025 at 4:30 PM Entry&#8230;<br \/><a class=\"moretag\" href=\"https:\/\/elktonky.com\/es\/christmas-parade\/\">Leer m\u00e1s &quot;<\/a><\/p>","protected":false},"author":1,"featured_media":0,"parent":0,"menu_order":0,"comment_status":"open","ping_status":"open","template":"","meta":{"_price":"","_stock":"","_tribe_ticket_header":"","_tribe_default_ticket_provider":"TEC\\Tickets\\Commerce\\Module","_tribe_ticket_capacity":"0","_ticket_start_date":"","_ticket_end_date":"","_tribe_ticket_show_description":"","_tribe_ticket_show_not_going":false,"_tribe_ticket_use_global_stock":"","_tribe_ticket_global_stock_level":"","_global_stock_mode":"","_global_stock_cap":"","_tribe_rsvp_for_event":"","_tribe_ticket_going_count":"","_tribe_ticket_not_going_count":"","_tribe_tickets_list":"[]","_tribe_ticket_has_attendee_info_fields":false,"footnotes":"","_tec_slr_enabled":"","_tec_slr_layout":""},"class_list":["post-371","page","type-page","status-publish","hentry"],"ams_acf":[],"ticketed":false,"_links":{"self":[{"href":"https:\/\/elktonky.com\/es\/wp-json\/wp\/v2\/pages\/371","targetHints":{"allow":["GET"]}}],"collection":[{"href":"https:\/\/elktonky.com\/es\/wp-json\/wp\/v2\/pages"}],"about":[{"href":"https:\/\/elktonky.com\/es\/wp-json\/wp\/v2\/types\/page"}],"author":[{"embeddable":true,"href":"https:\/\/elktonky.com\/es\/wp-json\/wp\/v2\/users\/1"}],"replies":[{"embeddable":true,"href":"https:\/\/elktonky.com\/es\/wp-json\/wp\/v2\/comments?post=371"}],"version-history":[{"count":19,"href":"https:\/\/elktonky.com\/es\/wp-json\/wp\/v2\/pages\/371\/revisions"}],"predecessor-version":[{"id":11845,"href":"https:\/\/elktonky.com\/es\/wp-json\/wp\/v2\/pages\/371\/revisions\/11845"}],"wp:attachment":[{"href":"https:\/\/elktonky.com\/es\/wp-json\/wp\/v2\/media?parent=371"}],"curies":[{"name":"wp","href":"https:\/\/api.w.org\/{rel}","templated":true}]}}