{"id":4629,"date":"2018-12-19T09:27:01","date_gmt":"2018-12-19T15:27:01","guid":{"rendered":"https:\/\/elktonky.com\/?page_id=4629"},"modified":"2024-05-21T15:32:08","modified_gmt":"2024-05-21T20:32:08","slug":"forms","status":"publish","type":"page","link":"https:\/\/elktonky.com\/es\/forms\/","title":{"rendered":"Formularios"},"content":{"rendered":"<p>&nbsp;<\/p>\r\n<p>&nbsp;<\/p>\r\n<p>&nbsp;<\/p>\r\n<table class=\"wp-block-table\" style=\"width: 45.0657%; height: 839px;\">\r\n<tbody>\r\n<tr style=\"height: 53px;\">\r\n<td style=\"height: 53px; width: 100%;\">\r\n<p><span style=\"font-size: 14pt;\"><strong><span style=\"font-family: georgia, palatino, serif;\">Empleo<\/span> <\/strong><\/span><\/p>\r\n<\/td>\r\n<\/tr>\r\n<tr style=\"height: 21px;\">\r\n<td style=\"height: 21px; width: 100%;\">\r\n<ul>\r\n<li><span style=\"color: #0000ff; font-family: georgia, palatino, serif;\"><a style=\"color: #0000ff;\" href=\"https:\/\/elktonky.com\/wp-content\/uploads\/2020\/10\/Elkton-Application-for-Employment-General.pdf\" target=\"_blank\" rel=\"noopener noreferrer\">Solicitud de Empleo Gobierno General<\/a><\/span><\/li>\r\n<\/ul>\r\n<\/td>\r\n<\/tr>\r\n<tr style=\"height: 21px;\">\r\n<td style=\"height: 21px; width: 100%;\">\r\n<ul>\r\n<li><span style=\"color: #0000ff; font-family: georgia, palatino, serif; font-size: 12pt;\"><a style=\"color: #0000ff;\" href=\"https:\/\/elktonky.com\/wp-content\/uploads\/2016\/04\/Fire-Department-Volunteer-Application-CURRENT.pdf\" target=\"_blank\" rel=\"noopener noreferrer\">Solicitud de voluntariado del Departamento de Bomberos<\/a><\/span><\/li>\r\n<\/ul>\r\n<\/td>\r\n<\/tr>\r\n<tr style=\"height: 21px;\">\r\n<td style=\"height: 21px; width: 100%;\">\r\n<ul>\r\n<li><span style=\"color: #0000ff; font-family: georgia, palatino, serif;\"><a style=\"color: #0000ff;\" href=\"https:\/\/elktonky.com\/wp-content\/uploads\/2020\/05\/Police-Department-Application-CURRENT.pdf\" target=\"_blank\" rel=\"noopener noreferrer\">Solicitud de Empleo Departamento de Polic\u00eda<\/a><\/span><\/li>\r\n<\/ul>\r\n<\/td>\r\n<\/tr>\r\n<tr style=\"height: 21px;\">\r\n<td style=\"height: 21px; width: 100%;\">\u00a0<\/td>\r\n<\/tr>\r\n<tr style=\"height: 76px;\">\r\n<td style=\"height: 76px; width: 100%;\">\r\n<p><span style=\"font-family: georgia, palatino, serif; font-size: 14pt;\"><strong>Licencia Ocupacional<\/strong><\/span><br \/><span style=\"font-family: georgia, palatino, serif; font-size: 10pt;\">Para obtener m\u00e1s detalles sobre la informaci\u00f3n de la licencia ocupacional, visite el <strong><span style=\"color: #0000ff;\"><a style=\"color: #0000ff;\" href=\"https:\/\/elktonky.com\/es\/occupational-licenses\/\" target=\"_blank\" rel=\"noopener noreferrer\">P\u00e1gina de licencia ocupacional<\/a>.<\/span><\/strong><\/span><\/p>\r\n<\/td>\r\n<\/tr>\r\n<tr style=\"height: 21px;\">\r\n<td style=\"height: 21px; width: 100%;\">\r\n<ul>\r\n<li><span style=\"font-family: georgia, palatino, serif; color: #0000ff; font-size: 12pt;\"><a style=\"color: #0000ff;\" href=\"https:\/\/elktonky.com\/wp-content\/uploads\/2023\/08\/Application-for-New-Business-License.pdf\" target=\"_blank\" rel=\"noopener\">Solicitud de Licencia de Nuevo Negocio<\/a><\/span><\/li>\r\n<\/ul>\r\n<\/td>\r\n<\/tr>\r\n<tr style=\"height: 21px;\">\r\n<td style=\"height: 21px; width: 100%;\">\r\n<ul>\r\n<li><span style=\"font-family: georgia, palatino, serif; color: #0000ff; font-size: 12pt;\"><a style=\"color: #0000ff;\" href=\"https:\/\/elktonky.com\/wp-content\/uploads\/2017\/12\/Occupational-License-Tax-Return-Instructions.pdf\" target=\"_blank\" rel=\"noopener noreferrer\">Declaraci\u00f3n de impuestos e instrucciones de licencia ocupacional<\/a><\/span><\/li>\r\n<\/ul>\r\n<\/td>\r\n<\/tr>\r\n<tr style=\"height: 21px;\">\r\n<td style=\"height: 21px; width: 100%;\">\r\n<ul>\r\n<li><span style=\"color: #0000ff; font-family: georgia, palatino, serif;\"><a style=\"color: #0000ff;\" href=\"https:\/\/elktonky.com\/wp-content\/uploads\/2020\/05\/Application-for-Extension-of-Time-to-File-Occupational-License-Tax-Return-1.pdf\" target=\"_blank\" rel=\"noopener noreferrer\">Solicitud de Pr\u00f3rroga para Presentar la Declaraci\u00f3n de Impuestos de Licencia Ocupacional<\/a><\/span><\/li>\r\n<\/ul>\r\n<\/td>\r\n<\/tr>\r\n<tr style=\"height: 21px;\">\r\n<td style=\"height: 21px; width: 100%;\">\r\n<ul>\r\n<li><span style=\"font-family: georgia, palatino, serif; color: #0000ff; font-size: 12pt;\"><a style=\"color: #0000ff;\" href=\"https:\/\/elktonky.com\/wp-content\/uploads\/2012\/08\/Request-to-Close-Business-License-Account.pdf\" target=\"_blank\" rel=\"noopener noreferrer\">Solicitud para cerrar cuenta de licencia comercial<\/a><\/span><\/li>\r\n<\/ul>\r\n<\/td>\r\n<\/tr>\r\n<tr style=\"height: 21px;\">\r\n<td style=\"height: 21px; width: 100%;\">\r\n<ul>\r\n<li><span style=\"font-family: georgia, palatino, serif; color: #0000ff; font-size: 12pt;\"><a style=\"color: #0000ff;\" href=\"https:\/\/elktonky.com\/wp-content\/uploads\/2012\/08\/Employers-Quarterly-Return-of-License-Fee-Withheld.pdf\" target=\"_blank\" rel=\"noopener noreferrer\">Declaraci\u00f3n trimestral del empleador sobre la tarifa de licencia retenida<\/a><\/span><\/li>\r\n<\/ul>\r\n<\/td>\r\n<\/tr>\r\n<tr style=\"height: 21px;\">\r\n<td style=\"height: 21px; width: 100%;\">\r\n<ul>\r\n<li><span style=\"font-family: georgia, palatino, serif; color: #0000ff; font-size: 12pt;\"><a style=\"color: #0000ff;\" href=\"https:\/\/elktonky.com\/wp-content\/uploads\/2012\/08\/Annual-Reconciliation.pdf\" target=\"_blank\" rel=\"noopener noreferrer\">Conciliaci\u00f3n Anual<\/a><\/span><\/li>\r\n<\/ul>\r\n<\/td>\r\n<\/tr>\r\n<tr>\r\n<td style=\"width: 100%;\">\r\n<ul>\r\n<li><span style=\"color: #0000ff;\"><a style=\"color: #0000ff;\" href=\"https:\/\/elktonky.com\/wp-content\/uploads\/2023\/08\/Occupational-License-Tax-on-Gross-Wages-and-Compensation-for-Annual-Filers.pdf\" target=\"_blank\" rel=\"noopener\">Impuesto de Licencia Ocupacional sobre Salarios Brutos y Compensaci\u00f3n para Declarantes Anuales<\/a><\/span><\/li>\r\n<\/ul>\r\n<\/td>\r\n<\/tr>\r\n<tr style=\"height: 21px;\">\r\n<td style=\"height: 21px; width: 100%;\">\r\n<ul>\r\n<li><span style=\"color: #0000ff; font-family: georgia, palatino, serif;\"><a style=\"color: #0000ff;\" href=\"https:\/\/elktonky.com\/wp-content\/uploads\/2020\/05\/Statement-and-Transmittal-of-Nonemployee-Compensation-1.pdf\" target=\"_blank\" rel=\"noopener noreferrer\">Declaraci\u00f3n y transmisi\u00f3n de compensaci\u00f3n para no empleados<\/a><\/span><\/li>\r\n<\/ul>\r\n<\/td>\r\n<\/tr>\r\n<tr style=\"height: 21px;\">\r\n<td style=\"height: 21px; width: 100%;\">\r\n<ul>\r\n<li><span style=\"font-family: georgia, palatino, serif; color: #0000ff; font-size: 12pt;\"><a style=\"color: #0000ff;\" href=\"https:\/\/elktonky.com\/wp-content\/uploads\/2017\/12\/Elkton-Business-Checklist.pdf\" target=\"_blank\" rel=\"noopener noreferrer\">Lista de verificaci\u00f3n e informaci\u00f3n de formularios de licencia ocupacional <\/a><\/span><\/li>\r\n<\/ul>\r\n<\/td>\r\n<\/tr>\r\n<tr style=\"height: 21px;\">\r\n<td style=\"height: 21px; width: 100%;\">\u00a0<\/td>\r\n<\/tr>\r\n<tr style=\"height: 21px;\">\r\n<td style=\"height: 21px; width: 100%;\">\u00a0<\/td>\r\n<\/tr>\r\n<tr style=\"height: 100px;\">\r\n<td style=\"height: 100px; width: 100%;\">\r\n<p><span style=\"font-family: georgia, palatino, serif; font-size: 14pt;\"><strong>Planificaci\u00f3n y Zonificaci\u00f3n<\/strong><\/span><br \/><span style=\"font-size: 10pt; font-family: georgia, palatino, serif;\">Para obtener m\u00e1s detalles sobre planificaci\u00f3n y zonificaci\u00f3n y qu\u00e9 formularios utilizar, visite el <strong><span style=\"color: #0000ff;\"><a style=\"color: #0000ff;\" href=\"https:\/\/elktonky.com\/es\/planning-and-zoning\/\" target=\"_blank\" rel=\"noreferrer noopener\" aria-label=\"Planificaci\u00f3n y zonificaci\u00f3n Para obtener m\u00e1s detalles sobre planificaci\u00f3n y zonificaci\u00f3n y qu\u00e9 formularios utilizar, visite la p\u00e1gina de planificaci\u00f3n y zonificaci\u00f3n. (se abre en una nueva pesta\u00f1a)\"><strong>P\u00e1gina de Planificaci\u00f3n y Zonificaci\u00f3n.<\/strong><\/a><\/span><\/strong><\/span><\/p>\r\n<\/td>\r\n<\/tr>\r\n<tr style=\"height: 21px;\">\r\n<td style=\"height: 21px; width: 100%;\">\r\n<ul>\r\n<li><span style=\"color: #0000ff;\"><a style=\"color: #0000ff;\" href=\"https:\/\/elktonky.com\/wp-content\/uploads\/2024\/05\/Zoning-Permit-Application.pdf\" target=\"_blank\" rel=\"noopener\">Solicitud de permiso de zonificaci\u00f3n<\/a><\/span><\/li>\r\n<\/ul>\r\n<\/td>\r\n<\/tr>\r\n<tr style=\"height: 21px;\">\r\n<td style=\"height: 21px; width: 100%;\">\r\n<ul>\r\n<li><span style=\"font-family: georgia, palatino, serif; color: #0000ff; font-size: 12pt;\"><a style=\"color: #0000ff;\" href=\"https:\/\/elktonky.com\/wp-content\/uploads\/2012\/08\/Request-for-Dimensional-Variance-Application1.pdf\" target=\"_blank\" rel=\"noopener noreferrer\">Solicitud de solicitud de variaci\u00f3n dimensional<\/a><\/span><\/li>\r\n<\/ul>\r\n<\/td>\r\n<\/tr>\r\n<tr style=\"height: 21px;\">\r\n<td style=\"height: 21px; width: 100%;\">\r\n<ul>\r\n<li><span style=\"font-family: georgia, palatino, serif; color: #0000ff; font-size: 12pt;\"><a style=\"color: #0000ff;\" href=\"https:\/\/elktonky.com\/wp-content\/uploads\/2012\/08\/Request-for-Conditional-Use-Permit-Application1.pdf\" target=\"_blank\" rel=\"noopener noreferrer\">Solicitud de Solicitud de Permiso de Uso Condicional<\/a><\/span><\/li>\r\n<\/ul>\r\n<\/td>\r\n<\/tr>\r\n<tr style=\"height: 21px;\">\r\n<td style=\"height: 21px; width: 100%;\">\r\n<ul>\r\n<li><span style=\"font-family: georgia, palatino, serif; color: #0000ff; font-size: 12pt;\"><a style=\"color: #0000ff;\" href=\"https:\/\/elktonky.com\/wp-content\/uploads\/2012\/08\/Application-Zoning-Map-or-Text-Amendment1.pdf\" target=\"_blank\" rel=\"noopener noreferrer\">Solicitud de mapa de zonificaci\u00f3n o enmienda de texto<\/a><\/span><\/li>\r\n<\/ul>\r\n<\/td>\r\n<\/tr>\r\n<tr style=\"height: 21px;\">\r\n<td style=\"height: 21px; width: 100%;\">\u00a0<\/td>\r\n<\/tr>\r\n<tr style=\"height: 53px;\">\r\n<td style=\"height: 53px; width: 100%;\">\r\n<p><span style=\"color: #000000; font-family: georgia, palatino, serif; font-size: 14pt;\"><strong>Formularios e informaci\u00f3n ABC<\/strong><\/span><\/p>\r\n<\/td>\r\n<\/tr>\r\n<tr style=\"height: 21px;\">\r\n<td style=\"height: 21px; width: 100%;\">\r\n<ul>\r\n<li><span style=\"color: #0000ff; font-size: 12pt; font-family: georgia, palatino, serif;\"><a style=\"color: #0000ff;\" href=\"https:\/\/elktonky.com\/wp-content\/uploads\/2019\/08\/2019-12-ALCOHOL-FINAL.pdf\" target=\"_blank\" rel=\"noopener noreferrer\">Ordenanza Municipal 2019-12 Control de Bebidas Alcoh\u00f3licas<\/a><\/span><\/li>\r\n<\/ul>\r\n<\/td>\r\n<\/tr>\r\n<tr style=\"height: 21px;\">\r\n<td style=\"height: 21px; width: 100%;\">\r\n<ul>\r\n<li><span style=\"font-family: georgia, palatino, serif; color: #0000ff; font-size: 12pt;\"><a style=\"color: #0000ff;\" href=\"https:\/\/elktonky.com\/wp-content\/uploads\/2019\/07\/Elkton-ABC-Application.pdf\">Solicitud de licencia ABC de Elkton<\/a><\/span><\/li>\r\n<\/ul>\r\n<\/td>\r\n<\/tr>\r\n<tr style=\"height: 21px;\">\r\n<td style=\"height: 21px; width: 100%;\">\r\n<ul>\r\n<li><span style=\"color: #0000ff; font-size: 12pt; font-family: georgia, palatino, serif;\"><a style=\"color: #0000ff;\" href=\"https:\/\/elktonky.com\/wp-content\/uploads\/2019\/07\/HOW-TO-APPLY-FOR-ABC-LICENSE-IN-ELKTON.pdf\" target=\"_blank\" rel=\"noopener noreferrer\">C\u00f3mo solicitar una licencia ABC en Elkton<\/a><\/span><\/li>\r\n<\/ul>\r\n<\/td>\r\n<\/tr>\r\n<tr style=\"height: 21px;\">\r\n<td style=\"height: 21px; width: 100%;\">\r\n<ul>\r\n<li><span style=\"font-family: georgia, palatino, serif; color: #0000ff; font-size: 12pt;\"><a style=\"color: #0000ff;\" href=\"https:\/\/elktonky.com\/wp-content\/uploads\/2019\/12\/Monthly-ABC-Regulatory-License-Fee-Report.pdf\">Informe mensual de tarifas de licencia regulatoria ABC<\/a><\/span><\/li>\r\n<\/ul>\r\n<\/td>\r\n<\/tr>\r\n<tr style=\"height: 53px;\">\r\n<td style=\"height: 53px; width: 100%;\">\r\n<p>&nbsp;<\/p>\r\n<p><span style=\"font-size: 14pt;\"><strong><span style=\"font-family: georgia, palatino, serif;\">Otros formularios y aplicaciones<\/span><\/strong><\/span><\/p>\r\n<\/td>\r\n<\/tr>\r\n<tr style=\"height: 21px;\">\r\n<td style=\"height: 21px; width: 100%;\">\r\n<ul>\r\n<li><span style=\"color: #0000ff; font-family: georgia, palatino, serif; font-size: 12pt;\"><a style=\"color: #0000ff;\" href=\"https:\/\/elktonky.com\/wp-content\/uploads\/2018\/12\/Demolition-Permit-Application-1.pdf\" target=\"_blank\" rel=\"noopener noreferrer\">Solicitud de permiso de demolici\u00f3n<\/a><br \/><\/span><\/li>\r\n<\/ul>\r\n<p>&nbsp;<\/p>\r\n<ul>\r\n<li><span style=\"color: #0000ff; font-family: georgia, palatino, serif;\"><a style=\"color: #0000ff;\" href=\"https:\/\/elktonky.com\/wp-content\/uploads\/2021\/12\/2021_Standardized_Open_Records_Request_Form_V3-2.pdf\" target=\"_blank\" rel=\"noopener\">Formulario de solicitud de registros abiertos estandarizados<\/a><\/span><\/li>\r\n<\/ul>\r\n<\/td>\r\n<\/tr>\r\n<\/tbody>\r\n<\/table>\r\n<p>&nbsp;<\/p>\r\n<p>&nbsp;<\/p>\r\n<p>&nbsp;<\/p>\r\n<p><!--more--><\/p>","protected":false},"excerpt":{"rendered":"<p>&nbsp; &nbsp; &nbsp; Solicitud de Empleo Solicitud de Empleo Gobierno General Solicitud de Bomberos\u2026<br \/><a class=\"moretag\" href=\"https:\/\/elktonky.com\/es\/forms\/\">Leer m\u00e1s &quot;<\/a><\/p>","protected":false},"author":1,"featured_media":0,"parent":0,"menu_order":0,"comment_status":"closed","ping_status":"closed","template":"","meta":{"_price":"","_stock":"","_tribe_ticket_header":"","_tribe_default_ticket_provider":"TEC\\Tickets\\Commerce\\Module","_tribe_ticket_capacity":"0","_ticket_start_date":"","_ticket_end_date":"","_tribe_ticket_show_description":"","_tribe_ticket_show_not_going":false,"_tribe_ticket_use_global_stock":"","_tribe_ticket_global_stock_level":"","_global_stock_mode":"","_global_stock_cap":"","_tribe_rsvp_for_event":"","_tribe_ticket_going_count":"","_tribe_ticket_not_going_count":"","_tribe_tickets_list":"[]","_tribe_ticket_has_attendee_info_fields":false,"footnotes":"","_tec_slr_enabled":"","_tec_slr_layout":""},"class_list":["post-4629","page","type-page","status-publish","hentry"],"ams_acf":[],"ticketed":false,"_links":{"self":[{"href":"https:\/\/elktonky.com\/es\/wp-json\/wp\/v2\/pages\/4629","targetHints":{"allow":["GET"]}}],"collection":[{"href":"https:\/\/elktonky.com\/es\/wp-json\/wp\/v2\/pages"}],"about":[{"href":"https:\/\/elktonky.com\/es\/wp-json\/wp\/v2\/types\/page"}],"author":[{"embeddable":true,"href":"https:\/\/elktonky.com\/es\/wp-json\/wp\/v2\/users\/1"}],"replies":[{"embeddable":true,"href":"https:\/\/elktonky.com\/es\/wp-json\/wp\/v2\/comments?post=4629"}],"version-history":[{"count":21,"href":"https:\/\/elktonky.com\/es\/wp-json\/wp\/v2\/pages\/4629\/revisions"}],"predecessor-version":[{"id":10996,"href":"https:\/\/elktonky.com\/es\/wp-json\/wp\/v2\/pages\/4629\/revisions\/10996"}],"wp:attachment":[{"href":"https:\/\/elktonky.com\/es\/wp-json\/wp\/v2\/media?parent=4629"}],"curies":[{"name":"wp","href":"https:\/\/api.w.org\/{rel}","templated":true}]}}