{"id":6764,"date":"2020-10-02T17:36:50","date_gmt":"2020-10-02T22:36:50","guid":{"rendered":"https:\/\/elktonky.com\/?page_id=6764"},"modified":"2021-11-02T15:15:11","modified_gmt":"2021-11-02T20:15:11","slug":"imagination-library","status":"publish","type":"page","link":"https:\/\/elktonky.com\/es\/departments-2\/imagination-library\/","title":{"rendered":"Biblioteca de imaginaci\u00f3n"},"content":{"rendered":"<p><img loading=\"lazy\" decoding=\"async\" class=\"size-medium wp-image-8304 aligncenter\" src=\"https:\/\/elktonky.com\/wp-content\/uploads\/2021\/11\/Copy-of-Imagination-Library-Logo-300x300.png\" alt=\"\" width=\"300\" height=\"300\" srcset=\"https:\/\/elktonky.com\/wp-content\/uploads\/2021\/11\/Copy-of-Imagination-Library-Logo-300x300.png 300w, https:\/\/elktonky.com\/wp-content\/uploads\/2021\/11\/Copy-of-Imagination-Library-Logo-1024x1024.png 1024w, https:\/\/elktonky.com\/wp-content\/uploads\/2021\/11\/Copy-of-Imagination-Library-Logo-150x150.png 150w, https:\/\/elktonky.com\/wp-content\/uploads\/2021\/11\/Copy-of-Imagination-Library-Logo-768x768.png 768w, https:\/\/elktonky.com\/wp-content\/uploads\/2021\/11\/Copy-of-Imagination-Library-Logo-220x220.png 220w, https:\/\/elktonky.com\/wp-content\/uploads\/2021\/11\/Copy-of-Imagination-Library-Logo.png 1350w\" sizes=\"auto, (max-width: 300px) 100vw, 300px\" \/><\/p>\n<p>En 2020, la ciudad de Elkton estableci\u00f3 un programa de Biblioteca de Imaginaci\u00f3n para los residentes de la ciudad. M\u00e1s tarde ese a\u00f1o, el programa tuvo tanto \u00e9xito que se ampli\u00f3 a todos los residentes del condado de Todd, Kentucky, y ahora el programa lo administra la biblioteca del condado de Todd.<\/p>\n<p><strong>\u00bfQu\u00e9 es?<\/strong><br \/>\nCada mes, se enviar\u00e1 por correo un libro nuevo, cuidadosamente seleccionado, a nombre de su hijo, directamente a su casa. El primer libro es siempre el cl\u00e1sico infantil La peque\u00f1a locomotora que pudo\u2122. \u00a1Lo mejor de todo es que es un REGALO GRATUITO para su hijo a trav\u00e9s de la biblioteca del condado de Todd y los donantes que ayudan a patrocinar el programa del condado! <strong>No hay ning\u00fan costo ni obligaci\u00f3n para su familia.<\/strong><\/p>\n<p><strong>\u00bfQuien es elegible?<\/strong><br \/>\nNi\u00f1os menores de cinco a\u00f1os que residen en el condado de Todd, Kentucky.<\/p>\n<p><strong>\u00bfCu\u00e1les son mis responsabilidades?<\/strong><br \/>\n1. Ser residente del condado de Todd.<br \/>\n2. Presentar un formulario de registro oficial, completamente llenado por el adulto autorizado.<br \/>\n3. Notifique a Imagination Library cada vez que cambie su direcci\u00f3n. Los libros se env\u00edan por correo a la direcci\u00f3n que figura en la cuenta.<br \/>\n4. \u00a1Lea con su hijo y divi\u00e9rtase!<\/p>\n<p><strong>\u00bfCu\u00e1ndo recibir\u00e9 libros?<\/strong><br \/>\nUna vez que se haya confirmado la residencia del ni\u00f1o en el condado de Todd, los libros comenzar\u00e1n a llegar en ocho a diez semanas y continuar\u00e1n hasta que su hijo cumpla cinco a\u00f1os o usted se mude fuera del condado de Todd.<\/p>\n<p><strong>C\u00f3mo registrarse:<\/strong><br \/>\n1. Puede registrarse en l\u00ednea siguiendo el enlace a <span style=\"color: #0000ff;\"><a style=\"color: #0000ff;\" href=\"https:\/\/imaginationlibrary.com\/\" target=\"_blank\" rel=\"noopener noreferrer\">www.imaginationlibrary.com<\/a><\/span>. Haga clic en el bot\u00f3n &quot;Verificar disponibilidad&quot; debajo de &quot;\u00bfPuede mi hijo registrarse?&quot; (aproximadamente en el medio de la p\u00e1gina) y responda todas las preguntas.<br \/>\n2. O comun\u00edquese con el<span style=\"color: #0000ff;\"><span style=\"color: #000000;\">\u00a0Biblioteca del condado de Todd ubicada en 302 E Main St, Elkton, KY 42220, por tel\u00e9fono al 270-265-9071.<\/span><\/span><\/p>","protected":false},"excerpt":{"rendered":"<p>En 2020, la ciudad de Elkton estableci\u00f3 un programa de Biblioteca de Imaginaci\u00f3n para...<br \/><a class=\"moretag\" href=\"https:\/\/elktonky.com\/es\/departments-2\/imagination-library\/\">Leer m\u00e1s &quot;<\/a><\/p>","protected":false},"author":8,"featured_media":0,"parent":455,"menu_order":0,"comment_status":"closed","ping_status":"closed","template":"","meta":{"_price":"","_stock":"","_tribe_ticket_header":"","_tribe_default_ticket_provider":"","_tribe_ticket_capacity":"0","_ticket_start_date":"","_ticket_end_date":"","_tribe_ticket_show_description":"","_tribe_ticket_show_not_going":false,"_tribe_ticket_use_global_stock":"","_tribe_ticket_global_stock_level":"","_global_stock_mode":"","_global_stock_cap":"","_tribe_rsvp_for_event":"","_tribe_ticket_going_count":"","_tribe_ticket_not_going_count":"","_tribe_tickets_list":"[]","_tribe_ticket_has_attendee_info_fields":false,"footnotes":"","_tec_slr_enabled":"","_tec_slr_layout":""},"class_list":["post-6764","page","type-page","status-publish","hentry"],"ams_acf":[],"ticketed":false,"_links":{"self":[{"href":"https:\/\/elktonky.com\/es\/wp-json\/wp\/v2\/pages\/6764","targetHints":{"allow":["GET"]}}],"collection":[{"href":"https:\/\/elktonky.com\/es\/wp-json\/wp\/v2\/pages"}],"about":[{"href":"https:\/\/elktonky.com\/es\/wp-json\/wp\/v2\/types\/page"}],"author":[{"embeddable":true,"href":"https:\/\/elktonky.com\/es\/wp-json\/wp\/v2\/users\/8"}],"replies":[{"embeddable":true,"href":"https:\/\/elktonky.com\/es\/wp-json\/wp\/v2\/comments?post=6764"}],"version-history":[{"count":5,"href":"https:\/\/elktonky.com\/es\/wp-json\/wp\/v2\/pages\/6764\/revisions"}],"predecessor-version":[{"id":8305,"href":"https:\/\/elktonky.com\/es\/wp-json\/wp\/v2\/pages\/6764\/revisions\/8305"}],"up":[{"embeddable":true,"href":"https:\/\/elktonky.com\/es\/wp-json\/wp\/v2\/pages\/455"}],"wp:attachment":[{"href":"https:\/\/elktonky.com\/es\/wp-json\/wp\/v2\/media?parent=6764"}],"curies":[{"name":"wp","href":"https:\/\/api.w.org\/{rel}","templated":true}]}}