{"id":684,"date":"2016-02-27T09:44:20","date_gmt":"2016-02-27T15:44:20","guid":{"rendered":"https:\/\/elktonky.com\/?page_id=684"},"modified":"2025-02-06T13:50:54","modified_gmt":"2025-02-06T19:50:54","slug":"400-mile-sale","status":"publish","type":"page","link":"https:\/\/elktonky.com\/es\/400-mile-sale\/","title":{"rendered":"Venta de 400 millas"},"content":{"rendered":"<p>&nbsp;<\/p>\n<h4><span style=\"font-size: 14pt;\"><em><strong>Venta de 400 millas y <\/strong><\/em><\/span><span style=\"font-size: large; font-family: georgia,palatino;\"><i><b>D\u00edas de venta de garaje en Elkton<\/b><\/i><\/span><\/h4>\n<p><span style=\"font-family: georgia, palatino; font-size: 12pt;\">Hundreds of yard sales, food vendors, and antique shops will participate in Kentucky&#8217;s annual 4-day yard-sale event along Highway 68 and 80 the first weekend in June.\u00a0 This year&#8217;s event will be held Thursday,\u00a0 June 5th through Sunday, June 8th, 2025 and also includes Highway 641 off of Hwy 68 and includes the towns of Paris and Puryear, Tennessee and Hazel and Murray, Kentucky.<\/span><\/p>\n<p><span style=\"color: #000000; font-family: georgia, palatino; font-size: 12pt;\">Elkton, Kentucky volver\u00e1 a ser sede <em><strong>D\u00cdAS DE VENTA DE GARAJE<\/strong><\/em> en conjunto con la Venta de 400 Millas. Cada a\u00f1o, se realizan cerca de 30 o m\u00e1s ventas de garaje en la ciudad durante la venta de cuatro d\u00edas y todas informaron haber vendido una gran cantidad de cosas.<\/span><span style=\"color: #000000; font-family: georgia, palatino; font-size: 12pt;\">y pas\u00e1ndolo genial. La ciudad de Elkton no cobra el permiso para la venta de garaje durante este evento y la venta de garaje no cuenta para el l\u00edmite anual de cuatro d\u00edas. La lista de las ventas de garaje de Elkton estar\u00e1 disponible en el Ayuntamiento de Elkton, en el Centro de bienvenida en el Palacio de justicia hist\u00f3rico, en nuestra p\u00e1gina de Facebook y en l\u00ednea en esta p\u00e1gina la semana de la venta. Registre su venta de garaje de Elkton en el sitio web 400Mile.com a continuaci\u00f3n y tambi\u00e9n aparecer\u00e1 en la p\u00e1gina principal del evento.\u00a0 <em><strong>If you want to be listed in the Elkton publication, you must register your Yard Sale by Friday, May 23rd.<\/strong><\/em><\/span><\/p>\n<p><span style=\"color: #000000; font-family: georgia, palatino; font-size: 12pt;\">Si tiene alguna pregunta sobre los D\u00cdAS DE VENTA DE JARD\u00cdN, llame al Ayuntamiento de Elkton al 270-265-9877 o env\u00ede un correo electr\u00f3nico. <strong><span style=\"color: #0000ff;\"><a style=\"color: #0000ff;\" href=\"mailto:cityhall@elktonky.com\">cityhall@elktonky.com<\/a>.<\/span><\/strong><\/span><\/p>\n<p><strong><a href=\"https:\/\/www.400mile.com\/yard-sale-submission\" target=\"_blank\" rel=\"noopener\"><em><span style=\"font-size: 18pt; color: #0000ff;\">Registre su venta de garaje en Elkton aqu\u00ed en el sitio web 400Mile.com<\/span><\/em><\/a><\/strong><\/p>\n<p>&nbsp;<\/p>\n<p><span style=\"font-family: georgia, palatino, serif;\">Si desea organizar una <em><strong>Multisitio<\/strong><\/em> y permitir que varias personas se configuren para la Venta de 400 Millas, puede registrar su sitio m\u00faltiple <strong><span style=\"color: #0000ff;\"><a style=\"color: #0000ff;\" href=\"https:\/\/www.400mile.com\/multi-site-submission\" target=\"_blank\" rel=\"noopener\">AQU\u00cd.<\/a>\u00a0<\/span><\/strong><\/span><\/p>\n<p>&nbsp;<\/p>\n<p>&nbsp;<\/p>\n<div>\n<h4><span style=\"font-size: large; font-family: georgia,palatino;\"><i><b>Negocios locales: antig\u00fcedades, regalos, restaurantes<\/b><\/i><\/span><\/h4>\n<p><span style=\"font-family: georgia, palatino; font-size: 12pt;\"><span style=\"color: #000000;\">Muchos de nuestros negocios locales tambi\u00e9n realizan ventas en las aceras y otras promociones especiales durante la Venta de 400 Millas.<\/span><strong><i>\u00a0<span style=\"color: #0000ff;\"> <a style=\"color: #0000ff;\" href=\"https:\/\/elktonky.com\/es\/elkton-businesses\/\" target=\"_blank\" rel=\"noopener noreferrer\">\u00a1Visite nuestra p\u00e1gina de negocios para conocer lugares para visitar y comprar!<\/a><\/span><\/i><\/strong><\/span><\/p>\n<\/div>\n<p>&nbsp;<\/p>\n<p>&nbsp;<\/p>","protected":false},"excerpt":{"rendered":"<p>&nbsp; 400 Mile Sale and Elkton Yard Sale Days Hundreds of yard&#8230;<br \/><a class=\"moretag\" href=\"https:\/\/elktonky.com\/es\/400-mile-sale\/\">Leer m\u00e1s &quot;<\/a><\/p>","protected":false},"author":1,"featured_media":0,"parent":0,"menu_order":0,"comment_status":"open","ping_status":"open","template":"","meta":{"_price":"","_stock":"","_tribe_ticket_header":"","_tribe_default_ticket_provider":"TEC\\Tickets\\Commerce\\Module","_tribe_ticket_capacity":"0","_ticket_start_date":"","_ticket_end_date":"","_tribe_ticket_show_description":"","_tribe_ticket_show_not_going":false,"_tribe_ticket_use_global_stock":"","_tribe_ticket_global_stock_level":"","_global_stock_mode":"","_global_stock_cap":"","_tribe_rsvp_for_event":"","_tribe_ticket_going_count":"","_tribe_ticket_not_going_count":"","_tribe_tickets_list":"[]","_tribe_ticket_has_attendee_info_fields":false,"footnotes":"","_tec_slr_enabled":"","_tec_slr_layout":""},"class_list":["post-684","page","type-page","status-publish","hentry"],"ams_acf":[],"ticketed":false,"_links":{"self":[{"href":"https:\/\/elktonky.com\/es\/wp-json\/wp\/v2\/pages\/684","targetHints":{"allow":["GET"]}}],"collection":[{"href":"https:\/\/elktonky.com\/es\/wp-json\/wp\/v2\/pages"}],"about":[{"href":"https:\/\/elktonky.com\/es\/wp-json\/wp\/v2\/types\/page"}],"author":[{"embeddable":true,"href":"https:\/\/elktonky.com\/es\/wp-json\/wp\/v2\/users\/1"}],"replies":[{"embeddable":true,"href":"https:\/\/elktonky.com\/es\/wp-json\/wp\/v2\/comments?post=684"}],"version-history":[{"count":24,"href":"https:\/\/elktonky.com\/es\/wp-json\/wp\/v2\/pages\/684\/revisions"}],"predecessor-version":[{"id":11394,"href":"https:\/\/elktonky.com\/es\/wp-json\/wp\/v2\/pages\/684\/revisions\/11394"}],"wp:attachment":[{"href":"https:\/\/elktonky.com\/es\/wp-json\/wp\/v2\/media?parent=684"}],"curies":[{"name":"wp","href":"https:\/\/api.w.org\/{rel}","templated":true}]}}