{"id":8715,"date":"2022-03-02T15:38:53","date_gmt":"2022-03-02T21:38:53","guid":{"rendered":"https:\/\/elktonky.com\/?page_id=8715"},"modified":"2025-04-17T14:17:16","modified_gmt":"2025-04-17T19:17:16","slug":"pay-online","status":"publish","type":"page","link":"https:\/\/elktonky.com\/es\/pay-online\/","title":{"rendered":"Paga en linea"},"content":{"rendered":"<h2><\/h2>\n<h2 style=\"text-align: center;\">Welcome to the Online Payment Portals!<\/h2>\n<p>&nbsp;<\/p>\n<p><span style=\"font-size: 14pt; font-family: georgia, palatino, serif;\"><span style=\"color: #0000ff;\"><strong><a style=\"color: #0000ff;\" href=\"https:\/\/elkton.authoritypay.com\/\" target=\"_blank\" rel=\"noopener\">Portal de pago para clientes de Elkton Utilities<\/a> <\/strong><\/span>\u2013 Pago de facturas de servicios p\u00fablicos de Elkton por servicios de agua, alcantarillado y basura <\/span><\/p>\n<p><span style=\"font-size: 12pt; font-family: georgia, palatino, serif;\"><strong>Para realizar pagos en l\u00ednea, necesitar\u00e1 su n\u00famero de cuenta y CID. Esos n\u00fameros est\u00e1n impresos en su factura de Elkton Utilities todos los meses. Tambi\u00e9n necesitar\u00e1 este n\u00famero para realizar pagos por tel\u00e9fono al 1-888-585-6783.\u00a0\u00a0<\/strong><\/span><\/p>\n<p>&nbsp;<\/p>\n<p><span style=\"font-size: 14pt; font-family: georgia, palatino, serif;\"><strong><span style=\"color: #0000ff;\"><a style=\"color: #0000ff;\" href=\"https:\/\/magic.collectorsolutions.com\/magic-ui\/en-US\/Login\/city-of-elkton\" target=\"_blank\" rel=\"noopener\">Portal de pago de la ciudad<\/a> <\/span><\/strong>\u2013 Pago de impuestos sobre la propiedad de la ciudad de Elkton y membres\u00edas del Departamento de Bomberos <\/span><\/p>\n<ul>\n<li><span style=\"font-family: georgia, palatino, serif;\">Para los impuestos municipales sobre la propiedad, necesitar\u00e1 la siguiente informaci\u00f3n de su factura: nombre del propietario, direcci\u00f3n de la propiedad, n\u00famero de factura y a\u00f1o fiscal.<\/span><\/li>\n<li><span style=\"font-family: georgia, palatino, serif;\">Para las membres\u00edas del Departamento de Bomberos, necesitar\u00e1 la siguiente informaci\u00f3n de su factura: nombre del propietario, direcci\u00f3n de la propiedad e identificaci\u00f3n de la parcela.<\/span><\/li>\n<li>For New Business License or Annual Business License Tax you will need the following information- Business name, Mailing Address, Contact, Email, and Phone Number.<\/li>\n<li>For Code Enforcement Fines you will need the following information- Property Owner Name, Property Address, Contact, Email, Phone Number, and Case Number.<\/li>\n<li>For Zoning Permit you will need the following information- Property Owner Name, Property Address, Contact, Email, Phone Number, and Permit Number.<\/li>\n<li>For Development Plan Fee you will need the following information- Property Owner Name, Property Address, Contact, Email, Phone Number, and Invoice Number.<\/li>\n<\/ul>\n<p>&nbsp;<\/p>\n<p><span style=\"font-size: 14pt; font-family: georgia, palatino, serif;\"><strong>Tarifas de conveniencia<\/strong><\/span><\/p>\n<p><span style=\"font-family: georgia, palatino, serif;\"><strong>Pagos de servicios p\u00fablicos de Elkton \u2013 <\/strong>Se agregar\u00e1 una tarifa de conveniencia de $2.25 a todos los pagos realizados con tarjeta de cr\u00e9dito o d\u00e9bito para Elkton Utilities Payments.<\/span><\/p>\n<p><span style=\"font-family: georgia, palatino, serif;\"><b>Pagos de la ciudad (no relacionados con servicios p\u00fablicos) \u2013 <\/b>Se agregar\u00e1 una tarifa de conveniencia de 2.75% m\u00e1s $0.25 a todos los pagos realizados con tarjeta de cr\u00e9dito o d\u00e9bito.<\/span><\/p>\n<p><span style=\"font-family: georgia, palatino, serif;\"><strong>Esta tarifa de conveniencia ser\u00e1 para todos los pagos con tarjeta de d\u00e9bito\/cr\u00e9dito realizados en el Ayuntamiento, en l\u00ednea o por tel\u00e9fono. Esta tarifa cubre el costo que cobran las compa\u00f1\u00edas de tarjetas de cr\u00e9dito para procesar un pago con tarjeta de d\u00e9bito\/cr\u00e9dito y ir\u00e1 directamente a la compa\u00f1\u00eda de la tarjeta de cr\u00e9dito, no a la ciudad.<\/strong><\/span><\/p>\n<p>&nbsp;<\/p>\n<p><span style=\"font-size: 14pt; font-family: georgia, palatino, serif;\"><strong>Opciones de pago gratuitas:<\/strong><\/span><\/p>\n<ul>\n<li><span style=\"font-family: georgia, palatino, serif;\">A\u00fan puede registrarse en el Ayuntamiento para recibir pagos autom\u00e1ticos por giro bancario para Elkton Utilities. Completar la <span style=\"color: #0000ff;\"><a style=\"color: #0000ff;\" href=\"https:\/\/elktonky.com\/wp-content\/uploads\/2022\/04\/ACH-Agreement-Authorization.pdf\" target=\"_blank\" rel=\"noopener\">Autorizaci\u00f3n de Acuerdo de Pago Autom\u00e1tico<\/a><\/span> y los archivos adjuntos requeridos y su pago de Elkton Utilities se debitar\u00e1n autom\u00e1ticamente de su cuenta corriente o de ahorros el d\u00eda 5 de cada mes.<\/span><\/li>\n<li>Tambi\u00e9n puede registrarse para AutoPay utilizando el Portal de pago para clientes de Elkton Utilities. Si utiliza el cheque electr\u00f3nico como opci\u00f3n de pago, no hay ning\u00fan cargo.<\/li>\n<li><strong><span style=\"font-family: georgia, palatino, serif;\">A trav\u00e9s del nuevo Portal del Cliente en l\u00ednea o de la l\u00ednea de pago telef\u00f3nica exclusiva, puede pagar con cheque electr\u00f3nico sin costo alguno.<\/span><\/strong><\/li>\n<li><span style=\"font-family: georgia, palatino, serif;\">A\u00fan podr\u00e1 pagar en efectivo o con cheque en el Ayuntamiento o dejar el pago con cheque en el buz\u00f3n del vest\u00edbulo del Ayuntamiento.<\/span><\/li>\n<\/ul>\n<p>&nbsp;<\/p>","protected":false},"excerpt":{"rendered":"<p>Welcome to the Online Payment Portals! &nbsp; Elkton Utilities Customer Payment Portal&#8230;<br \/><a class=\"moretag\" href=\"https:\/\/elktonky.com\/es\/pay-online\/\">Leer m\u00e1s &quot;<\/a><\/p>","protected":false},"author":1,"featured_media":0,"parent":0,"menu_order":0,"comment_status":"closed","ping_status":"closed","template":"","meta":{"_price":"","_stock":"","_tribe_ticket_header":"","_tribe_default_ticket_provider":"TEC\\Tickets\\Commerce\\Module","_tribe_ticket_capacity":"0","_ticket_start_date":"","_ticket_end_date":"","_tribe_ticket_show_description":"","_tribe_ticket_show_not_going":false,"_tribe_ticket_use_global_stock":"","_tribe_ticket_global_stock_level":"","_global_stock_mode":"","_global_stock_cap":"","_tribe_rsvp_for_event":"","_tribe_ticket_going_count":"","_tribe_ticket_not_going_count":"","_tribe_tickets_list":"[]","_tribe_ticket_has_attendee_info_fields":false,"footnotes":"","_tec_slr_enabled":"","_tec_slr_layout":""},"class_list":["post-8715","page","type-page","status-publish","hentry"],"ams_acf":[],"ticketed":false,"_links":{"self":[{"href":"https:\/\/elktonky.com\/es\/wp-json\/wp\/v2\/pages\/8715","targetHints":{"allow":["GET"]}}],"collection":[{"href":"https:\/\/elktonky.com\/es\/wp-json\/wp\/v2\/pages"}],"about":[{"href":"https:\/\/elktonky.com\/es\/wp-json\/wp\/v2\/types\/page"}],"author":[{"embeddable":true,"href":"https:\/\/elktonky.com\/es\/wp-json\/wp\/v2\/users\/1"}],"replies":[{"embeddable":true,"href":"https:\/\/elktonky.com\/es\/wp-json\/wp\/v2\/comments?post=8715"}],"version-history":[{"count":21,"href":"https:\/\/elktonky.com\/es\/wp-json\/wp\/v2\/pages\/8715\/revisions"}],"predecessor-version":[{"id":11555,"href":"https:\/\/elktonky.com\/es\/wp-json\/wp\/v2\/pages\/8715\/revisions\/11555"}],"wp:attachment":[{"href":"https:\/\/elktonky.com\/es\/wp-json\/wp\/v2\/media?parent=8715"}],"curies":[{"name":"wp","href":"https:\/\/api.w.org\/{rel}","templated":true}]}}